{"id":99,"date":"2013-03-01T17:40:11","date_gmt":"2013-03-01T17:40:11","guid":{"rendered":"http:\/\/108.179.193.181\/~salidaal\/aada\/?page_id=99"},"modified":"2021-09-09T06:12:09","modified_gmt":"2021-09-09T12:12:09","slug":"participe-como-voluntario-en-the-alliance","status":"publish","type":"page","link":"https:\/\/alliancechaffee.org\/espanol\/apoye-a-the-alliance\/participe-como-voluntario-en-the-alliance\/","title":{"rendered":"Participe como voluntario en The Alliance"},"content":{"rendered":"<p>The Alliance es una agencia sin fines de lucro que empodera a las v\u00edctimas de violencia familiar del condado de Chaffee proporcion\u00e1ndoles informaci\u00f3n y servicios de apoyo para que puedan disfrutar una vida sin abusos. En 2017, The Alliance prest\u00f3 servicio a 222 mujeres, hombres y ni\u00f1os brindado servicios esenciales de apoyo, incluidos intervenciones en casos de crisis las 24 horas, alojamiento seguro, planificaci\u00f3n de la seguridad, asistencia financiera, orientaci\u00f3n por compa\u00f1eros, grupos de apoyo, apoyo en los tribunales, \u00f3rdenes de restricci\u00f3n civil, informaci\u00f3n y remisiones.<\/p>\n<p><strong>The Alliance busca personas interesadas en convertirse en defensores voluntarios para responder nuestra l\u00ednea telef\u00f3nica para casos de crisis con atenci\u00f3n las 24 horas. Los voluntarios recibir\u00e1n una capacitaci\u00f3n integral de 20 horas, sin costo alguno, y ser\u00e1n apoyados por el personal de The Alliance durante su servicio.<\/strong><\/p>\n<p><em>Caitlin Hindman: \u201cSer voluntario con The Alliance es constantemente tener presente la fortaleza del esp\u00edritu humano. Las personas que nos contactan solicitando ayuda son mas fuertes de lo que ellas creen. Aqu\u00ed no estamos para salvar a nadie, estamos aq<i>u\u00ed<\/i> para ayudar a estas guerreras y guerreros a salvarse por s<i>\u00ed<\/i> mismos. Eso es un honor.\u201d <\/em><\/p>\n<p style=\"text-align: center;\"><strong>Si desea m\u00e1s informaci\u00f3n llame al 719-539-7347.<\/strong><\/p>\n<div title=\"Page 1\">\n<div>\n<div>\n<p><strong>Descripci\u00f3n laboral de un defensor voluntario<\/strong><\/p>\n<ol>\n<li>Un defensor voluntario estar\u00e1 disponible para atender la l\u00ednea telef\u00f3nica para casos de crisis con atenci\u00f3n las 24 horas al menos un fin de semana por mes.<\/li>\n<li>Cuando el defensor voluntario est\u00e1 de guardia, ser\u00e1 responsable de contestar las llamadas de crisis, reunirse con las v\u00edctimas de violencia familiar o agresi\u00f3n sexual en un lugar seguro y proporcionar alojamiento seguro de emergencia, comida y asistencia financiera a las v\u00edctimas seg\u00fan surja la necesidad.<\/li>\n<li>El defensor voluntario mantendr\u00e1 su calificaci\u00f3n como voluntario de turno asistiendo a las sesiones de capacitaci\u00f3n requeridas y a las reuniones mensuales de voluntarios.<\/li>\n<li>El defensor voluntario registrar\u00e1 todos los contactos que ocurran mientras se encuentre de turno, y presentar\u00e1 la documentaci\u00f3n adecuada al director ejecutivo o al defensor de adultos despu\u00e9s de los periodos en la l\u00ednea telef\u00f3nica para casos de crisis.<\/li>\n<li>El defensor voluntario revisar\u00e1 todos los casos en los que trabaja con el defensor de adultos y\/o con el director ejecutivo despu\u00e9s de los periodos en guardia.<\/li>\n<li>El defensor voluntario mantendr\u00e1 la confidencialidad de todas las v\u00edctimas que reciban servicios de The Alliance.<\/li>\n<li>El defensor voluntario asistir\u00e1 a las reuniones mensuales de defensores y notificar\u00e1 al defensor de adultos o al director ejecutivo si no puede asistir.<\/li>\n<li>El defensor voluntario aceptar\u00e1 brindar sus servicios como voluntario a The Alliance por un m\u00ednimo de un a\u00f1o, y notificar\u00e1 al defensor de adultos o al director ejecutivo si sus circunstancias cambian.<\/li>\n<li>El defensor voluntario contar\u00e1 todas las horas que atienda la l\u00ednea telef\u00f3nica para casos de crisis y firmar\u00e1 el registro de tiempo como voluntario despu\u00e9s de cada periodo de voluntariado.<\/li>\n<\/ol>\n<p>Educaci\u00f3n y capacitaci\u00f3n: Requiere asistir a una capacitaci\u00f3n como defensor voluntario de 20 horas administrada por The Alliance y asistir a todas las sesiones suplementarias presentadas por las agencias colaboradoras y por profesionales.<\/p>\n<\/div>\n<\/div>\n<\/div>\n<ul>\n<li><strong>Informaci\u00f3n sobre voluntariado en The Alliance<\/strong><\/li>\n<li><a href=\"https:\/\/alliancechaffee.org\/espanol\/solicitud-de-defenser-voluntario\/\"><strong>Solicitud de defensor voluntario<\/strong><\/a><\/li>\n<\/ul>\n<p><strong>Las diez razones principales para participar en The Alliance como voluntario<\/strong><\/p>\n<ol>\n<li style=\"list-style-type: none;\">\n<ol>\n<li>Participar activamente en mi comunidad.<\/li>\n<li>Porque la violencia en contra de una mujer o de un hombre perjudica a todas las mujeres y hombres, y porque mi liberaci\u00f3n est\u00e1 conectada con la de ellos.<\/li>\n<li>Ser parte de una organizaci\u00f3n progresiva que continuamente se eval\u00faa ella misma y que eval\u00faa su funci\u00f3n en la comunidad.<\/li>\n<li>Porque la violencia en contra las mujeres y hombres es aceptada en nuestra sociedad, y The Alliance me da opciones para disputar esto y cambiarlo.<\/li>\n<li>\u00a1Porque la capacitaci\u00f3n es tan completa e intensa! No sab\u00eda lo extendido que est\u00e1 este problema, y ahora soy un recurso para mis amigos y familiares.<\/li>\n<li>Para obtener experiencia valiosa en mi trayectoria profesional.<\/li>\n<li>Para compartir mis destrezas con otros.<\/li>\n<li>Para retarme continuamente a fin de ser la persona que quiero ser, generosa, honesta, una pensadora cr\u00edtica y una activista para lograr la justicia social.<\/li>\n<li>Para crecer personalmente y aprender cosas sobre m\u00ed misma que nunca supe.<\/li>\n<li>Para trabajar con otras personas que sienten pasi\u00f3n por crear el cambio y vivir con igualdad.<\/li>\n<\/ol>\n<\/li>\n<\/ol>\n<p><strong>Si desea convertirse en voluntario por una gran causa,\u00a0<a href=\"https:\/\/alliancechaffee.org\/espanol\/contacto\/\">Comun\u00edquese con The Alliance<\/a>\u00a0\u00a1y solicite m\u00e1s informaci\u00f3n sobre las formas en las que puede ayudar!<\/strong><\/p>\n","protected":false},"excerpt":{"rendered":"<p>The Alliance es una agencia sin fines de lucro que empodera a las v\u00edctimas de violencia familiar del condado de Chaffee proporcion\u00e1ndoles informaci\u00f3n y servicios de apoyo para que puedan disfrutar una vida sin abusos. En 2017, The Alliance prest\u00f3 servicio a 222 mujeres, hombres y ni\u00f1os brindado servicios esenciales de apoyo, incluidos intervenciones en &#8230; <a title=\"Participe como voluntario en The Alliance\" class=\"read-more\" href=\"https:\/\/alliancechaffee.org\/espanol\/apoye-a-the-alliance\/participe-como-voluntario-en-the-alliance\/\" aria-label=\"More on Participe como voluntario en The Alliance\">Read more<\/a><\/p>\n","protected":false},"author":3,"featured_media":0,"parent":97,"menu_order":0,"comment_status":"closed","ping_status":"open","template":"","meta":{"jetpack_post_was_ever_published":false,"footnotes":""},"class_list":["post-99","page","type-page","status-publish"],"yoast_head":"<!-- This site is optimized with the Yoast SEO plugin v27.4 - https:\/\/yoast.com\/product\/yoast-seo-wordpress\/ -->\n<title>The Alliance Espanol - Salida, Buena Vista and Poncha Springs Colorado - Participe como voluntario en The Alliance<\/title>\n<meta name=\"description\" content=\"The Alliance proporciona intervenci\u00f3n en casos de crisis y albergue de emergencia. La l\u00ednea directa The Alliance est\u00e1 disponible las 24 horas, los 7 d\u00edas de la semana, 719-539-7347.\" \/>\n<meta name=\"robots\" content=\"index, follow, max-snippet:-1, max-image-preview:large, max-video-preview:-1\" \/>\n<link rel=\"canonical\" href=\"https:\/\/alliancechaffee.org\/espanol\/apoye-a-the-alliance\/participe-como-voluntario-en-the-alliance\/\" \/>\n<meta property=\"og:locale\" content=\"en_US\" \/>\n<meta property=\"og:type\" content=\"article\" \/>\n<meta property=\"og:title\" content=\"The Alliance Espanol - Salida, Buena Vista and Poncha Springs Colorado - Participe como voluntario en The Alliance\" \/>\n<meta property=\"og:description\" content=\"The Alliance proporciona intervenci\u00f3n en casos de crisis y albergue de emergencia. La l\u00ednea directa The Alliance est\u00e1 disponible las 24 horas, los 7 d\u00edas de la semana, 719-539-7347.\" \/>\n<meta property=\"og:url\" content=\"https:\/\/alliancechaffee.org\/espanol\/apoye-a-the-alliance\/participe-como-voluntario-en-the-alliance\/\" \/>\n<meta property=\"og:site_name\" content=\"The Alliance Espanol\" \/>\n<meta property=\"article:modified_time\" content=\"2021-09-09T12:12:09+00:00\" \/>\n<meta name=\"twitter:card\" content=\"summary_large_image\" \/>\n<meta name=\"twitter:label1\" content=\"Est. reading time\" \/>\n\t<meta name=\"twitter:data1\" content=\"4 minutes\" \/>\n<script type=\"application\/ld+json\" class=\"yoast-schema-graph\">{\"@context\":\"https:\\\/\\\/schema.org\",\"@graph\":[{\"@type\":\"WebPage\",\"@id\":\"https:\\\/\\\/alliancechaffee.org\\\/espanol\\\/apoye-a-the-alliance\\\/participe-como-voluntario-en-the-alliance\\\/\",\"url\":\"https:\\\/\\\/alliancechaffee.org\\\/espanol\\\/apoye-a-the-alliance\\\/participe-como-voluntario-en-the-alliance\\\/\",\"name\":\"The Alliance Espanol - Salida, Buena Vista and Poncha Springs Colorado - Participe como voluntario en The Alliance\",\"isPartOf\":{\"@id\":\"https:\\\/\\\/alliancechaffee.org\\\/espanol\\\/#website\"},\"datePublished\":\"2013-03-01T17:40:11+00:00\",\"dateModified\":\"2021-09-09T12:12:09+00:00\",\"description\":\"The Alliance proporciona intervenci\u00f3n en casos de crisis y albergue de emergencia. La l\u00ednea directa The Alliance est\u00e1 disponible las 24 horas, los 7 d\u00edas de la semana, 719-539-7347.\",\"breadcrumb\":{\"@id\":\"https:\\\/\\\/alliancechaffee.org\\\/espanol\\\/apoye-a-the-alliance\\\/participe-como-voluntario-en-the-alliance\\\/#breadcrumb\"},\"inLanguage\":\"en-US\",\"potentialAction\":[{\"@type\":\"ReadAction\",\"target\":[\"https:\\\/\\\/alliancechaffee.org\\\/espanol\\\/apoye-a-the-alliance\\\/participe-como-voluntario-en-the-alliance\\\/\"]}]},{\"@type\":\"BreadcrumbList\",\"@id\":\"https:\\\/\\\/alliancechaffee.org\\\/espanol\\\/apoye-a-the-alliance\\\/participe-como-voluntario-en-the-alliance\\\/#breadcrumb\",\"itemListElement\":[{\"@type\":\"ListItem\",\"position\":1,\"name\":\"Home\",\"item\":\"https:\\\/\\\/alliancechaffee.org\\\/espanol\\\/\"},{\"@type\":\"ListItem\",\"position\":2,\"name\":\"Apoye a The Alliance\",\"item\":\"https:\\\/\\\/alliancechaffee.org\\\/espanol\\\/apoye-a-the-alliance\\\/\"},{\"@type\":\"ListItem\",\"position\":3,\"name\":\"Participe como voluntario en The Alliance\"}]},{\"@type\":\"WebSite\",\"@id\":\"https:\\\/\\\/alliancechaffee.org\\\/espanol\\\/#website\",\"url\":\"https:\\\/\\\/alliancechaffee.org\\\/espanol\\\/\",\"name\":\"The Alliance Espanol\",\"description\":\"Salida, Buena Vista and Poncha Springs Colorado\",\"publisher\":{\"@id\":\"https:\\\/\\\/alliancechaffee.org\\\/espanol\\\/#organization\"},\"potentialAction\":[{\"@type\":\"SearchAction\",\"target\":{\"@type\":\"EntryPoint\",\"urlTemplate\":\"https:\\\/\\\/alliancechaffee.org\\\/espanol\\\/?s={search_term_string}\"},\"query-input\":{\"@type\":\"PropertyValueSpecification\",\"valueRequired\":true,\"valueName\":\"search_term_string\"}}],\"inLanguage\":\"en-US\"},{\"@type\":\"Organization\",\"@id\":\"https:\\\/\\\/alliancechaffee.org\\\/espanol\\\/#organization\",\"name\":\"The Alliance Espanol\",\"url\":\"https:\\\/\\\/alliancechaffee.org\\\/espanol\\\/\",\"logo\":{\"@type\":\"ImageObject\",\"inLanguage\":\"en-US\",\"@id\":\"https:\\\/\\\/alliancechaffee.org\\\/espanol\\\/#\\\/schema\\\/logo\\\/image\\\/\",\"url\":\"https:\\\/\\\/alliancechaffee.org\\\/espanol\\\/wp-content\\\/uploads\\\/2021\\\/05\\\/cropped-Alliance-Chaffee-logo-450-1.png\",\"contentUrl\":\"https:\\\/\\\/alliancechaffee.org\\\/espanol\\\/wp-content\\\/uploads\\\/2021\\\/05\\\/cropped-Alliance-Chaffee-logo-450-1.png\",\"width\":450,\"height\":350,\"caption\":\"The Alliance Espanol\"},\"image\":{\"@id\":\"https:\\\/\\\/alliancechaffee.org\\\/espanol\\\/#\\\/schema\\\/logo\\\/image\\\/\"}}]}<\/script>\n<!-- \/ Yoast SEO plugin. -->","yoast_head_json":{"title":"The Alliance Espanol - Salida, Buena Vista and Poncha Springs Colorado - Participe como voluntario en The Alliance","description":"The Alliance proporciona intervenci\u00f3n en casos de crisis y albergue de emergencia. La l\u00ednea directa The Alliance est\u00e1 disponible las 24 horas, los 7 d\u00edas de la semana, 719-539-7347.","robots":{"index":"index","follow":"follow","max-snippet":"max-snippet:-1","max-image-preview":"max-image-preview:large","max-video-preview":"max-video-preview:-1"},"canonical":"https:\/\/alliancechaffee.org\/espanol\/apoye-a-the-alliance\/participe-como-voluntario-en-the-alliance\/","og_locale":"en_US","og_type":"article","og_title":"The Alliance Espanol - Salida, Buena Vista and Poncha Springs Colorado - Participe como voluntario en The Alliance","og_description":"The Alliance proporciona intervenci\u00f3n en casos de crisis y albergue de emergencia. La l\u00ednea directa The Alliance est\u00e1 disponible las 24 horas, los 7 d\u00edas de la semana, 719-539-7347.","og_url":"https:\/\/alliancechaffee.org\/espanol\/apoye-a-the-alliance\/participe-como-voluntario-en-the-alliance\/","og_site_name":"The Alliance Espanol","article_modified_time":"2021-09-09T12:12:09+00:00","twitter_card":"summary_large_image","twitter_misc":{"Est. reading time":"4 minutes"},"schema":{"@context":"https:\/\/schema.org","@graph":[{"@type":"WebPage","@id":"https:\/\/alliancechaffee.org\/espanol\/apoye-a-the-alliance\/participe-como-voluntario-en-the-alliance\/","url":"https:\/\/alliancechaffee.org\/espanol\/apoye-a-the-alliance\/participe-como-voluntario-en-the-alliance\/","name":"The Alliance Espanol - Salida, Buena Vista and Poncha Springs Colorado - Participe como voluntario en The Alliance","isPartOf":{"@id":"https:\/\/alliancechaffee.org\/espanol\/#website"},"datePublished":"2013-03-01T17:40:11+00:00","dateModified":"2021-09-09T12:12:09+00:00","description":"The Alliance proporciona intervenci\u00f3n en casos de crisis y albergue de emergencia. La l\u00ednea directa The Alliance est\u00e1 disponible las 24 horas, los 7 d\u00edas de la semana, 719-539-7347.","breadcrumb":{"@id":"https:\/\/alliancechaffee.org\/espanol\/apoye-a-the-alliance\/participe-como-voluntario-en-the-alliance\/#breadcrumb"},"inLanguage":"en-US","potentialAction":[{"@type":"ReadAction","target":["https:\/\/alliancechaffee.org\/espanol\/apoye-a-the-alliance\/participe-como-voluntario-en-the-alliance\/"]}]},{"@type":"BreadcrumbList","@id":"https:\/\/alliancechaffee.org\/espanol\/apoye-a-the-alliance\/participe-como-voluntario-en-the-alliance\/#breadcrumb","itemListElement":[{"@type":"ListItem","position":1,"name":"Home","item":"https:\/\/alliancechaffee.org\/espanol\/"},{"@type":"ListItem","position":2,"name":"Apoye a The Alliance","item":"https:\/\/alliancechaffee.org\/espanol\/apoye-a-the-alliance\/"},{"@type":"ListItem","position":3,"name":"Participe como voluntario en The Alliance"}]},{"@type":"WebSite","@id":"https:\/\/alliancechaffee.org\/espanol\/#website","url":"https:\/\/alliancechaffee.org\/espanol\/","name":"The Alliance Espanol","description":"Salida, Buena Vista and Poncha Springs Colorado","publisher":{"@id":"https:\/\/alliancechaffee.org\/espanol\/#organization"},"potentialAction":[{"@type":"SearchAction","target":{"@type":"EntryPoint","urlTemplate":"https:\/\/alliancechaffee.org\/espanol\/?s={search_term_string}"},"query-input":{"@type":"PropertyValueSpecification","valueRequired":true,"valueName":"search_term_string"}}],"inLanguage":"en-US"},{"@type":"Organization","@id":"https:\/\/alliancechaffee.org\/espanol\/#organization","name":"The Alliance Espanol","url":"https:\/\/alliancechaffee.org\/espanol\/","logo":{"@type":"ImageObject","inLanguage":"en-US","@id":"https:\/\/alliancechaffee.org\/espanol\/#\/schema\/logo\/image\/","url":"https:\/\/alliancechaffee.org\/espanol\/wp-content\/uploads\/2021\/05\/cropped-Alliance-Chaffee-logo-450-1.png","contentUrl":"https:\/\/alliancechaffee.org\/espanol\/wp-content\/uploads\/2021\/05\/cropped-Alliance-Chaffee-logo-450-1.png","width":450,"height":350,"caption":"The Alliance Espanol"},"image":{"@id":"https:\/\/alliancechaffee.org\/espanol\/#\/schema\/logo\/image\/"}}]}},"featured_image_src_large":false,"author_info":{"display_name":"Andrea Schulz-Ward","author_link":"https:\/\/alliancechaffee.org\/espanol\/author\/director\/"},"comment_info":0,"taxonomy_info":[],"jetpack_sharing_enabled":true,"jetpack_shortlink":"https:\/\/wp.me\/P9Lsok-1B","_links":{"self":[{"href":"https:\/\/alliancechaffee.org\/espanol\/wp-json\/wp\/v2\/pages\/99","targetHints":{"allow":["GET"]}}],"collection":[{"href":"https:\/\/alliancechaffee.org\/espanol\/wp-json\/wp\/v2\/pages"}],"about":[{"href":"https:\/\/alliancechaffee.org\/espanol\/wp-json\/wp\/v2\/types\/page"}],"author":[{"embeddable":true,"href":"https:\/\/alliancechaffee.org\/espanol\/wp-json\/wp\/v2\/users\/3"}],"replies":[{"embeddable":true,"href":"https:\/\/alliancechaffee.org\/espanol\/wp-json\/wp\/v2\/comments?post=99"}],"version-history":[{"count":1,"href":"https:\/\/alliancechaffee.org\/espanol\/wp-json\/wp\/v2\/pages\/99\/revisions"}],"predecessor-version":[{"id":1130,"href":"https:\/\/alliancechaffee.org\/espanol\/wp-json\/wp\/v2\/pages\/99\/revisions\/1130"}],"up":[{"embeddable":true,"href":"https:\/\/alliancechaffee.org\/espanol\/wp-json\/wp\/v2\/pages\/97"}],"wp:attachment":[{"href":"https:\/\/alliancechaffee.org\/espanol\/wp-json\/wp\/v2\/media?parent=99"}],"curies":[{"name":"wp","href":"https:\/\/api.w.org\/{rel}","templated":true}]}}