{"id":97,"date":"2013-03-01T17:36:13","date_gmt":"2013-03-01T17:36:13","guid":{"rendered":"http:\/\/108.179.193.181\/~salidaal\/aada\/?page_id=97"},"modified":"2021-09-09T06:12:08","modified_gmt":"2021-09-09T12:12:08","slug":"apoye-a-the-alliance","status":"publish","type":"page","link":"https:\/\/alliancechaffee.org\/espanol\/apoye-a-the-alliance\/","title":{"rendered":"Apoye a The Alliance"},"content":{"rendered":"<p>The Alliance es la \u00fanica organizaci\u00f3n en el condado de Chaffee que proporciona un lugar seguro y confidencial en donde las v\u00edctimas reciben asistencia las 24 horas en casos de crisis, orientaci\u00f3n y alojamiento seguro. The Alliance es financiada totalmente por subvenciones federales, estatales y de fundaciones, eventos de recaudaci\u00f3n de fondos y donativos privados.<\/p>\n<p><strong>Formas en las que puede apoyar a The Alliance:<\/strong><\/p>\n<ul>\n<li><a href=\"https:\/\/alliancechaffee.org\/espanol\/apoye-a-the-alliance\/city-markets-electronic-fundraising-program\/\">Inscr\u00edbase en el Programa Electr\u00f3nico de Recaudaci\u00f3n de Fondos CARES de City Market<\/a><\/li>\n<li>Donativos en especie de bienes y servicios<\/li>\n<li>Donativos monetarios<\/li>\n<li><a href=\"https:\/\/alliancechaffee.org\/espanol\/eventos-y-recaudaciones-de-fondos-de-the-alliance\/\">Apoye nuestras actividades de recaudaci\u00f3n de fondos<\/a><\/li>\n<li><a href=\"https:\/\/alliancechaffee.org\/espanol\/apoye-a-the-alliance\/participe-como-voluntario-en-the-alliance\/\">Ceda su tiempo como voluntario<\/a><\/li>\n<\/ul>\n<p>The Alliance siempre se complace de aceptar donativos de art\u00edculos nuevos o ligeramente usados.\u00a0 Sus donativos van directamente a las v\u00edctimas necesitadas.\u00a0 Los siguientes art\u00edculos son particularmente \u00fatiles:Tarjetas de regalo de tiendas de abarrotes (Walmart, Safeway, City Market)<\/p>\n<ul>\n<li>Certificados de regalo para el Mini Golf de Salida<\/li>\n<li>Certificados de regalo para el cine<\/li>\n<li>Tarjetas de regalo para comida r\u00e1pida<\/li>\n<li>Tel\u00e9fonos celulares viejos<\/li>\n<li>Tarjetas telef\u00f3nicas<\/li>\n<li>Tarjetas para gasolina<\/li>\n<li>Art\u00edculos de aseo<\/li>\n<\/ul>\n<p>Muchas gracias por su contribuci\u00f3n a The Alliance.\u00a0 Todos los donativos se usar\u00e1n para asistir a las v\u00edctimas de violencia familiar y de agresi\u00f3n sexual del Condado de Chaffee.<\/p>\n<p>Todas las contribuciones se agradecen profundamente, y ayudar\u00e1n a lograr un cambio en la vida de los miembros de su comunidad, como la siguiente persona:<\/p>\n<p><em><span style=\"color: #333399;\">\u201cFui v\u00edctima de violencia familiar por 18 a\u00f1os. Fui golpeada y sexualmente violada de manera repetida por el hombre al que llamaba mi marido. No ten\u00eda autoestima ni nadie a qui\u00e9n acudir. Iba a morir si no escapaba pronto, y yo lo sab\u00eda. Despu\u00e9s de cuatro horas de tortura, y de estar bajo llave en mi rec\u00e1mara, decid\u00ed que esa iba a ser mi \u00faltima golpiza. La siguiente ma\u00f1ana mi marido se fue a trabajar, esta era mi oportunidad.\u00a0 Agarre a los ni\u00f1os y lo que pude, y manej\u00e9 cuatro horas a Salida. Rent\u00e9 un apartamento, compr\u00e9 el diario local y encontr\u00e9 un anuncio de The Alliance (anteriormente conocida como Alliance Against Domestic Abuse). Llam\u00e9 y nos invitaron a visitarlos. Mis hijos y yo llegamos a un lugar en donde nos sentimos bienvenidos y donde se les permiti\u00f3 expresar sus sentimientos sobre lo que hab\u00edan presenciado. Se me trat\u00f3 con respeto&#8230; Mi recuperaci\u00f3n pod\u00eda comenzar. Gracias a sus grupos de apoyo, asesoramiento por compa\u00f1eros y referencias, The Alliance, me ha dado a m\u00ed y a mis hijos recursos para vivir sin abuso, y nos ha apoyado con nuestras emociones y pruebas en la vida. Finalmente mis hijos se sienten seguros, y tenemos una nueva y maravillosa vida. Muchas gracias The Alliance, \u00a1no lo hubi\u00e9ramos podido lograr sin ustedes\u201d!<br \/>\n-Simplemente firmado, \u201cSobreviviente\u201d<\/span><\/em><\/p>\n<div class=\"sponsor-logo\"><a href=\"http:\/\/www.coltaf.org\/\" target=\"_blank\" rel=\"noopener noreferrer\"><img decoding=\"async\" class=\"aligncenter\" src=\"https:\/\/alliancechaffee.org\/espanol\/wp-content\/uploads\/COLTAF.jpg\" alt=\"Colorado Lawyer Trust Account Foundation\" \/><br \/>\n<\/a><a href=\"http:\/\/www.walmart.com\/\" target=\"_blank\" rel=\"noopener noreferrer\"><img decoding=\"async\" class=\"aligncenter\" src=\"https:\/\/alliancechaffee.org\/espanol\/wp-content\/uploads\/walmart.jpg\" alt=\"Walmart\" \/><\/a><\/div>\n<div class=\"sponsor-logo\"><a href=\"http:\/\/www.chaffee-hhs.org\/\" target=\"_blank\" rel=\"noopener noreferrer\"><img decoding=\"async\" class=\"aligncenter\" src=\"https:\/\/alliancechaffee.org\/espanol\/wp-content\/uploads\/CCC-HHS.jpg\" alt=\"Chaffee HHS\" \/><\/a><\/div>\n<div class=\"sponsor-logo\"><\/div>\n<div class=\"sponsor-logo\" style=\"text-align: center;\"><a href=\"http:\/\/www.colorado.gov\/cdaf\" target=\"_blank\" rel=\"noopener noreferrer\"><img decoding=\"async\" class=\"aligncenter\" src=\"https:\/\/alliancechaffee.org\/espanol\/wp-content\/uploads\/Domestic-Violence.jpg\" alt=\"Domestic Violence Program\" \/><\/a><\/div>\n<div class=\"sponsor-logo\">\n<p style=\"text-align: center;\"><strong>Otorgantes adicionales\u2028<\/strong><br \/>\n11.\u00b0 Distrito Judicial<br \/>\nJunta VALE<br \/>\nDivisi\u00f3n de Justicia Criminal<br \/>\nOficina de Programas para las V\u00edctimas<br \/>\nLey de V\u00edctimas de Delitos (Victims of Crime Act, VOCA)<\/p>\n<\/div>\n","protected":false},"excerpt":{"rendered":"<p>The Alliance es la \u00fanica organizaci\u00f3n en el condado de Chaffee que proporciona un lugar seguro y confidencial en donde las v\u00edctimas reciben asistencia las 24 horas en casos de crisis, orientaci\u00f3n y alojamiento seguro. The Alliance es financiada totalmente por subvenciones federales, estatales y de fundaciones, eventos de recaudaci\u00f3n de fondos y donativos privados. &#8230; <a title=\"Apoye a The Alliance\" class=\"read-more\" href=\"https:\/\/alliancechaffee.org\/espanol\/apoye-a-the-alliance\/\" aria-label=\"More on Apoye a The Alliance\">Read more<\/a><\/p>\n","protected":false},"author":3,"featured_media":0,"parent":0,"menu_order":0,"comment_status":"closed","ping_status":"open","template":"","meta":{"jetpack_post_was_ever_published":false,"footnotes":""},"class_list":["post-97","page","type-page","status-publish"],"yoast_head":"<!-- This site is optimized with the Yoast SEO plugin v27.4 - https:\/\/yoast.com\/product\/yoast-seo-wordpress\/ -->\n<title>The Alliance Espanol - Salida, Buena Vista and Poncha Springs Colorado - Apoye a The Alliance<\/title>\n<meta name=\"description\" content=\"The Alliance proporciona intervenci\u00f3n en casos de crisis y albergue de emergencia. La l\u00ednea directa The Alliance est\u00e1 disponible las 24 horas, los 7 d\u00edas de la semana, 719-539-7347.\" \/>\n<meta name=\"robots\" content=\"index, follow, max-snippet:-1, max-image-preview:large, max-video-preview:-1\" \/>\n<link rel=\"canonical\" href=\"https:\/\/alliancechaffee.org\/espanol\/apoye-a-the-alliance\/\" \/>\n<meta property=\"og:locale\" content=\"en_US\" \/>\n<meta property=\"og:type\" content=\"article\" \/>\n<meta property=\"og:title\" content=\"The Alliance Espanol - Salida, Buena Vista and Poncha Springs Colorado - Apoye a The Alliance\" \/>\n<meta property=\"og:description\" content=\"The Alliance proporciona intervenci\u00f3n en casos de crisis y albergue de emergencia. La l\u00ednea directa The Alliance est\u00e1 disponible las 24 horas, los 7 d\u00edas de la semana, 719-539-7347.\" \/>\n<meta property=\"og:url\" content=\"https:\/\/alliancechaffee.org\/espanol\/apoye-a-the-alliance\/\" \/>\n<meta property=\"og:site_name\" content=\"The Alliance Espanol\" \/>\n<meta property=\"article:modified_time\" content=\"2021-09-09T12:12:08+00:00\" \/>\n<meta property=\"og:image\" content=\"https:\/\/alliancechaffee.org\/espanol\/wp-content\/uploads\/COLTAF.jpg\" \/>\n<meta name=\"twitter:card\" content=\"summary_large_image\" \/>\n<meta name=\"twitter:label1\" content=\"Est. reading time\" \/>\n\t<meta name=\"twitter:data1\" content=\"3 minutes\" \/>\n<script type=\"application\/ld+json\" class=\"yoast-schema-graph\">{\"@context\":\"https:\\\/\\\/schema.org\",\"@graph\":[{\"@type\":\"WebPage\",\"@id\":\"https:\\\/\\\/alliancechaffee.org\\\/espanol\\\/apoye-a-the-alliance\\\/\",\"url\":\"https:\\\/\\\/alliancechaffee.org\\\/espanol\\\/apoye-a-the-alliance\\\/\",\"name\":\"The Alliance Espanol - Salida, Buena Vista and Poncha Springs Colorado - Apoye a The Alliance\",\"isPartOf\":{\"@id\":\"https:\\\/\\\/alliancechaffee.org\\\/espanol\\\/#website\"},\"primaryImageOfPage\":{\"@id\":\"https:\\\/\\\/alliancechaffee.org\\\/espanol\\\/apoye-a-the-alliance\\\/#primaryimage\"},\"image\":{\"@id\":\"https:\\\/\\\/alliancechaffee.org\\\/espanol\\\/apoye-a-the-alliance\\\/#primaryimage\"},\"thumbnailUrl\":\"https:\\\/\\\/alliancechaffee.org\\\/espanol\\\/wp-content\\\/uploads\\\/COLTAF.jpg\",\"datePublished\":\"2013-03-01T17:36:13+00:00\",\"dateModified\":\"2021-09-09T12:12:08+00:00\",\"description\":\"The Alliance proporciona intervenci\u00f3n en casos de crisis y albergue de emergencia. La l\u00ednea directa The Alliance est\u00e1 disponible las 24 horas, los 7 d\u00edas de la semana, 719-539-7347.\",\"breadcrumb\":{\"@id\":\"https:\\\/\\\/alliancechaffee.org\\\/espanol\\\/apoye-a-the-alliance\\\/#breadcrumb\"},\"inLanguage\":\"en-US\",\"potentialAction\":[{\"@type\":\"ReadAction\",\"target\":[\"https:\\\/\\\/alliancechaffee.org\\\/espanol\\\/apoye-a-the-alliance\\\/\"]}]},{\"@type\":\"ImageObject\",\"inLanguage\":\"en-US\",\"@id\":\"https:\\\/\\\/alliancechaffee.org\\\/espanol\\\/apoye-a-the-alliance\\\/#primaryimage\",\"url\":\"https:\\\/\\\/alliancechaffee.org\\\/espanol\\\/wp-content\\\/uploads\\\/COLTAF.jpg\",\"contentUrl\":\"https:\\\/\\\/alliancechaffee.org\\\/espanol\\\/wp-content\\\/uploads\\\/COLTAF.jpg\"},{\"@type\":\"BreadcrumbList\",\"@id\":\"https:\\\/\\\/alliancechaffee.org\\\/espanol\\\/apoye-a-the-alliance\\\/#breadcrumb\",\"itemListElement\":[{\"@type\":\"ListItem\",\"position\":1,\"name\":\"Home\",\"item\":\"https:\\\/\\\/alliancechaffee.org\\\/espanol\\\/\"},{\"@type\":\"ListItem\",\"position\":2,\"name\":\"Apoye a The Alliance\"}]},{\"@type\":\"WebSite\",\"@id\":\"https:\\\/\\\/alliancechaffee.org\\\/espanol\\\/#website\",\"url\":\"https:\\\/\\\/alliancechaffee.org\\\/espanol\\\/\",\"name\":\"The Alliance Espanol\",\"description\":\"Salida, Buena Vista and Poncha Springs Colorado\",\"publisher\":{\"@id\":\"https:\\\/\\\/alliancechaffee.org\\\/espanol\\\/#organization\"},\"potentialAction\":[{\"@type\":\"SearchAction\",\"target\":{\"@type\":\"EntryPoint\",\"urlTemplate\":\"https:\\\/\\\/alliancechaffee.org\\\/espanol\\\/?s={search_term_string}\"},\"query-input\":{\"@type\":\"PropertyValueSpecification\",\"valueRequired\":true,\"valueName\":\"search_term_string\"}}],\"inLanguage\":\"en-US\"},{\"@type\":\"Organization\",\"@id\":\"https:\\\/\\\/alliancechaffee.org\\\/espanol\\\/#organization\",\"name\":\"The Alliance Espanol\",\"url\":\"https:\\\/\\\/alliancechaffee.org\\\/espanol\\\/\",\"logo\":{\"@type\":\"ImageObject\",\"inLanguage\":\"en-US\",\"@id\":\"https:\\\/\\\/alliancechaffee.org\\\/espanol\\\/#\\\/schema\\\/logo\\\/image\\\/\",\"url\":\"https:\\\/\\\/alliancechaffee.org\\\/espanol\\\/wp-content\\\/uploads\\\/2021\\\/05\\\/cropped-Alliance-Chaffee-logo-450-1.png\",\"contentUrl\":\"https:\\\/\\\/alliancechaffee.org\\\/espanol\\\/wp-content\\\/uploads\\\/2021\\\/05\\\/cropped-Alliance-Chaffee-logo-450-1.png\",\"width\":450,\"height\":350,\"caption\":\"The Alliance Espanol\"},\"image\":{\"@id\":\"https:\\\/\\\/alliancechaffee.org\\\/espanol\\\/#\\\/schema\\\/logo\\\/image\\\/\"}}]}<\/script>\n<!-- \/ Yoast SEO plugin. -->","yoast_head_json":{"title":"The Alliance Espanol - Salida, Buena Vista and Poncha Springs Colorado - Apoye a The Alliance","description":"The Alliance proporciona intervenci\u00f3n en casos de crisis y albergue de emergencia. La l\u00ednea directa The Alliance est\u00e1 disponible las 24 horas, los 7 d\u00edas de la semana, 719-539-7347.","robots":{"index":"index","follow":"follow","max-snippet":"max-snippet:-1","max-image-preview":"max-image-preview:large","max-video-preview":"max-video-preview:-1"},"canonical":"https:\/\/alliancechaffee.org\/espanol\/apoye-a-the-alliance\/","og_locale":"en_US","og_type":"article","og_title":"The Alliance Espanol - Salida, Buena Vista and Poncha Springs Colorado - Apoye a The Alliance","og_description":"The Alliance proporciona intervenci\u00f3n en casos de crisis y albergue de emergencia. La l\u00ednea directa The Alliance est\u00e1 disponible las 24 horas, los 7 d\u00edas de la semana, 719-539-7347.","og_url":"https:\/\/alliancechaffee.org\/espanol\/apoye-a-the-alliance\/","og_site_name":"The Alliance Espanol","article_modified_time":"2021-09-09T12:12:08+00:00","og_image":[{"url":"https:\/\/alliancechaffee.org\/espanol\/wp-content\/uploads\/COLTAF.jpg","type":"","width":"","height":""}],"twitter_card":"summary_large_image","twitter_misc":{"Est. reading time":"3 minutes"},"schema":{"@context":"https:\/\/schema.org","@graph":[{"@type":"WebPage","@id":"https:\/\/alliancechaffee.org\/espanol\/apoye-a-the-alliance\/","url":"https:\/\/alliancechaffee.org\/espanol\/apoye-a-the-alliance\/","name":"The Alliance Espanol - Salida, Buena Vista and Poncha Springs Colorado - Apoye a The Alliance","isPartOf":{"@id":"https:\/\/alliancechaffee.org\/espanol\/#website"},"primaryImageOfPage":{"@id":"https:\/\/alliancechaffee.org\/espanol\/apoye-a-the-alliance\/#primaryimage"},"image":{"@id":"https:\/\/alliancechaffee.org\/espanol\/apoye-a-the-alliance\/#primaryimage"},"thumbnailUrl":"https:\/\/alliancechaffee.org\/espanol\/wp-content\/uploads\/COLTAF.jpg","datePublished":"2013-03-01T17:36:13+00:00","dateModified":"2021-09-09T12:12:08+00:00","description":"The Alliance proporciona intervenci\u00f3n en casos de crisis y albergue de emergencia. La l\u00ednea directa The Alliance est\u00e1 disponible las 24 horas, los 7 d\u00edas de la semana, 719-539-7347.","breadcrumb":{"@id":"https:\/\/alliancechaffee.org\/espanol\/apoye-a-the-alliance\/#breadcrumb"},"inLanguage":"en-US","potentialAction":[{"@type":"ReadAction","target":["https:\/\/alliancechaffee.org\/espanol\/apoye-a-the-alliance\/"]}]},{"@type":"ImageObject","inLanguage":"en-US","@id":"https:\/\/alliancechaffee.org\/espanol\/apoye-a-the-alliance\/#primaryimage","url":"https:\/\/alliancechaffee.org\/espanol\/wp-content\/uploads\/COLTAF.jpg","contentUrl":"https:\/\/alliancechaffee.org\/espanol\/wp-content\/uploads\/COLTAF.jpg"},{"@type":"BreadcrumbList","@id":"https:\/\/alliancechaffee.org\/espanol\/apoye-a-the-alliance\/#breadcrumb","itemListElement":[{"@type":"ListItem","position":1,"name":"Home","item":"https:\/\/alliancechaffee.org\/espanol\/"},{"@type":"ListItem","position":2,"name":"Apoye a The Alliance"}]},{"@type":"WebSite","@id":"https:\/\/alliancechaffee.org\/espanol\/#website","url":"https:\/\/alliancechaffee.org\/espanol\/","name":"The Alliance Espanol","description":"Salida, Buena Vista and Poncha Springs Colorado","publisher":{"@id":"https:\/\/alliancechaffee.org\/espanol\/#organization"},"potentialAction":[{"@type":"SearchAction","target":{"@type":"EntryPoint","urlTemplate":"https:\/\/alliancechaffee.org\/espanol\/?s={search_term_string}"},"query-input":{"@type":"PropertyValueSpecification","valueRequired":true,"valueName":"search_term_string"}}],"inLanguage":"en-US"},{"@type":"Organization","@id":"https:\/\/alliancechaffee.org\/espanol\/#organization","name":"The Alliance Espanol","url":"https:\/\/alliancechaffee.org\/espanol\/","logo":{"@type":"ImageObject","inLanguage":"en-US","@id":"https:\/\/alliancechaffee.org\/espanol\/#\/schema\/logo\/image\/","url":"https:\/\/alliancechaffee.org\/espanol\/wp-content\/uploads\/2021\/05\/cropped-Alliance-Chaffee-logo-450-1.png","contentUrl":"https:\/\/alliancechaffee.org\/espanol\/wp-content\/uploads\/2021\/05\/cropped-Alliance-Chaffee-logo-450-1.png","width":450,"height":350,"caption":"The Alliance Espanol"},"image":{"@id":"https:\/\/alliancechaffee.org\/espanol\/#\/schema\/logo\/image\/"}}]}},"featured_image_src_large":false,"author_info":{"display_name":"Andrea Schulz-Ward","author_link":"https:\/\/alliancechaffee.org\/espanol\/author\/director\/"},"comment_info":0,"taxonomy_info":[],"jetpack_sharing_enabled":true,"jetpack_shortlink":"https:\/\/wp.me\/P9Lsok-1z","_links":{"self":[{"href":"https:\/\/alliancechaffee.org\/espanol\/wp-json\/wp\/v2\/pages\/97","targetHints":{"allow":["GET"]}}],"collection":[{"href":"https:\/\/alliancechaffee.org\/espanol\/wp-json\/wp\/v2\/pages"}],"about":[{"href":"https:\/\/alliancechaffee.org\/espanol\/wp-json\/wp\/v2\/types\/page"}],"author":[{"embeddable":true,"href":"https:\/\/alliancechaffee.org\/espanol\/wp-json\/wp\/v2\/users\/3"}],"replies":[{"embeddable":true,"href":"https:\/\/alliancechaffee.org\/espanol\/wp-json\/wp\/v2\/comments?post=97"}],"version-history":[{"count":1,"href":"https:\/\/alliancechaffee.org\/espanol\/wp-json\/wp\/v2\/pages\/97\/revisions"}],"predecessor-version":[{"id":1128,"href":"https:\/\/alliancechaffee.org\/espanol\/wp-json\/wp\/v2\/pages\/97\/revisions\/1128"}],"wp:attachment":[{"href":"https:\/\/alliancechaffee.org\/espanol\/wp-json\/wp\/v2\/media?parent=97"}],"curies":[{"name":"wp","href":"https:\/\/api.w.org\/{rel}","templated":true}]}}