{"id":92,"date":"2013-03-01T17:31:55","date_gmt":"2013-03-01T17:31:55","guid":{"rendered":"http:\/\/108.179.193.181\/~salidaal\/aada\/?page_id=92"},"modified":"2021-09-09T06:12:21","modified_gmt":"2021-09-09T12:12:21","slug":"pasos-para-reducir-la-violencia-en-el-noviazgo","status":"publish","type":"page","link":"https:\/\/alliancechaffee.org\/espanol\/violencia-en-el-noviazgo-de-los-adolescentes\/pasos-para-reducir-la-violencia-en-el-noviazgo\/","title":{"rendered":"Pasos para reducir la violencia en el noviazgo"},"content":{"rendered":"<p><strong>COMUN\u00cdCATE CLARAMENTE. \u00a0<\/strong>Dile a tu pareja que no tolerar\u00e1s ning\u00fan abuso.\u00a0 Habla sobre los l\u00edmites en las relaciones sexuales antes de que surja una situaci\u00f3n.<\/p>\n<p><strong>PERMANECE EN CONTROL. \u00a0<\/strong>No uses alcohol ni drogas.\u00a0 Cuenta con una manera de regresar a casa en caso de que lo necesites.\u00a0 Siempre lleva consigo un tel\u00e9fono celular o unas monedas para usar un tel\u00e9fono p\u00fablico.<\/p>\n<p><strong>CONF\u00cdA EN TUS INSTINTOS. \u00a0<\/strong>Conoce a la persona antes de salir con ella o \u00e9l, o sal con ella o \u00e9l en grupo.\u00a0 Si te preocupa una cita potencial, \u00a1escucha tus instintos!<\/p>\n<p><strong>EVITA LUGARES AISLADOS. \u00a0<\/strong>Mantente alejada o alejado de lugares en los que estar\u00e1n solos, especialmente mientras conoces a la persona.<\/p>\n<p><strong>PIENSA DOS VECES ANTES DE SALIR CON UNA PERSONA QUE:\u00a0<\/strong><\/p>\n<ul>\n<li>HUMILLA A OTROS<\/li>\n<li>USA ALCOHOL U OTRAS DROGAS DE MANERA IRRESPONSABLE<\/li>\n<li>TIENE EXPLOSIONES DE IRA<\/li>\n<li>ES EXTREMADAMENTE CELOSA<\/li>\n<li>USA LA FUERZA F\u00cdSICA<\/li>\n<li>CONDUCE IMPRUDENTEMENTE O BEBE CUANDO MANEJA<\/li>\n<\/ul>\n<p><img loading=\"lazy\" decoding=\"async\" class=\"wp-image-1319 size-full aligncenter\" src=\"https:\/\/alliancechaffee.org\/espanol\/wp-content\/uploads\/2021\/05\/no-means-no_SM.jpg\" alt=\"\" width=\"432\" height=\"506\" srcset=\"https:\/\/alliancechaffee.org\/espanol\/wp-content\/uploads\/2021\/05\/no-means-no_SM.jpg 432w, https:\/\/alliancechaffee.org\/espanol\/wp-content\/uploads\/2021\/05\/no-means-no_SM-150x176.jpg 150w\" sizes=\"auto, (max-width: 432px) 100vw, 432px\" \/><\/p>\n","protected":false},"excerpt":{"rendered":"<p>COMUN\u00cdCATE CLARAMENTE. \u00a0Dile a tu pareja que no tolerar\u00e1s ning\u00fan abuso.\u00a0 Habla sobre los l\u00edmites en las relaciones sexuales antes de que surja una situaci\u00f3n. PERMANECE EN CONTROL. \u00a0No uses alcohol ni drogas.\u00a0 Cuenta con una manera de regresar a casa en caso de que lo necesites.\u00a0 Siempre lleva consigo un tel\u00e9fono celular o unas &#8230; <a title=\"Pasos para reducir la violencia en el noviazgo\" class=\"read-more\" href=\"https:\/\/alliancechaffee.org\/espanol\/violencia-en-el-noviazgo-de-los-adolescentes\/pasos-para-reducir-la-violencia-en-el-noviazgo\/\" aria-label=\"More on Pasos para reducir la violencia en el noviazgo\">Read more<\/a><\/p>\n","protected":false},"author":3,"featured_media":0,"parent":76,"menu_order":0,"comment_status":"closed","ping_status":"open","template":"","meta":{"jetpack_post_was_ever_published":false,"footnotes":""},"class_list":["post-92","page","type-page","status-publish"],"yoast_head":"<!-- This site is optimized with the Yoast SEO plugin v27.4 - https:\/\/yoast.com\/product\/yoast-seo-wordpress\/ -->\n<title>The Alliance Espanol - Salida, Buena Vista and Poncha Springs Colorado - Pasos para reducir la violencia en el noviazgo<\/title>\n<meta name=\"description\" content=\"The Alliance proporciona intervenci\u00f3n en casos de crisis y albergue de emergencia. La l\u00ednea directa The Alliance est\u00e1 disponible las 24 horas, los 7 d\u00edas de la semana, 719-539-7347.\" \/>\n<meta name=\"robots\" content=\"index, follow, max-snippet:-1, max-image-preview:large, max-video-preview:-1\" \/>\n<link rel=\"canonical\" href=\"https:\/\/alliancechaffee.org\/espanol\/violencia-en-el-noviazgo-de-los-adolescentes\/pasos-para-reducir-la-violencia-en-el-noviazgo\/\" \/>\n<meta property=\"og:locale\" content=\"en_US\" \/>\n<meta property=\"og:type\" content=\"article\" \/>\n<meta property=\"og:title\" content=\"The Alliance Espanol - Salida, Buena Vista and Poncha Springs Colorado - Pasos para reducir la violencia en el noviazgo\" \/>\n<meta property=\"og:description\" content=\"The Alliance proporciona intervenci\u00f3n en casos de crisis y albergue de emergencia. La l\u00ednea directa The Alliance est\u00e1 disponible las 24 horas, los 7 d\u00edas de la semana, 719-539-7347.\" \/>\n<meta property=\"og:url\" content=\"https:\/\/alliancechaffee.org\/espanol\/violencia-en-el-noviazgo-de-los-adolescentes\/pasos-para-reducir-la-violencia-en-el-noviazgo\/\" \/>\n<meta property=\"og:site_name\" content=\"The Alliance Espanol\" \/>\n<meta property=\"article:modified_time\" content=\"2021-09-09T12:12:21+00:00\" \/>\n<meta property=\"og:image\" content=\"https:\/\/alliancechaffee.org\/espanol\/wp-content\/uploads\/2021\/05\/no-means-no_SM.jpg\" \/>\n<meta name=\"twitter:card\" content=\"summary_large_image\" \/>\n<meta name=\"twitter:label1\" content=\"Est. reading time\" \/>\n\t<meta name=\"twitter:data1\" content=\"1 minute\" \/>\n<script type=\"application\/ld+json\" class=\"yoast-schema-graph\">{\"@context\":\"https:\\\/\\\/schema.org\",\"@graph\":[{\"@type\":\"WebPage\",\"@id\":\"https:\\\/\\\/alliancechaffee.org\\\/espanol\\\/violencia-en-el-noviazgo-de-los-adolescentes\\\/pasos-para-reducir-la-violencia-en-el-noviazgo\\\/\",\"url\":\"https:\\\/\\\/alliancechaffee.org\\\/espanol\\\/violencia-en-el-noviazgo-de-los-adolescentes\\\/pasos-para-reducir-la-violencia-en-el-noviazgo\\\/\",\"name\":\"The Alliance Espanol - Salida, Buena Vista and Poncha Springs Colorado - Pasos para reducir la violencia en el noviazgo\",\"isPartOf\":{\"@id\":\"https:\\\/\\\/alliancechaffee.org\\\/espanol\\\/#website\"},\"primaryImageOfPage\":{\"@id\":\"https:\\\/\\\/alliancechaffee.org\\\/espanol\\\/violencia-en-el-noviazgo-de-los-adolescentes\\\/pasos-para-reducir-la-violencia-en-el-noviazgo\\\/#primaryimage\"},\"image\":{\"@id\":\"https:\\\/\\\/alliancechaffee.org\\\/espanol\\\/violencia-en-el-noviazgo-de-los-adolescentes\\\/pasos-para-reducir-la-violencia-en-el-noviazgo\\\/#primaryimage\"},\"thumbnailUrl\":\"https:\\\/\\\/alliancechaffee.org\\\/espanol\\\/wp-content\\\/uploads\\\/2021\\\/05\\\/no-means-no_SM.jpg\",\"datePublished\":\"2013-03-01T17:31:55+00:00\",\"dateModified\":\"2021-09-09T12:12:21+00:00\",\"description\":\"The Alliance proporciona intervenci\u00f3n en casos de crisis y albergue de emergencia. La l\u00ednea directa The Alliance est\u00e1 disponible las 24 horas, los 7 d\u00edas de la semana, 719-539-7347.\",\"breadcrumb\":{\"@id\":\"https:\\\/\\\/alliancechaffee.org\\\/espanol\\\/violencia-en-el-noviazgo-de-los-adolescentes\\\/pasos-para-reducir-la-violencia-en-el-noviazgo\\\/#breadcrumb\"},\"inLanguage\":\"en-US\",\"potentialAction\":[{\"@type\":\"ReadAction\",\"target\":[\"https:\\\/\\\/alliancechaffee.org\\\/espanol\\\/violencia-en-el-noviazgo-de-los-adolescentes\\\/pasos-para-reducir-la-violencia-en-el-noviazgo\\\/\"]}]},{\"@type\":\"ImageObject\",\"inLanguage\":\"en-US\",\"@id\":\"https:\\\/\\\/alliancechaffee.org\\\/espanol\\\/violencia-en-el-noviazgo-de-los-adolescentes\\\/pasos-para-reducir-la-violencia-en-el-noviazgo\\\/#primaryimage\",\"url\":\"https:\\\/\\\/alliancechaffee.org\\\/espanol\\\/wp-content\\\/uploads\\\/2021\\\/05\\\/no-means-no_SM.jpg\",\"contentUrl\":\"https:\\\/\\\/alliancechaffee.org\\\/espanol\\\/wp-content\\\/uploads\\\/2021\\\/05\\\/no-means-no_SM.jpg\",\"width\":432,\"height\":506},{\"@type\":\"BreadcrumbList\",\"@id\":\"https:\\\/\\\/alliancechaffee.org\\\/espanol\\\/violencia-en-el-noviazgo-de-los-adolescentes\\\/pasos-para-reducir-la-violencia-en-el-noviazgo\\\/#breadcrumb\",\"itemListElement\":[{\"@type\":\"ListItem\",\"position\":1,\"name\":\"Home\",\"item\":\"https:\\\/\\\/alliancechaffee.org\\\/espanol\\\/\"},{\"@type\":\"ListItem\",\"position\":2,\"name\":\"Violencia entre noviazgos adolescentes\",\"item\":\"https:\\\/\\\/alliancechaffee.org\\\/espanol\\\/violencia-en-el-noviazgo-de-los-adolescentes\\\/\"},{\"@type\":\"ListItem\",\"position\":3,\"name\":\"Pasos para reducir la violencia en el noviazgo\"}]},{\"@type\":\"WebSite\",\"@id\":\"https:\\\/\\\/alliancechaffee.org\\\/espanol\\\/#website\",\"url\":\"https:\\\/\\\/alliancechaffee.org\\\/espanol\\\/\",\"name\":\"The Alliance Espanol\",\"description\":\"Salida, Buena Vista and Poncha Springs Colorado\",\"publisher\":{\"@id\":\"https:\\\/\\\/alliancechaffee.org\\\/espanol\\\/#organization\"},\"potentialAction\":[{\"@type\":\"SearchAction\",\"target\":{\"@type\":\"EntryPoint\",\"urlTemplate\":\"https:\\\/\\\/alliancechaffee.org\\\/espanol\\\/?s={search_term_string}\"},\"query-input\":{\"@type\":\"PropertyValueSpecification\",\"valueRequired\":true,\"valueName\":\"search_term_string\"}}],\"inLanguage\":\"en-US\"},{\"@type\":\"Organization\",\"@id\":\"https:\\\/\\\/alliancechaffee.org\\\/espanol\\\/#organization\",\"name\":\"The Alliance Espanol\",\"url\":\"https:\\\/\\\/alliancechaffee.org\\\/espanol\\\/\",\"logo\":{\"@type\":\"ImageObject\",\"inLanguage\":\"en-US\",\"@id\":\"https:\\\/\\\/alliancechaffee.org\\\/espanol\\\/#\\\/schema\\\/logo\\\/image\\\/\",\"url\":\"https:\\\/\\\/alliancechaffee.org\\\/espanol\\\/wp-content\\\/uploads\\\/2021\\\/05\\\/cropped-Alliance-Chaffee-logo-450-1.png\",\"contentUrl\":\"https:\\\/\\\/alliancechaffee.org\\\/espanol\\\/wp-content\\\/uploads\\\/2021\\\/05\\\/cropped-Alliance-Chaffee-logo-450-1.png\",\"width\":450,\"height\":350,\"caption\":\"The Alliance Espanol\"},\"image\":{\"@id\":\"https:\\\/\\\/alliancechaffee.org\\\/espanol\\\/#\\\/schema\\\/logo\\\/image\\\/\"}}]}<\/script>\n<!-- \/ Yoast SEO plugin. -->","yoast_head_json":{"title":"The Alliance Espanol - Salida, Buena Vista and Poncha Springs Colorado - Pasos para reducir la violencia en el noviazgo","description":"The Alliance proporciona intervenci\u00f3n en casos de crisis y albergue de emergencia. La l\u00ednea directa The Alliance est\u00e1 disponible las 24 horas, los 7 d\u00edas de la semana, 719-539-7347.","robots":{"index":"index","follow":"follow","max-snippet":"max-snippet:-1","max-image-preview":"max-image-preview:large","max-video-preview":"max-video-preview:-1"},"canonical":"https:\/\/alliancechaffee.org\/espanol\/violencia-en-el-noviazgo-de-los-adolescentes\/pasos-para-reducir-la-violencia-en-el-noviazgo\/","og_locale":"en_US","og_type":"article","og_title":"The Alliance Espanol - Salida, Buena Vista and Poncha Springs Colorado - Pasos para reducir la violencia en el noviazgo","og_description":"The Alliance proporciona intervenci\u00f3n en casos de crisis y albergue de emergencia. La l\u00ednea directa The Alliance est\u00e1 disponible las 24 horas, los 7 d\u00edas de la semana, 719-539-7347.","og_url":"https:\/\/alliancechaffee.org\/espanol\/violencia-en-el-noviazgo-de-los-adolescentes\/pasos-para-reducir-la-violencia-en-el-noviazgo\/","og_site_name":"The Alliance Espanol","article_modified_time":"2021-09-09T12:12:21+00:00","og_image":[{"url":"https:\/\/alliancechaffee.org\/espanol\/wp-content\/uploads\/2021\/05\/no-means-no_SM.jpg","type":"","width":"","height":""}],"twitter_card":"summary_large_image","twitter_misc":{"Est. reading time":"1 minute"},"schema":{"@context":"https:\/\/schema.org","@graph":[{"@type":"WebPage","@id":"https:\/\/alliancechaffee.org\/espanol\/violencia-en-el-noviazgo-de-los-adolescentes\/pasos-para-reducir-la-violencia-en-el-noviazgo\/","url":"https:\/\/alliancechaffee.org\/espanol\/violencia-en-el-noviazgo-de-los-adolescentes\/pasos-para-reducir-la-violencia-en-el-noviazgo\/","name":"The Alliance Espanol - Salida, Buena Vista and Poncha Springs Colorado - Pasos para reducir la violencia en el noviazgo","isPartOf":{"@id":"https:\/\/alliancechaffee.org\/espanol\/#website"},"primaryImageOfPage":{"@id":"https:\/\/alliancechaffee.org\/espanol\/violencia-en-el-noviazgo-de-los-adolescentes\/pasos-para-reducir-la-violencia-en-el-noviazgo\/#primaryimage"},"image":{"@id":"https:\/\/alliancechaffee.org\/espanol\/violencia-en-el-noviazgo-de-los-adolescentes\/pasos-para-reducir-la-violencia-en-el-noviazgo\/#primaryimage"},"thumbnailUrl":"https:\/\/alliancechaffee.org\/espanol\/wp-content\/uploads\/2021\/05\/no-means-no_SM.jpg","datePublished":"2013-03-01T17:31:55+00:00","dateModified":"2021-09-09T12:12:21+00:00","description":"The Alliance proporciona intervenci\u00f3n en casos de crisis y albergue de emergencia. La l\u00ednea directa The Alliance est\u00e1 disponible las 24 horas, los 7 d\u00edas de la semana, 719-539-7347.","breadcrumb":{"@id":"https:\/\/alliancechaffee.org\/espanol\/violencia-en-el-noviazgo-de-los-adolescentes\/pasos-para-reducir-la-violencia-en-el-noviazgo\/#breadcrumb"},"inLanguage":"en-US","potentialAction":[{"@type":"ReadAction","target":["https:\/\/alliancechaffee.org\/espanol\/violencia-en-el-noviazgo-de-los-adolescentes\/pasos-para-reducir-la-violencia-en-el-noviazgo\/"]}]},{"@type":"ImageObject","inLanguage":"en-US","@id":"https:\/\/alliancechaffee.org\/espanol\/violencia-en-el-noviazgo-de-los-adolescentes\/pasos-para-reducir-la-violencia-en-el-noviazgo\/#primaryimage","url":"https:\/\/alliancechaffee.org\/espanol\/wp-content\/uploads\/2021\/05\/no-means-no_SM.jpg","contentUrl":"https:\/\/alliancechaffee.org\/espanol\/wp-content\/uploads\/2021\/05\/no-means-no_SM.jpg","width":432,"height":506},{"@type":"BreadcrumbList","@id":"https:\/\/alliancechaffee.org\/espanol\/violencia-en-el-noviazgo-de-los-adolescentes\/pasos-para-reducir-la-violencia-en-el-noviazgo\/#breadcrumb","itemListElement":[{"@type":"ListItem","position":1,"name":"Home","item":"https:\/\/alliancechaffee.org\/espanol\/"},{"@type":"ListItem","position":2,"name":"Violencia entre noviazgos adolescentes","item":"https:\/\/alliancechaffee.org\/espanol\/violencia-en-el-noviazgo-de-los-adolescentes\/"},{"@type":"ListItem","position":3,"name":"Pasos para reducir la violencia en el noviazgo"}]},{"@type":"WebSite","@id":"https:\/\/alliancechaffee.org\/espanol\/#website","url":"https:\/\/alliancechaffee.org\/espanol\/","name":"The Alliance Espanol","description":"Salida, Buena Vista and Poncha Springs Colorado","publisher":{"@id":"https:\/\/alliancechaffee.org\/espanol\/#organization"},"potentialAction":[{"@type":"SearchAction","target":{"@type":"EntryPoint","urlTemplate":"https:\/\/alliancechaffee.org\/espanol\/?s={search_term_string}"},"query-input":{"@type":"PropertyValueSpecification","valueRequired":true,"valueName":"search_term_string"}}],"inLanguage":"en-US"},{"@type":"Organization","@id":"https:\/\/alliancechaffee.org\/espanol\/#organization","name":"The Alliance Espanol","url":"https:\/\/alliancechaffee.org\/espanol\/","logo":{"@type":"ImageObject","inLanguage":"en-US","@id":"https:\/\/alliancechaffee.org\/espanol\/#\/schema\/logo\/image\/","url":"https:\/\/alliancechaffee.org\/espanol\/wp-content\/uploads\/2021\/05\/cropped-Alliance-Chaffee-logo-450-1.png","contentUrl":"https:\/\/alliancechaffee.org\/espanol\/wp-content\/uploads\/2021\/05\/cropped-Alliance-Chaffee-logo-450-1.png","width":450,"height":350,"caption":"The Alliance Espanol"},"image":{"@id":"https:\/\/alliancechaffee.org\/espanol\/#\/schema\/logo\/image\/"}}]}},"featured_image_src_large":false,"author_info":{"display_name":"Andrea Schulz-Ward","author_link":"https:\/\/alliancechaffee.org\/espanol\/author\/director\/"},"comment_info":0,"taxonomy_info":[],"jetpack_sharing_enabled":true,"jetpack_shortlink":"https:\/\/wp.me\/P9Lsok-1u","_links":{"self":[{"href":"https:\/\/alliancechaffee.org\/espanol\/wp-json\/wp\/v2\/pages\/92","targetHints":{"allow":["GET"]}}],"collection":[{"href":"https:\/\/alliancechaffee.org\/espanol\/wp-json\/wp\/v2\/pages"}],"about":[{"href":"https:\/\/alliancechaffee.org\/espanol\/wp-json\/wp\/v2\/types\/page"}],"author":[{"embeddable":true,"href":"https:\/\/alliancechaffee.org\/espanol\/wp-json\/wp\/v2\/users\/3"}],"replies":[{"embeddable":true,"href":"https:\/\/alliancechaffee.org\/espanol\/wp-json\/wp\/v2\/comments?post=92"}],"version-history":[{"count":2,"href":"https:\/\/alliancechaffee.org\/espanol\/wp-json\/wp\/v2\/pages\/92\/revisions"}],"predecessor-version":[{"id":1320,"href":"https:\/\/alliancechaffee.org\/espanol\/wp-json\/wp\/v2\/pages\/92\/revisions\/1320"}],"up":[{"embeddable":true,"href":"https:\/\/alliancechaffee.org\/espanol\/wp-json\/wp\/v2\/pages\/76"}],"wp:attachment":[{"href":"https:\/\/alliancechaffee.org\/espanol\/wp-json\/wp\/v2\/media?parent=92"}],"curies":[{"name":"wp","href":"https:\/\/api.w.org\/{rel}","templated":true}]}}