{"id":88,"date":"2013-03-01T17:28:54","date_gmt":"2013-03-01T17:28:54","guid":{"rendered":"http:\/\/108.179.193.181\/~salidaal\/aada\/?page_id=88"},"modified":"2021-09-09T06:12:20","modified_gmt":"2021-09-09T12:12:20","slug":"acta-de-derechos-durante-el-noviazgo","status":"publish","type":"page","link":"https:\/\/alliancechaffee.org\/espanol\/violencia-en-el-noviazgo-de-los-adolescentes\/acta-de-derechos-durante-el-noviazgo\/","title":{"rendered":"Acta de derechos durante el noviazgo"},"content":{"rendered":"<p><strong>TENGO EL DERECHO DE&#8230;<\/strong><\/p>\n<p><img loading=\"lazy\" decoding=\"async\" class=\"wp-image-1311 size-full alignright\" src=\"https:\/\/alliancechaffee.org\/espanol\/wp-content\/uploads\/2021\/05\/woman-1_SM.jpg\" alt=\"\" width=\"352\" height=\"432\" srcset=\"https:\/\/alliancechaffee.org\/espanol\/wp-content\/uploads\/2021\/05\/woman-1_SM.jpg 352w, https:\/\/alliancechaffee.org\/espanol\/wp-content\/uploads\/2021\/05\/woman-1_SM-150x184.jpg 150w\" sizes=\"auto, (max-width: 352px) 100vw, 352px\" \/><\/p>\n<ul>\n<li>Pedir una cita rom\u00e1ntica<\/li>\n<li>Rehusar una cita rom\u00e1ntica<\/li>\n<li>Sugerir actividades<\/li>\n<li>Tener mis propios sentimientos y poder expresarlos<\/li>\n<li>Decir que creo que la informaci\u00f3n de mi pareja es err\u00f3nea o que sus acciones son injustas o inapropiadas<\/li>\n<li>Decirle a alguien que no me interrumpa<\/li>\n<li>Que se respeten mis l\u00edmites y mis valores<\/li>\n<li>Decirle a mi pareja cuando necesito afecto<\/li>\n<li>Rechazar las demostraciones de afecto<\/li>\n<li>Que se me escuche<\/li>\n<li>Rehusarme a prestar dinero<\/li>\n<li>Rehusarme a tener relaciones con alguien aunque me hayan llevado a un lugar caro<\/li>\n<li>Rehusarme a tener relaciones sexuales en cualquier momento y por cualquier raz\u00f3n<\/li>\n<li>Tener amigos y espacio independientes de mi pareja<\/li>\n<\/ul>\n<p><strong>TENGO LA RESPONSABILIDAD DE&#8230;<\/strong><\/p>\n<ul>\n<li>Determinar mis l\u00edmites y mis valores<\/li>\n<li>Comunicarme clara y honestamente<\/li>\n<li>Pedir ayuda cuando la necesito<\/li>\n<li>Ser considerado<\/li>\n<li>Analizar mis acciones y decisiones a fin de determinar si son buenas o malas para m\u00ed<\/li>\n<li>Fijar metas altas<\/li>\n<\/ul>\n<p><img loading=\"lazy\" decoding=\"async\" class=\"wp-image-1312 size-medium aligncenter\" src=\"https:\/\/alliancechaffee.org\/espanol\/wp-content\/uploads\/2021\/05\/Poster_SM-500x373.jpg\" alt=\"\" width=\"500\" height=\"373\" srcset=\"https:\/\/alliancechaffee.org\/espanol\/wp-content\/uploads\/2021\/05\/Poster_SM-500x373.jpg 500w, https:\/\/alliancechaffee.org\/espanol\/wp-content\/uploads\/2021\/05\/Poster_SM-150x112.jpg 150w, https:\/\/alliancechaffee.org\/espanol\/wp-content\/uploads\/2021\/05\/Poster_SM.jpg 504w\" sizes=\"auto, (max-width: 500px) 100vw, 500px\" \/><\/p>\n","protected":false},"excerpt":{"rendered":"<p>TENGO EL DERECHO DE&#8230; Pedir una cita rom\u00e1ntica Rehusar una cita rom\u00e1ntica Sugerir actividades Tener mis propios sentimientos y poder expresarlos Decir que creo que la informaci\u00f3n de mi pareja es err\u00f3nea o que sus acciones son injustas o inapropiadas Decirle a alguien que no me interrumpa Que se respeten mis l\u00edmites y mis valores &#8230; <a title=\"Acta de derechos durante el noviazgo\" class=\"read-more\" href=\"https:\/\/alliancechaffee.org\/espanol\/violencia-en-el-noviazgo-de-los-adolescentes\/acta-de-derechos-durante-el-noviazgo\/\" aria-label=\"More on Acta de derechos durante el noviazgo\">Read more<\/a><\/p>\n","protected":false},"author":3,"featured_media":0,"parent":76,"menu_order":0,"comment_status":"closed","ping_status":"open","template":"","meta":{"jetpack_post_was_ever_published":false,"footnotes":""},"class_list":["post-88","page","type-page","status-publish"],"yoast_head":"<!-- This site is optimized with the Yoast SEO plugin v27.4 - https:\/\/yoast.com\/product\/yoast-seo-wordpress\/ -->\n<title>The Alliance Espanol - Salida, Buena Vista and Poncha Springs Colorado - Acta de derechos durante el noviazgo<\/title>\n<meta name=\"description\" content=\"The Alliance proporciona intervenci\u00f3n en casos de crisis y albergue de emergencia. La l\u00ednea directa The Alliance est\u00e1 disponible las 24 horas, los 7 d\u00edas de la semana, 719-539-7347.\" \/>\n<meta name=\"robots\" content=\"index, follow, max-snippet:-1, max-image-preview:large, max-video-preview:-1\" \/>\n<link rel=\"canonical\" href=\"https:\/\/alliancechaffee.org\/espanol\/violencia-en-el-noviazgo-de-los-adolescentes\/acta-de-derechos-durante-el-noviazgo\/\" \/>\n<meta property=\"og:locale\" content=\"en_US\" \/>\n<meta property=\"og:type\" content=\"article\" \/>\n<meta property=\"og:title\" content=\"The Alliance Espanol - Salida, Buena Vista and Poncha Springs Colorado - Acta de derechos durante el noviazgo\" \/>\n<meta property=\"og:description\" content=\"The Alliance proporciona intervenci\u00f3n en casos de crisis y albergue de emergencia. La l\u00ednea directa The Alliance est\u00e1 disponible las 24 horas, los 7 d\u00edas de la semana, 719-539-7347.\" \/>\n<meta property=\"og:url\" content=\"https:\/\/alliancechaffee.org\/espanol\/violencia-en-el-noviazgo-de-los-adolescentes\/acta-de-derechos-durante-el-noviazgo\/\" \/>\n<meta property=\"og:site_name\" content=\"The Alliance Espanol\" \/>\n<meta property=\"article:modified_time\" content=\"2021-09-09T12:12:20+00:00\" \/>\n<meta property=\"og:image\" content=\"https:\/\/alliancechaffee.org\/espanol\/wp-content\/uploads\/2021\/05\/woman-1_SM.jpg\" \/>\n<meta name=\"twitter:card\" content=\"summary_large_image\" \/>\n<meta name=\"twitter:label1\" content=\"Est. reading time\" \/>\n\t<meta name=\"twitter:data1\" content=\"2 minutes\" \/>\n<script type=\"application\/ld+json\" class=\"yoast-schema-graph\">{\"@context\":\"https:\\\/\\\/schema.org\",\"@graph\":[{\"@type\":\"WebPage\",\"@id\":\"https:\\\/\\\/alliancechaffee.org\\\/espanol\\\/violencia-en-el-noviazgo-de-los-adolescentes\\\/acta-de-derechos-durante-el-noviazgo\\\/\",\"url\":\"https:\\\/\\\/alliancechaffee.org\\\/espanol\\\/violencia-en-el-noviazgo-de-los-adolescentes\\\/acta-de-derechos-durante-el-noviazgo\\\/\",\"name\":\"The Alliance Espanol - Salida, Buena Vista and Poncha Springs Colorado - Acta de derechos durante el noviazgo\",\"isPartOf\":{\"@id\":\"https:\\\/\\\/alliancechaffee.org\\\/espanol\\\/#website\"},\"primaryImageOfPage\":{\"@id\":\"https:\\\/\\\/alliancechaffee.org\\\/espanol\\\/violencia-en-el-noviazgo-de-los-adolescentes\\\/acta-de-derechos-durante-el-noviazgo\\\/#primaryimage\"},\"image\":{\"@id\":\"https:\\\/\\\/alliancechaffee.org\\\/espanol\\\/violencia-en-el-noviazgo-de-los-adolescentes\\\/acta-de-derechos-durante-el-noviazgo\\\/#primaryimage\"},\"thumbnailUrl\":\"https:\\\/\\\/alliancechaffee.org\\\/espanol\\\/wp-content\\\/uploads\\\/2021\\\/05\\\/woman-1_SM.jpg\",\"datePublished\":\"2013-03-01T17:28:54+00:00\",\"dateModified\":\"2021-09-09T12:12:20+00:00\",\"description\":\"The Alliance proporciona intervenci\u00f3n en casos de crisis y albergue de emergencia. La l\u00ednea directa The Alliance est\u00e1 disponible las 24 horas, los 7 d\u00edas de la semana, 719-539-7347.\",\"breadcrumb\":{\"@id\":\"https:\\\/\\\/alliancechaffee.org\\\/espanol\\\/violencia-en-el-noviazgo-de-los-adolescentes\\\/acta-de-derechos-durante-el-noviazgo\\\/#breadcrumb\"},\"inLanguage\":\"en-US\",\"potentialAction\":[{\"@type\":\"ReadAction\",\"target\":[\"https:\\\/\\\/alliancechaffee.org\\\/espanol\\\/violencia-en-el-noviazgo-de-los-adolescentes\\\/acta-de-derechos-durante-el-noviazgo\\\/\"]}]},{\"@type\":\"ImageObject\",\"inLanguage\":\"en-US\",\"@id\":\"https:\\\/\\\/alliancechaffee.org\\\/espanol\\\/violencia-en-el-noviazgo-de-los-adolescentes\\\/acta-de-derechos-durante-el-noviazgo\\\/#primaryimage\",\"url\":\"https:\\\/\\\/alliancechaffee.org\\\/espanol\\\/wp-content\\\/uploads\\\/2021\\\/05\\\/woman-1_SM.jpg\",\"contentUrl\":\"https:\\\/\\\/alliancechaffee.org\\\/espanol\\\/wp-content\\\/uploads\\\/2021\\\/05\\\/woman-1_SM.jpg\",\"width\":352,\"height\":432},{\"@type\":\"BreadcrumbList\",\"@id\":\"https:\\\/\\\/alliancechaffee.org\\\/espanol\\\/violencia-en-el-noviazgo-de-los-adolescentes\\\/acta-de-derechos-durante-el-noviazgo\\\/#breadcrumb\",\"itemListElement\":[{\"@type\":\"ListItem\",\"position\":1,\"name\":\"Home\",\"item\":\"https:\\\/\\\/alliancechaffee.org\\\/espanol\\\/\"},{\"@type\":\"ListItem\",\"position\":2,\"name\":\"Violencia entre noviazgos adolescentes\",\"item\":\"https:\\\/\\\/alliancechaffee.org\\\/espanol\\\/violencia-en-el-noviazgo-de-los-adolescentes\\\/\"},{\"@type\":\"ListItem\",\"position\":3,\"name\":\"Acta de derechos durante el noviazgo\"}]},{\"@type\":\"WebSite\",\"@id\":\"https:\\\/\\\/alliancechaffee.org\\\/espanol\\\/#website\",\"url\":\"https:\\\/\\\/alliancechaffee.org\\\/espanol\\\/\",\"name\":\"The Alliance Espanol\",\"description\":\"Salida, Buena Vista and Poncha Springs Colorado\",\"publisher\":{\"@id\":\"https:\\\/\\\/alliancechaffee.org\\\/espanol\\\/#organization\"},\"potentialAction\":[{\"@type\":\"SearchAction\",\"target\":{\"@type\":\"EntryPoint\",\"urlTemplate\":\"https:\\\/\\\/alliancechaffee.org\\\/espanol\\\/?s={search_term_string}\"},\"query-input\":{\"@type\":\"PropertyValueSpecification\",\"valueRequired\":true,\"valueName\":\"search_term_string\"}}],\"inLanguage\":\"en-US\"},{\"@type\":\"Organization\",\"@id\":\"https:\\\/\\\/alliancechaffee.org\\\/espanol\\\/#organization\",\"name\":\"The Alliance Espanol\",\"url\":\"https:\\\/\\\/alliancechaffee.org\\\/espanol\\\/\",\"logo\":{\"@type\":\"ImageObject\",\"inLanguage\":\"en-US\",\"@id\":\"https:\\\/\\\/alliancechaffee.org\\\/espanol\\\/#\\\/schema\\\/logo\\\/image\\\/\",\"url\":\"https:\\\/\\\/alliancechaffee.org\\\/espanol\\\/wp-content\\\/uploads\\\/2021\\\/05\\\/cropped-Alliance-Chaffee-logo-450-1.png\",\"contentUrl\":\"https:\\\/\\\/alliancechaffee.org\\\/espanol\\\/wp-content\\\/uploads\\\/2021\\\/05\\\/cropped-Alliance-Chaffee-logo-450-1.png\",\"width\":450,\"height\":350,\"caption\":\"The Alliance Espanol\"},\"image\":{\"@id\":\"https:\\\/\\\/alliancechaffee.org\\\/espanol\\\/#\\\/schema\\\/logo\\\/image\\\/\"}}]}<\/script>\n<!-- \/ Yoast SEO plugin. -->","yoast_head_json":{"title":"The Alliance Espanol - Salida, Buena Vista and Poncha Springs Colorado - Acta de derechos durante el noviazgo","description":"The Alliance proporciona intervenci\u00f3n en casos de crisis y albergue de emergencia. La l\u00ednea directa The Alliance est\u00e1 disponible las 24 horas, los 7 d\u00edas de la semana, 719-539-7347.","robots":{"index":"index","follow":"follow","max-snippet":"max-snippet:-1","max-image-preview":"max-image-preview:large","max-video-preview":"max-video-preview:-1"},"canonical":"https:\/\/alliancechaffee.org\/espanol\/violencia-en-el-noviazgo-de-los-adolescentes\/acta-de-derechos-durante-el-noviazgo\/","og_locale":"en_US","og_type":"article","og_title":"The Alliance Espanol - Salida, Buena Vista and Poncha Springs Colorado - Acta de derechos durante el noviazgo","og_description":"The Alliance proporciona intervenci\u00f3n en casos de crisis y albergue de emergencia. La l\u00ednea directa The Alliance est\u00e1 disponible las 24 horas, los 7 d\u00edas de la semana, 719-539-7347.","og_url":"https:\/\/alliancechaffee.org\/espanol\/violencia-en-el-noviazgo-de-los-adolescentes\/acta-de-derechos-durante-el-noviazgo\/","og_site_name":"The Alliance Espanol","article_modified_time":"2021-09-09T12:12:20+00:00","og_image":[{"url":"https:\/\/alliancechaffee.org\/espanol\/wp-content\/uploads\/2021\/05\/woman-1_SM.jpg","type":"","width":"","height":""}],"twitter_card":"summary_large_image","twitter_misc":{"Est. reading time":"2 minutes"},"schema":{"@context":"https:\/\/schema.org","@graph":[{"@type":"WebPage","@id":"https:\/\/alliancechaffee.org\/espanol\/violencia-en-el-noviazgo-de-los-adolescentes\/acta-de-derechos-durante-el-noviazgo\/","url":"https:\/\/alliancechaffee.org\/espanol\/violencia-en-el-noviazgo-de-los-adolescentes\/acta-de-derechos-durante-el-noviazgo\/","name":"The Alliance Espanol - Salida, Buena Vista and Poncha Springs Colorado - Acta de derechos durante el noviazgo","isPartOf":{"@id":"https:\/\/alliancechaffee.org\/espanol\/#website"},"primaryImageOfPage":{"@id":"https:\/\/alliancechaffee.org\/espanol\/violencia-en-el-noviazgo-de-los-adolescentes\/acta-de-derechos-durante-el-noviazgo\/#primaryimage"},"image":{"@id":"https:\/\/alliancechaffee.org\/espanol\/violencia-en-el-noviazgo-de-los-adolescentes\/acta-de-derechos-durante-el-noviazgo\/#primaryimage"},"thumbnailUrl":"https:\/\/alliancechaffee.org\/espanol\/wp-content\/uploads\/2021\/05\/woman-1_SM.jpg","datePublished":"2013-03-01T17:28:54+00:00","dateModified":"2021-09-09T12:12:20+00:00","description":"The Alliance proporciona intervenci\u00f3n en casos de crisis y albergue de emergencia. La l\u00ednea directa The Alliance est\u00e1 disponible las 24 horas, los 7 d\u00edas de la semana, 719-539-7347.","breadcrumb":{"@id":"https:\/\/alliancechaffee.org\/espanol\/violencia-en-el-noviazgo-de-los-adolescentes\/acta-de-derechos-durante-el-noviazgo\/#breadcrumb"},"inLanguage":"en-US","potentialAction":[{"@type":"ReadAction","target":["https:\/\/alliancechaffee.org\/espanol\/violencia-en-el-noviazgo-de-los-adolescentes\/acta-de-derechos-durante-el-noviazgo\/"]}]},{"@type":"ImageObject","inLanguage":"en-US","@id":"https:\/\/alliancechaffee.org\/espanol\/violencia-en-el-noviazgo-de-los-adolescentes\/acta-de-derechos-durante-el-noviazgo\/#primaryimage","url":"https:\/\/alliancechaffee.org\/espanol\/wp-content\/uploads\/2021\/05\/woman-1_SM.jpg","contentUrl":"https:\/\/alliancechaffee.org\/espanol\/wp-content\/uploads\/2021\/05\/woman-1_SM.jpg","width":352,"height":432},{"@type":"BreadcrumbList","@id":"https:\/\/alliancechaffee.org\/espanol\/violencia-en-el-noviazgo-de-los-adolescentes\/acta-de-derechos-durante-el-noviazgo\/#breadcrumb","itemListElement":[{"@type":"ListItem","position":1,"name":"Home","item":"https:\/\/alliancechaffee.org\/espanol\/"},{"@type":"ListItem","position":2,"name":"Violencia entre noviazgos adolescentes","item":"https:\/\/alliancechaffee.org\/espanol\/violencia-en-el-noviazgo-de-los-adolescentes\/"},{"@type":"ListItem","position":3,"name":"Acta de derechos durante el noviazgo"}]},{"@type":"WebSite","@id":"https:\/\/alliancechaffee.org\/espanol\/#website","url":"https:\/\/alliancechaffee.org\/espanol\/","name":"The Alliance Espanol","description":"Salida, Buena Vista and Poncha Springs Colorado","publisher":{"@id":"https:\/\/alliancechaffee.org\/espanol\/#organization"},"potentialAction":[{"@type":"SearchAction","target":{"@type":"EntryPoint","urlTemplate":"https:\/\/alliancechaffee.org\/espanol\/?s={search_term_string}"},"query-input":{"@type":"PropertyValueSpecification","valueRequired":true,"valueName":"search_term_string"}}],"inLanguage":"en-US"},{"@type":"Organization","@id":"https:\/\/alliancechaffee.org\/espanol\/#organization","name":"The Alliance Espanol","url":"https:\/\/alliancechaffee.org\/espanol\/","logo":{"@type":"ImageObject","inLanguage":"en-US","@id":"https:\/\/alliancechaffee.org\/espanol\/#\/schema\/logo\/image\/","url":"https:\/\/alliancechaffee.org\/espanol\/wp-content\/uploads\/2021\/05\/cropped-Alliance-Chaffee-logo-450-1.png","contentUrl":"https:\/\/alliancechaffee.org\/espanol\/wp-content\/uploads\/2021\/05\/cropped-Alliance-Chaffee-logo-450-1.png","width":450,"height":350,"caption":"The Alliance Espanol"},"image":{"@id":"https:\/\/alliancechaffee.org\/espanol\/#\/schema\/logo\/image\/"}}]}},"featured_image_src_large":false,"author_info":{"display_name":"Andrea Schulz-Ward","author_link":"https:\/\/alliancechaffee.org\/espanol\/author\/director\/"},"comment_info":0,"taxonomy_info":[],"jetpack_sharing_enabled":true,"jetpack_shortlink":"https:\/\/wp.me\/P9Lsok-1q","_links":{"self":[{"href":"https:\/\/alliancechaffee.org\/espanol\/wp-json\/wp\/v2\/pages\/88","targetHints":{"allow":["GET"]}}],"collection":[{"href":"https:\/\/alliancechaffee.org\/espanol\/wp-json\/wp\/v2\/pages"}],"about":[{"href":"https:\/\/alliancechaffee.org\/espanol\/wp-json\/wp\/v2\/types\/page"}],"author":[{"embeddable":true,"href":"https:\/\/alliancechaffee.org\/espanol\/wp-json\/wp\/v2\/users\/3"}],"replies":[{"embeddable":true,"href":"https:\/\/alliancechaffee.org\/espanol\/wp-json\/wp\/v2\/comments?post=88"}],"version-history":[{"count":2,"href":"https:\/\/alliancechaffee.org\/espanol\/wp-json\/wp\/v2\/pages\/88\/revisions"}],"predecessor-version":[{"id":1313,"href":"https:\/\/alliancechaffee.org\/espanol\/wp-json\/wp\/v2\/pages\/88\/revisions\/1313"}],"up":[{"embeddable":true,"href":"https:\/\/alliancechaffee.org\/espanol\/wp-json\/wp\/v2\/pages\/76"}],"wp:attachment":[{"href":"https:\/\/alliancechaffee.org\/espanol\/wp-json\/wp\/v2\/media?parent=88"}],"curies":[{"name":"wp","href":"https:\/\/api.w.org\/{rel}","templated":true}]}}