{"id":843,"date":"2017-10-20T11:53:43","date_gmt":"2017-10-20T17:53:43","guid":{"rendered":"https:\/\/alliancechaffee.org\/?page_id=843"},"modified":"2021-09-09T06:12:25","modified_gmt":"2021-09-09T12:12:25","slug":"violencia-sexual","status":"publish","type":"page","link":"https:\/\/alliancechaffee.org\/espanol\/violencia-sexual\/","title":{"rendered":"Violencia sexual"},"content":{"rendered":"<h3 style=\"text-align: center;\"><strong>\u00bfQu\u00e9 es la violencia sexual?<\/strong><\/h3>\n<p>La violencia sexual es un t\u00e9rmino general que se usa para describir la atenci\u00f3n, el contacto o una actividad sexual no deseados, sin el consentimiento de la v\u00edctima, que incluye:<\/p>\n<ul>\n<li>agresi\u00f3n sexual y violaci\u00f3n<\/li>\n<li>acoso sexual<\/li>\n<li>explotaci\u00f3n sexual<\/li>\n<li>violencia sexual en las relaciones interpersonales<\/li>\n<li>abuso sexual de ni\u00f1os<\/li>\n<li>incesto<\/li>\n<\/ul>\n<p>Si desea saber m\u00e1s sobre las diferentes formas de violencia sexual, visite\u00a0\u00a0<a href=\"https:\/\/www.rainn.org\/es\">https:\/\/www.rainn.org\/es<\/a>\u00a0 o llame a nuestra l\u00ednea directa de atenci\u00f3n las 24 horas, los 7 d\u00edas de la semana, 719-539-7347<\/p>\n<h3 style=\"text-align: center;\"><strong>\u00bfQu\u00e9 significa consentimiento?<\/strong><\/h3>\n<ul>\n<li>El intercambio activo y positivo de palabras o acciones que indica la disposici\u00f3n para participar libre y voluntariamente en una actividad sexual mutuamente acordada.<\/li>\n<li>Debe suceder en cada paso de la actividad sexual y se puede cancelar en cualquier momento.<\/li>\n<\/ul>\n<p><strong>Una persona no puede dar su consentimiento cuando est\u00e1<\/strong> f\u00edsica o mentalmente incapacitada debido al alcohol o a otras drogas; inconsciente; dormida; o es menor de la edad de consentimiento (17 a\u00f1os en Colorado).<\/p>\n<p>Para entender m\u00e1s sobre el consentimiento vea este video: <a href=\"https:\/\/www.youtube.com\/watch?v=BuuyajcjFC4\" target=\"_blank\" rel=\"noopener noreferrer\">Explicamos el Consentimiento<\/a><\/p>\n<h3 style=\"text-align: center;\"><strong>Efectos de la violencia sexual<\/strong><\/h3>\n<p>La violencia sexual puede tener efectos psicol\u00f3gicos, emocionales y f\u00edsicos en un sobreviviente. Estos son algunos de los efectos comunes que un sobreviviente puede experimentar; sin embargo, las reacciones a un trauma son diferentes en cada persona.<\/p>\n<ul>\n<li>depresi\u00f3n<\/li>\n<li>retrocesos al pasado: recuerdos de traumas pasados que se siente como si ocurrieran en el momento actual<\/li>\n<li>disociaci\u00f3n: un aislamiento de la realidad. Este es un mecanismo de defensa com\u00fan que el cerebro puede usar para enfrentarse al trauma de la violencia.<\/li>\n<li>ira, temor y negaci\u00f3n<\/li>\n<\/ul>\n<p><a href=\"https:\/\/www.nsvrc.org\/publications\/nsvrc-publications-fact-sheets\/media-packet-statistics-about-sexual-violence\">https:\/\/www.nsvrc.org\/publications\/nsvrc-publications-fact-sheets\/media-packet-statistics-about-sexual-violence<\/a><\/p>\n<p>La violencia sexual nunca es culpa de la v\u00edctima. Creemos en usted, estamos aqu\u00ed para ayudarla o ayudarlo. No dude en comunicarse a nuestra l\u00ednea telef\u00f3nica directa de atenci\u00f3n las 24 horas del d\u00eda, los 7 d\u00edas de la semana, 719-539-7479.<\/p>\n","protected":false},"excerpt":{"rendered":"<p>\u00bfQu\u00e9 es la violencia sexual? La violencia sexual es un t\u00e9rmino general que se usa para describir la atenci\u00f3n, el contacto o una actividad sexual no deseados, sin el consentimiento de la v\u00edctima, que incluye: agresi\u00f3n sexual y violaci\u00f3n acoso sexual explotaci\u00f3n sexual violencia sexual en las relaciones interpersonales abuso sexual de ni\u00f1os incesto Si &#8230; <a title=\"Violencia sexual\" class=\"read-more\" href=\"https:\/\/alliancechaffee.org\/espanol\/violencia-sexual\/\" aria-label=\"More on Violencia sexual\">Read more<\/a><\/p>\n","protected":false},"author":3,"featured_media":0,"parent":0,"menu_order":0,"comment_status":"closed","ping_status":"closed","template":"","meta":{"jetpack_post_was_ever_published":false,"footnotes":""},"class_list":["post-843","page","type-page","status-publish"],"yoast_head":"<!-- This site is optimized with the Yoast SEO plugin v27.4 - https:\/\/yoast.com\/product\/yoast-seo-wordpress\/ -->\n<title>The Alliance Espanol - Salida, Buena Vista and Poncha Springs Colorado - Violencia sexual<\/title>\n<meta name=\"description\" content=\"The Alliance proporciona intervenci\u00f3n en casos de crisis y albergue de emergencia. La l\u00ednea directa The Alliance est\u00e1 disponible las 24 horas, los 7 d\u00edas de la semana, 719-539-7347.\" \/>\n<meta name=\"robots\" content=\"index, follow, max-snippet:-1, max-image-preview:large, max-video-preview:-1\" \/>\n<link rel=\"canonical\" href=\"https:\/\/alliancechaffee.org\/espanol\/violencia-sexual\/\" \/>\n<meta property=\"og:locale\" content=\"en_US\" \/>\n<meta property=\"og:type\" content=\"article\" \/>\n<meta property=\"og:title\" content=\"The Alliance Espanol - Salida, Buena Vista and Poncha Springs Colorado - Violencia sexual\" \/>\n<meta property=\"og:description\" content=\"The Alliance proporciona intervenci\u00f3n en casos de crisis y albergue de emergencia. La l\u00ednea directa The Alliance est\u00e1 disponible las 24 horas, los 7 d\u00edas de la semana, 719-539-7347.\" \/>\n<meta property=\"og:url\" content=\"https:\/\/alliancechaffee.org\/espanol\/violencia-sexual\/\" \/>\n<meta property=\"og:site_name\" content=\"The Alliance Espanol\" \/>\n<meta property=\"article:modified_time\" content=\"2021-09-09T12:12:25+00:00\" \/>\n<meta name=\"twitter:card\" content=\"summary_large_image\" \/>\n<meta name=\"twitter:label1\" content=\"Est. reading time\" \/>\n\t<meta name=\"twitter:data1\" content=\"2 minutes\" \/>\n<script type=\"application\/ld+json\" class=\"yoast-schema-graph\">{\"@context\":\"https:\\\/\\\/schema.org\",\"@graph\":[{\"@type\":\"WebPage\",\"@id\":\"https:\\\/\\\/alliancechaffee.org\\\/espanol\\\/violencia-sexual\\\/\",\"url\":\"https:\\\/\\\/alliancechaffee.org\\\/espanol\\\/violencia-sexual\\\/\",\"name\":\"The Alliance Espanol - Salida, Buena Vista and Poncha Springs Colorado - Violencia sexual\",\"isPartOf\":{\"@id\":\"https:\\\/\\\/alliancechaffee.org\\\/espanol\\\/#website\"},\"datePublished\":\"2017-10-20T17:53:43+00:00\",\"dateModified\":\"2021-09-09T12:12:25+00:00\",\"description\":\"The Alliance proporciona intervenci\u00f3n en casos de crisis y albergue de emergencia. La l\u00ednea directa The Alliance est\u00e1 disponible las 24 horas, los 7 d\u00edas de la semana, 719-539-7347.\",\"breadcrumb\":{\"@id\":\"https:\\\/\\\/alliancechaffee.org\\\/espanol\\\/violencia-sexual\\\/#breadcrumb\"},\"inLanguage\":\"en-US\",\"potentialAction\":[{\"@type\":\"ReadAction\",\"target\":[\"https:\\\/\\\/alliancechaffee.org\\\/espanol\\\/violencia-sexual\\\/\"]}]},{\"@type\":\"BreadcrumbList\",\"@id\":\"https:\\\/\\\/alliancechaffee.org\\\/espanol\\\/violencia-sexual\\\/#breadcrumb\",\"itemListElement\":[{\"@type\":\"ListItem\",\"position\":1,\"name\":\"Home\",\"item\":\"https:\\\/\\\/alliancechaffee.org\\\/espanol\\\/\"},{\"@type\":\"ListItem\",\"position\":2,\"name\":\"Violencia sexual\"}]},{\"@type\":\"WebSite\",\"@id\":\"https:\\\/\\\/alliancechaffee.org\\\/espanol\\\/#website\",\"url\":\"https:\\\/\\\/alliancechaffee.org\\\/espanol\\\/\",\"name\":\"The Alliance Espanol\",\"description\":\"Salida, Buena Vista and Poncha Springs Colorado\",\"publisher\":{\"@id\":\"https:\\\/\\\/alliancechaffee.org\\\/espanol\\\/#organization\"},\"potentialAction\":[{\"@type\":\"SearchAction\",\"target\":{\"@type\":\"EntryPoint\",\"urlTemplate\":\"https:\\\/\\\/alliancechaffee.org\\\/espanol\\\/?s={search_term_string}\"},\"query-input\":{\"@type\":\"PropertyValueSpecification\",\"valueRequired\":true,\"valueName\":\"search_term_string\"}}],\"inLanguage\":\"en-US\"},{\"@type\":\"Organization\",\"@id\":\"https:\\\/\\\/alliancechaffee.org\\\/espanol\\\/#organization\",\"name\":\"The Alliance Espanol\",\"url\":\"https:\\\/\\\/alliancechaffee.org\\\/espanol\\\/\",\"logo\":{\"@type\":\"ImageObject\",\"inLanguage\":\"en-US\",\"@id\":\"https:\\\/\\\/alliancechaffee.org\\\/espanol\\\/#\\\/schema\\\/logo\\\/image\\\/\",\"url\":\"https:\\\/\\\/alliancechaffee.org\\\/espanol\\\/wp-content\\\/uploads\\\/2021\\\/05\\\/cropped-Alliance-Chaffee-logo-450-1.png\",\"contentUrl\":\"https:\\\/\\\/alliancechaffee.org\\\/espanol\\\/wp-content\\\/uploads\\\/2021\\\/05\\\/cropped-Alliance-Chaffee-logo-450-1.png\",\"width\":450,\"height\":350,\"caption\":\"The Alliance Espanol\"},\"image\":{\"@id\":\"https:\\\/\\\/alliancechaffee.org\\\/espanol\\\/#\\\/schema\\\/logo\\\/image\\\/\"}}]}<\/script>\n<!-- \/ Yoast SEO plugin. -->","yoast_head_json":{"title":"The Alliance Espanol - Salida, Buena Vista and Poncha Springs Colorado - Violencia sexual","description":"The Alliance proporciona intervenci\u00f3n en casos de crisis y albergue de emergencia. La l\u00ednea directa The Alliance est\u00e1 disponible las 24 horas, los 7 d\u00edas de la semana, 719-539-7347.","robots":{"index":"index","follow":"follow","max-snippet":"max-snippet:-1","max-image-preview":"max-image-preview:large","max-video-preview":"max-video-preview:-1"},"canonical":"https:\/\/alliancechaffee.org\/espanol\/violencia-sexual\/","og_locale":"en_US","og_type":"article","og_title":"The Alliance Espanol - Salida, Buena Vista and Poncha Springs Colorado - Violencia sexual","og_description":"The Alliance proporciona intervenci\u00f3n en casos de crisis y albergue de emergencia. La l\u00ednea directa The Alliance est\u00e1 disponible las 24 horas, los 7 d\u00edas de la semana, 719-539-7347.","og_url":"https:\/\/alliancechaffee.org\/espanol\/violencia-sexual\/","og_site_name":"The Alliance Espanol","article_modified_time":"2021-09-09T12:12:25+00:00","twitter_card":"summary_large_image","twitter_misc":{"Est. reading time":"2 minutes"},"schema":{"@context":"https:\/\/schema.org","@graph":[{"@type":"WebPage","@id":"https:\/\/alliancechaffee.org\/espanol\/violencia-sexual\/","url":"https:\/\/alliancechaffee.org\/espanol\/violencia-sexual\/","name":"The Alliance Espanol - Salida, Buena Vista and Poncha Springs Colorado - Violencia sexual","isPartOf":{"@id":"https:\/\/alliancechaffee.org\/espanol\/#website"},"datePublished":"2017-10-20T17:53:43+00:00","dateModified":"2021-09-09T12:12:25+00:00","description":"The Alliance proporciona intervenci\u00f3n en casos de crisis y albergue de emergencia. La l\u00ednea directa The Alliance est\u00e1 disponible las 24 horas, los 7 d\u00edas de la semana, 719-539-7347.","breadcrumb":{"@id":"https:\/\/alliancechaffee.org\/espanol\/violencia-sexual\/#breadcrumb"},"inLanguage":"en-US","potentialAction":[{"@type":"ReadAction","target":["https:\/\/alliancechaffee.org\/espanol\/violencia-sexual\/"]}]},{"@type":"BreadcrumbList","@id":"https:\/\/alliancechaffee.org\/espanol\/violencia-sexual\/#breadcrumb","itemListElement":[{"@type":"ListItem","position":1,"name":"Home","item":"https:\/\/alliancechaffee.org\/espanol\/"},{"@type":"ListItem","position":2,"name":"Violencia sexual"}]},{"@type":"WebSite","@id":"https:\/\/alliancechaffee.org\/espanol\/#website","url":"https:\/\/alliancechaffee.org\/espanol\/","name":"The Alliance Espanol","description":"Salida, Buena Vista and Poncha Springs Colorado","publisher":{"@id":"https:\/\/alliancechaffee.org\/espanol\/#organization"},"potentialAction":[{"@type":"SearchAction","target":{"@type":"EntryPoint","urlTemplate":"https:\/\/alliancechaffee.org\/espanol\/?s={search_term_string}"},"query-input":{"@type":"PropertyValueSpecification","valueRequired":true,"valueName":"search_term_string"}}],"inLanguage":"en-US"},{"@type":"Organization","@id":"https:\/\/alliancechaffee.org\/espanol\/#organization","name":"The Alliance Espanol","url":"https:\/\/alliancechaffee.org\/espanol\/","logo":{"@type":"ImageObject","inLanguage":"en-US","@id":"https:\/\/alliancechaffee.org\/espanol\/#\/schema\/logo\/image\/","url":"https:\/\/alliancechaffee.org\/espanol\/wp-content\/uploads\/2021\/05\/cropped-Alliance-Chaffee-logo-450-1.png","contentUrl":"https:\/\/alliancechaffee.org\/espanol\/wp-content\/uploads\/2021\/05\/cropped-Alliance-Chaffee-logo-450-1.png","width":450,"height":350,"caption":"The Alliance Espanol"},"image":{"@id":"https:\/\/alliancechaffee.org\/espanol\/#\/schema\/logo\/image\/"}}]}},"featured_image_src_large":false,"author_info":{"display_name":"Andrea Schulz-Ward","author_link":"https:\/\/alliancechaffee.org\/espanol\/author\/director\/"},"comment_info":0,"taxonomy_info":[],"jetpack_sharing_enabled":true,"jetpack_shortlink":"https:\/\/wp.me\/P9Lsok-dB","_links":{"self":[{"href":"https:\/\/alliancechaffee.org\/espanol\/wp-json\/wp\/v2\/pages\/843","targetHints":{"allow":["GET"]}}],"collection":[{"href":"https:\/\/alliancechaffee.org\/espanol\/wp-json\/wp\/v2\/pages"}],"about":[{"href":"https:\/\/alliancechaffee.org\/espanol\/wp-json\/wp\/v2\/types\/page"}],"author":[{"embeddable":true,"href":"https:\/\/alliancechaffee.org\/espanol\/wp-json\/wp\/v2\/users\/3"}],"replies":[{"embeddable":true,"href":"https:\/\/alliancechaffee.org\/espanol\/wp-json\/wp\/v2\/comments?post=843"}],"version-history":[{"count":1,"href":"https:\/\/alliancechaffee.org\/espanol\/wp-json\/wp\/v2\/pages\/843\/revisions"}],"predecessor-version":[{"id":1162,"href":"https:\/\/alliancechaffee.org\/espanol\/wp-json\/wp\/v2\/pages\/843\/revisions\/1162"}],"wp:attachment":[{"href":"https:\/\/alliancechaffee.org\/espanol\/wp-json\/wp\/v2\/media?parent=843"}],"curies":[{"name":"wp","href":"https:\/\/api.w.org\/{rel}","templated":true}]}}