{"id":71,"date":"2013-03-01T17:10:27","date_gmt":"2013-03-01T17:10:27","guid":{"rendered":"http:\/\/108.179.193.181\/~salidaal\/aada\/?page_id=71"},"modified":"2021-09-09T06:12:24","modified_gmt":"2021-09-09T12:12:24","slug":"prevencion-de-la-violencia-familiar","status":"publish","type":"page","link":"https:\/\/alliancechaffee.org\/espanol\/violencia-familiar\/prevencion-de-la-violencia-familiar\/","title":{"rendered":"Prevenci\u00f3n de la violencia familiar"},"content":{"rendered":"<p>La mejor manera de enfrentarse al abuso es evitar que este ocurra.\u00a0 Las v\u00edctimas necesitan saber sus derechos y la manera de protegerse ellas mismas.\u00a0 Los perpetradores necesitan aprender a manejar sus problemas de poder y control en las relaciones sin recurrir a la violencia.<\/p>\n<ul>\n<li><strong> La concientizaci\u00f3n p\u00fablica puede ayudar a prevenir la violencia familiar.\u00a0\u00a0<\/strong>Cuantas m\u00e1s personas en una comunidad tengan conocimiento del problema de la violencia familiar, es m\u00e1s probable que se les diga a las v\u00edctimas y a los perpetradores que la violencia familiar es un delito.<\/li>\n<li><strong> Las escuelas desempe\u00f1an un papel importante en la educaci\u00f3n para la prevenci\u00f3n.<\/strong> Pueden ense\u00f1ar a los ni\u00f1os a controlar comportamientos violentos con t\u00e9cnicas tales como aislarlos moment\u00e1neamente para que reflexionen o con destrezas de comunicaci\u00f3n.<\/li>\n<li><strong> Los medios de comunicaci\u00f3n tienen una influencia poderosa.<\/strong> Las noticias, los anuncios de inter\u00e9s p\u00fablico, los documentales y las pel\u00edculas de la televisi\u00f3n dan a conocer al p\u00fablico el problema de la violencia familiar y le hacen saber que hay ayuda disponible.\u00a0 Sin embargo, la industria de los medios de comunicaci\u00f3n tambi\u00e9n se debe esforzar para evitar programas que pudieran ocasionar m\u00e1s violencia.<\/li>\n<li><strong> El arresto del agresor es uno de los mejores elementos disuasivos.\u00a0<\/strong>Atrae la atenci\u00f3n y trasmite el mensaje claro de que la sociedad no acepta la violencia familiar.<\/li>\n<\/ul>\n<p>Si le interesa patrocinar una presentaci\u00f3n de The Alliance sobre relaciones sanas, violencia familiar y violencia en el noviazgo, o sobre temas relacionados, en su escuela, organizaci\u00f3n o empresa,\u00a0<a href=\"https:\/\/alliancechaffee.org\/espanol\/contacto\/\"><strong>por favor comun\u00edquese con nosotros<\/strong><\/a>.<\/p>\n<p><img loading=\"lazy\" decoding=\"async\" class=\"wp-image-1298 size-full aligncenter\" src=\"https:\/\/alliancechaffee.org\/espanol\/wp-content\/uploads\/2021\/05\/Poster_SM-300x224-1.jpg\" alt=\"\" width=\"300\" height=\"224\" srcset=\"https:\/\/alliancechaffee.org\/espanol\/wp-content\/uploads\/2021\/05\/Poster_SM-300x224-1.jpg 300w, https:\/\/alliancechaffee.org\/espanol\/wp-content\/uploads\/2021\/05\/Poster_SM-300x224-1-150x112.jpg 150w\" sizes=\"auto, (max-width: 300px) 100vw, 300px\" \/><\/p>\n","protected":false},"excerpt":{"rendered":"<p>La mejor manera de enfrentarse al abuso es evitar que este ocurra.\u00a0 Las v\u00edctimas necesitan saber sus derechos y la manera de protegerse ellas mismas.\u00a0 Los perpetradores necesitan aprender a manejar sus problemas de poder y control en las relaciones sin recurrir a la violencia. La concientizaci\u00f3n p\u00fablica puede ayudar a prevenir la violencia familiar.\u00a0\u00a0Cuantas &#8230; <a title=\"Prevenci\u00f3n de la violencia familiar\" class=\"read-more\" href=\"https:\/\/alliancechaffee.org\/espanol\/violencia-familiar\/prevencion-de-la-violencia-familiar\/\" aria-label=\"More on Prevenci\u00f3n de la violencia familiar\">Read more<\/a><\/p>\n","protected":false},"author":3,"featured_media":0,"parent":39,"menu_order":0,"comment_status":"closed","ping_status":"open","template":"","meta":{"jetpack_post_was_ever_published":false,"footnotes":""},"class_list":["post-71","page","type-page","status-publish"],"yoast_head":"<!-- This site is optimized with the Yoast SEO plugin v27.4 - https:\/\/yoast.com\/product\/yoast-seo-wordpress\/ -->\n<title>The Alliance Espanol - Salida, Buena Vista and Poncha Springs Colorado - Prevenci\u00f3n de la violencia familiar<\/title>\n<meta name=\"description\" content=\"The Alliance proporciona intervenci\u00f3n en casos de crisis y albergue de emergencia. La l\u00ednea directa The Alliance est\u00e1 disponible las 24 horas, los 7 d\u00edas de la semana, 719-539-7347.\" \/>\n<meta name=\"robots\" content=\"index, follow, max-snippet:-1, max-image-preview:large, max-video-preview:-1\" \/>\n<link rel=\"canonical\" href=\"https:\/\/alliancechaffee.org\/espanol\/violencia-familiar\/prevencion-de-la-violencia-familiar\/\" \/>\n<meta property=\"og:locale\" content=\"en_US\" \/>\n<meta property=\"og:type\" content=\"article\" \/>\n<meta property=\"og:title\" content=\"The Alliance Espanol - Salida, Buena Vista and Poncha Springs Colorado - Prevenci\u00f3n de la violencia familiar\" \/>\n<meta property=\"og:description\" content=\"The Alliance proporciona intervenci\u00f3n en casos de crisis y albergue de emergencia. La l\u00ednea directa The Alliance est\u00e1 disponible las 24 horas, los 7 d\u00edas de la semana, 719-539-7347.\" \/>\n<meta property=\"og:url\" content=\"https:\/\/alliancechaffee.org\/espanol\/violencia-familiar\/prevencion-de-la-violencia-familiar\/\" \/>\n<meta property=\"og:site_name\" content=\"The Alliance Espanol\" \/>\n<meta property=\"article:modified_time\" content=\"2021-09-09T12:12:24+00:00\" \/>\n<meta property=\"og:image\" content=\"https:\/\/alliancechaffee.org\/espanol\/wp-content\/uploads\/2021\/05\/Poster_SM-300x224-1.jpg\" \/>\n<meta name=\"twitter:card\" content=\"summary_large_image\" \/>\n<meta name=\"twitter:label1\" content=\"Est. reading time\" \/>\n\t<meta name=\"twitter:data1\" content=\"2 minutes\" \/>\n<script type=\"application\/ld+json\" class=\"yoast-schema-graph\">{\"@context\":\"https:\\\/\\\/schema.org\",\"@graph\":[{\"@type\":\"WebPage\",\"@id\":\"https:\\\/\\\/alliancechaffee.org\\\/espanol\\\/violencia-familiar\\\/prevencion-de-la-violencia-familiar\\\/\",\"url\":\"https:\\\/\\\/alliancechaffee.org\\\/espanol\\\/violencia-familiar\\\/prevencion-de-la-violencia-familiar\\\/\",\"name\":\"The Alliance Espanol - Salida, Buena Vista and Poncha Springs Colorado - Prevenci\u00f3n de la violencia familiar\",\"isPartOf\":{\"@id\":\"https:\\\/\\\/alliancechaffee.org\\\/espanol\\\/#website\"},\"primaryImageOfPage\":{\"@id\":\"https:\\\/\\\/alliancechaffee.org\\\/espanol\\\/violencia-familiar\\\/prevencion-de-la-violencia-familiar\\\/#primaryimage\"},\"image\":{\"@id\":\"https:\\\/\\\/alliancechaffee.org\\\/espanol\\\/violencia-familiar\\\/prevencion-de-la-violencia-familiar\\\/#primaryimage\"},\"thumbnailUrl\":\"https:\\\/\\\/alliancechaffee.org\\\/espanol\\\/wp-content\\\/uploads\\\/2021\\\/05\\\/Poster_SM-300x224-1.jpg\",\"datePublished\":\"2013-03-01T17:10:27+00:00\",\"dateModified\":\"2021-09-09T12:12:24+00:00\",\"description\":\"The Alliance proporciona intervenci\u00f3n en casos de crisis y albergue de emergencia. La l\u00ednea directa The Alliance est\u00e1 disponible las 24 horas, los 7 d\u00edas de la semana, 719-539-7347.\",\"breadcrumb\":{\"@id\":\"https:\\\/\\\/alliancechaffee.org\\\/espanol\\\/violencia-familiar\\\/prevencion-de-la-violencia-familiar\\\/#breadcrumb\"},\"inLanguage\":\"en-US\",\"potentialAction\":[{\"@type\":\"ReadAction\",\"target\":[\"https:\\\/\\\/alliancechaffee.org\\\/espanol\\\/violencia-familiar\\\/prevencion-de-la-violencia-familiar\\\/\"]}]},{\"@type\":\"ImageObject\",\"inLanguage\":\"en-US\",\"@id\":\"https:\\\/\\\/alliancechaffee.org\\\/espanol\\\/violencia-familiar\\\/prevencion-de-la-violencia-familiar\\\/#primaryimage\",\"url\":\"https:\\\/\\\/alliancechaffee.org\\\/espanol\\\/wp-content\\\/uploads\\\/2021\\\/05\\\/Poster_SM-300x224-1.jpg\",\"contentUrl\":\"https:\\\/\\\/alliancechaffee.org\\\/espanol\\\/wp-content\\\/uploads\\\/2021\\\/05\\\/Poster_SM-300x224-1.jpg\",\"width\":300,\"height\":224},{\"@type\":\"BreadcrumbList\",\"@id\":\"https:\\\/\\\/alliancechaffee.org\\\/espanol\\\/violencia-familiar\\\/prevencion-de-la-violencia-familiar\\\/#breadcrumb\",\"itemListElement\":[{\"@type\":\"ListItem\",\"position\":1,\"name\":\"Home\",\"item\":\"https:\\\/\\\/alliancechaffee.org\\\/espanol\\\/\"},{\"@type\":\"ListItem\",\"position\":2,\"name\":\"Violencia familiar\",\"item\":\"https:\\\/\\\/alliancechaffee.org\\\/espanol\\\/violencia-familiar\\\/\"},{\"@type\":\"ListItem\",\"position\":3,\"name\":\"Prevenci\u00f3n de la violencia familiar\"}]},{\"@type\":\"WebSite\",\"@id\":\"https:\\\/\\\/alliancechaffee.org\\\/espanol\\\/#website\",\"url\":\"https:\\\/\\\/alliancechaffee.org\\\/espanol\\\/\",\"name\":\"The Alliance Espanol\",\"description\":\"Salida, Buena Vista and Poncha Springs Colorado\",\"publisher\":{\"@id\":\"https:\\\/\\\/alliancechaffee.org\\\/espanol\\\/#organization\"},\"potentialAction\":[{\"@type\":\"SearchAction\",\"target\":{\"@type\":\"EntryPoint\",\"urlTemplate\":\"https:\\\/\\\/alliancechaffee.org\\\/espanol\\\/?s={search_term_string}\"},\"query-input\":{\"@type\":\"PropertyValueSpecification\",\"valueRequired\":true,\"valueName\":\"search_term_string\"}}],\"inLanguage\":\"en-US\"},{\"@type\":\"Organization\",\"@id\":\"https:\\\/\\\/alliancechaffee.org\\\/espanol\\\/#organization\",\"name\":\"The Alliance Espanol\",\"url\":\"https:\\\/\\\/alliancechaffee.org\\\/espanol\\\/\",\"logo\":{\"@type\":\"ImageObject\",\"inLanguage\":\"en-US\",\"@id\":\"https:\\\/\\\/alliancechaffee.org\\\/espanol\\\/#\\\/schema\\\/logo\\\/image\\\/\",\"url\":\"https:\\\/\\\/alliancechaffee.org\\\/espanol\\\/wp-content\\\/uploads\\\/2021\\\/05\\\/cropped-Alliance-Chaffee-logo-450-1.png\",\"contentUrl\":\"https:\\\/\\\/alliancechaffee.org\\\/espanol\\\/wp-content\\\/uploads\\\/2021\\\/05\\\/cropped-Alliance-Chaffee-logo-450-1.png\",\"width\":450,\"height\":350,\"caption\":\"The Alliance Espanol\"},\"image\":{\"@id\":\"https:\\\/\\\/alliancechaffee.org\\\/espanol\\\/#\\\/schema\\\/logo\\\/image\\\/\"}}]}<\/script>\n<!-- \/ Yoast SEO plugin. -->","yoast_head_json":{"title":"The Alliance Espanol - Salida, Buena Vista and Poncha Springs Colorado - Prevenci\u00f3n de la violencia familiar","description":"The Alliance proporciona intervenci\u00f3n en casos de crisis y albergue de emergencia. La l\u00ednea directa The Alliance est\u00e1 disponible las 24 horas, los 7 d\u00edas de la semana, 719-539-7347.","robots":{"index":"index","follow":"follow","max-snippet":"max-snippet:-1","max-image-preview":"max-image-preview:large","max-video-preview":"max-video-preview:-1"},"canonical":"https:\/\/alliancechaffee.org\/espanol\/violencia-familiar\/prevencion-de-la-violencia-familiar\/","og_locale":"en_US","og_type":"article","og_title":"The Alliance Espanol - Salida, Buena Vista and Poncha Springs Colorado - Prevenci\u00f3n de la violencia familiar","og_description":"The Alliance proporciona intervenci\u00f3n en casos de crisis y albergue de emergencia. La l\u00ednea directa The Alliance est\u00e1 disponible las 24 horas, los 7 d\u00edas de la semana, 719-539-7347.","og_url":"https:\/\/alliancechaffee.org\/espanol\/violencia-familiar\/prevencion-de-la-violencia-familiar\/","og_site_name":"The Alliance Espanol","article_modified_time":"2021-09-09T12:12:24+00:00","og_image":[{"url":"https:\/\/alliancechaffee.org\/espanol\/wp-content\/uploads\/2021\/05\/Poster_SM-300x224-1.jpg","type":"","width":"","height":""}],"twitter_card":"summary_large_image","twitter_misc":{"Est. reading time":"2 minutes"},"schema":{"@context":"https:\/\/schema.org","@graph":[{"@type":"WebPage","@id":"https:\/\/alliancechaffee.org\/espanol\/violencia-familiar\/prevencion-de-la-violencia-familiar\/","url":"https:\/\/alliancechaffee.org\/espanol\/violencia-familiar\/prevencion-de-la-violencia-familiar\/","name":"The Alliance Espanol - Salida, Buena Vista and Poncha Springs Colorado - Prevenci\u00f3n de la violencia familiar","isPartOf":{"@id":"https:\/\/alliancechaffee.org\/espanol\/#website"},"primaryImageOfPage":{"@id":"https:\/\/alliancechaffee.org\/espanol\/violencia-familiar\/prevencion-de-la-violencia-familiar\/#primaryimage"},"image":{"@id":"https:\/\/alliancechaffee.org\/espanol\/violencia-familiar\/prevencion-de-la-violencia-familiar\/#primaryimage"},"thumbnailUrl":"https:\/\/alliancechaffee.org\/espanol\/wp-content\/uploads\/2021\/05\/Poster_SM-300x224-1.jpg","datePublished":"2013-03-01T17:10:27+00:00","dateModified":"2021-09-09T12:12:24+00:00","description":"The Alliance proporciona intervenci\u00f3n en casos de crisis y albergue de emergencia. La l\u00ednea directa The Alliance est\u00e1 disponible las 24 horas, los 7 d\u00edas de la semana, 719-539-7347.","breadcrumb":{"@id":"https:\/\/alliancechaffee.org\/espanol\/violencia-familiar\/prevencion-de-la-violencia-familiar\/#breadcrumb"},"inLanguage":"en-US","potentialAction":[{"@type":"ReadAction","target":["https:\/\/alliancechaffee.org\/espanol\/violencia-familiar\/prevencion-de-la-violencia-familiar\/"]}]},{"@type":"ImageObject","inLanguage":"en-US","@id":"https:\/\/alliancechaffee.org\/espanol\/violencia-familiar\/prevencion-de-la-violencia-familiar\/#primaryimage","url":"https:\/\/alliancechaffee.org\/espanol\/wp-content\/uploads\/2021\/05\/Poster_SM-300x224-1.jpg","contentUrl":"https:\/\/alliancechaffee.org\/espanol\/wp-content\/uploads\/2021\/05\/Poster_SM-300x224-1.jpg","width":300,"height":224},{"@type":"BreadcrumbList","@id":"https:\/\/alliancechaffee.org\/espanol\/violencia-familiar\/prevencion-de-la-violencia-familiar\/#breadcrumb","itemListElement":[{"@type":"ListItem","position":1,"name":"Home","item":"https:\/\/alliancechaffee.org\/espanol\/"},{"@type":"ListItem","position":2,"name":"Violencia familiar","item":"https:\/\/alliancechaffee.org\/espanol\/violencia-familiar\/"},{"@type":"ListItem","position":3,"name":"Prevenci\u00f3n de la violencia familiar"}]},{"@type":"WebSite","@id":"https:\/\/alliancechaffee.org\/espanol\/#website","url":"https:\/\/alliancechaffee.org\/espanol\/","name":"The Alliance Espanol","description":"Salida, Buena Vista and Poncha Springs Colorado","publisher":{"@id":"https:\/\/alliancechaffee.org\/espanol\/#organization"},"potentialAction":[{"@type":"SearchAction","target":{"@type":"EntryPoint","urlTemplate":"https:\/\/alliancechaffee.org\/espanol\/?s={search_term_string}"},"query-input":{"@type":"PropertyValueSpecification","valueRequired":true,"valueName":"search_term_string"}}],"inLanguage":"en-US"},{"@type":"Organization","@id":"https:\/\/alliancechaffee.org\/espanol\/#organization","name":"The Alliance Espanol","url":"https:\/\/alliancechaffee.org\/espanol\/","logo":{"@type":"ImageObject","inLanguage":"en-US","@id":"https:\/\/alliancechaffee.org\/espanol\/#\/schema\/logo\/image\/","url":"https:\/\/alliancechaffee.org\/espanol\/wp-content\/uploads\/2021\/05\/cropped-Alliance-Chaffee-logo-450-1.png","contentUrl":"https:\/\/alliancechaffee.org\/espanol\/wp-content\/uploads\/2021\/05\/cropped-Alliance-Chaffee-logo-450-1.png","width":450,"height":350,"caption":"The Alliance Espanol"},"image":{"@id":"https:\/\/alliancechaffee.org\/espanol\/#\/schema\/logo\/image\/"}}]}},"featured_image_src_large":false,"author_info":{"display_name":"Andrea Schulz-Ward","author_link":"https:\/\/alliancechaffee.org\/espanol\/author\/director\/"},"comment_info":0,"taxonomy_info":[],"jetpack_sharing_enabled":true,"jetpack_shortlink":"https:\/\/wp.me\/P9Lsok-19","_links":{"self":[{"href":"https:\/\/alliancechaffee.org\/espanol\/wp-json\/wp\/v2\/pages\/71","targetHints":{"allow":["GET"]}}],"collection":[{"href":"https:\/\/alliancechaffee.org\/espanol\/wp-json\/wp\/v2\/pages"}],"about":[{"href":"https:\/\/alliancechaffee.org\/espanol\/wp-json\/wp\/v2\/types\/page"}],"author":[{"embeddable":true,"href":"https:\/\/alliancechaffee.org\/espanol\/wp-json\/wp\/v2\/users\/3"}],"replies":[{"embeddable":true,"href":"https:\/\/alliancechaffee.org\/espanol\/wp-json\/wp\/v2\/comments?post=71"}],"version-history":[{"count":2,"href":"https:\/\/alliancechaffee.org\/espanol\/wp-json\/wp\/v2\/pages\/71\/revisions"}],"predecessor-version":[{"id":1299,"href":"https:\/\/alliancechaffee.org\/espanol\/wp-json\/wp\/v2\/pages\/71\/revisions\/1299"}],"up":[{"embeddable":true,"href":"https:\/\/alliancechaffee.org\/espanol\/wp-json\/wp\/v2\/pages\/39"}],"wp:attachment":[{"href":"https:\/\/alliancechaffee.org\/espanol\/wp-json\/wp\/v2\/media?parent=71"}],"curies":[{"name":"wp","href":"https:\/\/api.w.org\/{rel}","templated":true}]}}