{"id":69,"date":"2013-03-01T17:09:21","date_gmt":"2013-03-01T17:09:21","guid":{"rendered":"http:\/\/108.179.193.181\/~salidaal\/aada\/?page_id=69"},"modified":"2021-09-09T06:12:23","modified_gmt":"2021-09-09T12:12:23","slug":"los-agresores","status":"publish","type":"page","link":"https:\/\/alliancechaffee.org\/espanol\/violencia-familiar\/los-agresores\/","title":{"rendered":"Los agresores"},"content":{"rendered":"<p>Los autores de violencia familiar pueden ser de cualquier raza, edad o nivel de ingreso. Los agresores no son f\u00e1ciles de detectar. No existe un agresor &#8220;t\u00edpico&#8221;. Cuando est\u00e1n en p\u00fablico, parecen personas amigables y amables con su pareja y familia. La mayor\u00eda de los agresores son violentos solo con su pareja. Pueden no ser violentos en otros aspectos de sus vidas. Son personas muy celosas y posesivas.<\/p>\n<ul>\n<li><strong>Sostienen una visi\u00f3n r\u00edgida y tradicional de c\u00f3mo deben actuar las mujeres y tienen actitudes negativas hacia las mujeres.<\/strong><\/li>\n<li><strong>Tienden a tener poca tolerancia hacia situaciones de estr\u00e9s.<\/strong><\/li>\n<li><strong>Realizan demandas poco realistas a su pareja.<\/strong><\/li>\n<li><strong>Son encantadores y amables, especialmente con las relaciones externas (amigos, familia, etc.).<\/strong><\/li>\n<\/ul>\n<p>El abuso no es un accidente. No sucede porque una persona est\u00e1 estresada, bebe o consume drogas. <strong>El abuso es un acto intencional que una persona utiliza en una relaci\u00f3n para controlar a otra persona<\/strong>. Los agresores han aprendido a abusar para obtener lo que desean. El abuso puede ser f\u00edsico, sexual, emocional o psicol\u00f3gico.<\/p>\n<p>Por lo general, los agresores tienen baja autoestima y les dificulta hacerse responsables por sus acciones. Muchas personas culpan a la v\u00edctima por el abuso y niegan o minimizan el abuso. En la mayor\u00eda de los casos, los hombres abusan de las mujeres. Sin embargo, es importante recordar que las mujeres tambi\u00e9n pueden acosar y los hombres pueden ser v\u00edctimas.<\/p>\n<p><iframe loading=\"lazy\" src=\"http:\/\/embed.ted.com\/talks\/leslie_morgan_steiner_why_domestic_violence_victims_don_t_leave.html\" width=\"560\" height=\"315\" frameborder=\"0\" scrolling=\"no\" allowfullscreen=\"allowfullscreen\"><\/iframe><\/p>\n","protected":false},"excerpt":{"rendered":"<p>Los autores de violencia familiar pueden ser de cualquier raza, edad o nivel de ingreso. Los agresores no son f\u00e1ciles de detectar. No existe un agresor &#8220;t\u00edpico&#8221;. Cuando est\u00e1n en p\u00fablico, parecen personas amigables y amables con su pareja y familia. La mayor\u00eda de los agresores son violentos solo con su pareja. Pueden no ser &#8230; <a title=\"Los agresores\" class=\"read-more\" href=\"https:\/\/alliancechaffee.org\/espanol\/violencia-familiar\/los-agresores\/\" aria-label=\"More on Los agresores\">Read more<\/a><\/p>\n","protected":false},"author":3,"featured_media":0,"parent":39,"menu_order":0,"comment_status":"closed","ping_status":"open","template":"","meta":{"jetpack_post_was_ever_published":false,"footnotes":""},"class_list":["post-69","page","type-page","status-publish"],"yoast_head":"<!-- This site is optimized with the Yoast SEO plugin v27.4 - https:\/\/yoast.com\/product\/yoast-seo-wordpress\/ -->\n<title>The Alliance Espanol - Salida, Buena Vista and Poncha Springs Colorado - Los agresores<\/title>\n<meta name=\"description\" content=\"The Alliance proporciona intervenci\u00f3n en casos de crisis y albergue de emergencia. La l\u00ednea directa The Alliance est\u00e1 disponible las 24 horas, los 7 d\u00edas de la semana, 719-539-7347.\" \/>\n<meta name=\"robots\" content=\"index, follow, max-snippet:-1, max-image-preview:large, max-video-preview:-1\" \/>\n<link rel=\"canonical\" href=\"https:\/\/alliancechaffee.org\/espanol\/violencia-familiar\/los-agresores\/\" \/>\n<meta property=\"og:locale\" content=\"en_US\" \/>\n<meta property=\"og:type\" content=\"article\" \/>\n<meta property=\"og:title\" content=\"The Alliance Espanol - Salida, Buena Vista and Poncha Springs Colorado - Los agresores\" \/>\n<meta property=\"og:description\" content=\"The Alliance proporciona intervenci\u00f3n en casos de crisis y albergue de emergencia. La l\u00ednea directa The Alliance est\u00e1 disponible las 24 horas, los 7 d\u00edas de la semana, 719-539-7347.\" \/>\n<meta property=\"og:url\" content=\"https:\/\/alliancechaffee.org\/espanol\/violencia-familiar\/los-agresores\/\" \/>\n<meta property=\"og:site_name\" content=\"The Alliance Espanol\" \/>\n<meta property=\"article:modified_time\" content=\"2021-09-09T12:12:23+00:00\" \/>\n<meta name=\"twitter:card\" content=\"summary_large_image\" \/>\n<meta name=\"twitter:label1\" content=\"Est. reading time\" \/>\n\t<meta name=\"twitter:data1\" content=\"2 minutes\" \/>\n<script type=\"application\/ld+json\" class=\"yoast-schema-graph\">{\"@context\":\"https:\\\/\\\/schema.org\",\"@graph\":[{\"@type\":\"WebPage\",\"@id\":\"https:\\\/\\\/alliancechaffee.org\\\/espanol\\\/violencia-familiar\\\/los-agresores\\\/\",\"url\":\"https:\\\/\\\/alliancechaffee.org\\\/espanol\\\/violencia-familiar\\\/los-agresores\\\/\",\"name\":\"The Alliance Espanol - Salida, Buena Vista and Poncha Springs Colorado - Los agresores\",\"isPartOf\":{\"@id\":\"https:\\\/\\\/alliancechaffee.org\\\/espanol\\\/#website\"},\"datePublished\":\"2013-03-01T17:09:21+00:00\",\"dateModified\":\"2021-09-09T12:12:23+00:00\",\"description\":\"The Alliance proporciona intervenci\u00f3n en casos de crisis y albergue de emergencia. La l\u00ednea directa The Alliance est\u00e1 disponible las 24 horas, los 7 d\u00edas de la semana, 719-539-7347.\",\"breadcrumb\":{\"@id\":\"https:\\\/\\\/alliancechaffee.org\\\/espanol\\\/violencia-familiar\\\/los-agresores\\\/#breadcrumb\"},\"inLanguage\":\"en-US\",\"potentialAction\":[{\"@type\":\"ReadAction\",\"target\":[\"https:\\\/\\\/alliancechaffee.org\\\/espanol\\\/violencia-familiar\\\/los-agresores\\\/\"]}]},{\"@type\":\"BreadcrumbList\",\"@id\":\"https:\\\/\\\/alliancechaffee.org\\\/espanol\\\/violencia-familiar\\\/los-agresores\\\/#breadcrumb\",\"itemListElement\":[{\"@type\":\"ListItem\",\"position\":1,\"name\":\"Home\",\"item\":\"https:\\\/\\\/alliancechaffee.org\\\/espanol\\\/\"},{\"@type\":\"ListItem\",\"position\":2,\"name\":\"Violencia familiar\",\"item\":\"https:\\\/\\\/alliancechaffee.org\\\/espanol\\\/violencia-familiar\\\/\"},{\"@type\":\"ListItem\",\"position\":3,\"name\":\"Los agresores\"}]},{\"@type\":\"WebSite\",\"@id\":\"https:\\\/\\\/alliancechaffee.org\\\/espanol\\\/#website\",\"url\":\"https:\\\/\\\/alliancechaffee.org\\\/espanol\\\/\",\"name\":\"The Alliance Espanol\",\"description\":\"Salida, Buena Vista and Poncha Springs Colorado\",\"publisher\":{\"@id\":\"https:\\\/\\\/alliancechaffee.org\\\/espanol\\\/#organization\"},\"potentialAction\":[{\"@type\":\"SearchAction\",\"target\":{\"@type\":\"EntryPoint\",\"urlTemplate\":\"https:\\\/\\\/alliancechaffee.org\\\/espanol\\\/?s={search_term_string}\"},\"query-input\":{\"@type\":\"PropertyValueSpecification\",\"valueRequired\":true,\"valueName\":\"search_term_string\"}}],\"inLanguage\":\"en-US\"},{\"@type\":\"Organization\",\"@id\":\"https:\\\/\\\/alliancechaffee.org\\\/espanol\\\/#organization\",\"name\":\"The Alliance Espanol\",\"url\":\"https:\\\/\\\/alliancechaffee.org\\\/espanol\\\/\",\"logo\":{\"@type\":\"ImageObject\",\"inLanguage\":\"en-US\",\"@id\":\"https:\\\/\\\/alliancechaffee.org\\\/espanol\\\/#\\\/schema\\\/logo\\\/image\\\/\",\"url\":\"https:\\\/\\\/alliancechaffee.org\\\/espanol\\\/wp-content\\\/uploads\\\/2021\\\/05\\\/cropped-Alliance-Chaffee-logo-450-1.png\",\"contentUrl\":\"https:\\\/\\\/alliancechaffee.org\\\/espanol\\\/wp-content\\\/uploads\\\/2021\\\/05\\\/cropped-Alliance-Chaffee-logo-450-1.png\",\"width\":450,\"height\":350,\"caption\":\"The Alliance Espanol\"},\"image\":{\"@id\":\"https:\\\/\\\/alliancechaffee.org\\\/espanol\\\/#\\\/schema\\\/logo\\\/image\\\/\"}}]}<\/script>\n<!-- \/ Yoast SEO plugin. -->","yoast_head_json":{"title":"The Alliance Espanol - Salida, Buena Vista and Poncha Springs Colorado - Los agresores","description":"The Alliance proporciona intervenci\u00f3n en casos de crisis y albergue de emergencia. La l\u00ednea directa The Alliance est\u00e1 disponible las 24 horas, los 7 d\u00edas de la semana, 719-539-7347.","robots":{"index":"index","follow":"follow","max-snippet":"max-snippet:-1","max-image-preview":"max-image-preview:large","max-video-preview":"max-video-preview:-1"},"canonical":"https:\/\/alliancechaffee.org\/espanol\/violencia-familiar\/los-agresores\/","og_locale":"en_US","og_type":"article","og_title":"The Alliance Espanol - Salida, Buena Vista and Poncha Springs Colorado - Los agresores","og_description":"The Alliance proporciona intervenci\u00f3n en casos de crisis y albergue de emergencia. La l\u00ednea directa The Alliance est\u00e1 disponible las 24 horas, los 7 d\u00edas de la semana, 719-539-7347.","og_url":"https:\/\/alliancechaffee.org\/espanol\/violencia-familiar\/los-agresores\/","og_site_name":"The Alliance Espanol","article_modified_time":"2021-09-09T12:12:23+00:00","twitter_card":"summary_large_image","twitter_misc":{"Est. reading time":"2 minutes"},"schema":{"@context":"https:\/\/schema.org","@graph":[{"@type":"WebPage","@id":"https:\/\/alliancechaffee.org\/espanol\/violencia-familiar\/los-agresores\/","url":"https:\/\/alliancechaffee.org\/espanol\/violencia-familiar\/los-agresores\/","name":"The Alliance Espanol - Salida, Buena Vista and Poncha Springs Colorado - Los agresores","isPartOf":{"@id":"https:\/\/alliancechaffee.org\/espanol\/#website"},"datePublished":"2013-03-01T17:09:21+00:00","dateModified":"2021-09-09T12:12:23+00:00","description":"The Alliance proporciona intervenci\u00f3n en casos de crisis y albergue de emergencia. La l\u00ednea directa The Alliance est\u00e1 disponible las 24 horas, los 7 d\u00edas de la semana, 719-539-7347.","breadcrumb":{"@id":"https:\/\/alliancechaffee.org\/espanol\/violencia-familiar\/los-agresores\/#breadcrumb"},"inLanguage":"en-US","potentialAction":[{"@type":"ReadAction","target":["https:\/\/alliancechaffee.org\/espanol\/violencia-familiar\/los-agresores\/"]}]},{"@type":"BreadcrumbList","@id":"https:\/\/alliancechaffee.org\/espanol\/violencia-familiar\/los-agresores\/#breadcrumb","itemListElement":[{"@type":"ListItem","position":1,"name":"Home","item":"https:\/\/alliancechaffee.org\/espanol\/"},{"@type":"ListItem","position":2,"name":"Violencia familiar","item":"https:\/\/alliancechaffee.org\/espanol\/violencia-familiar\/"},{"@type":"ListItem","position":3,"name":"Los agresores"}]},{"@type":"WebSite","@id":"https:\/\/alliancechaffee.org\/espanol\/#website","url":"https:\/\/alliancechaffee.org\/espanol\/","name":"The Alliance Espanol","description":"Salida, Buena Vista and Poncha Springs Colorado","publisher":{"@id":"https:\/\/alliancechaffee.org\/espanol\/#organization"},"potentialAction":[{"@type":"SearchAction","target":{"@type":"EntryPoint","urlTemplate":"https:\/\/alliancechaffee.org\/espanol\/?s={search_term_string}"},"query-input":{"@type":"PropertyValueSpecification","valueRequired":true,"valueName":"search_term_string"}}],"inLanguage":"en-US"},{"@type":"Organization","@id":"https:\/\/alliancechaffee.org\/espanol\/#organization","name":"The Alliance Espanol","url":"https:\/\/alliancechaffee.org\/espanol\/","logo":{"@type":"ImageObject","inLanguage":"en-US","@id":"https:\/\/alliancechaffee.org\/espanol\/#\/schema\/logo\/image\/","url":"https:\/\/alliancechaffee.org\/espanol\/wp-content\/uploads\/2021\/05\/cropped-Alliance-Chaffee-logo-450-1.png","contentUrl":"https:\/\/alliancechaffee.org\/espanol\/wp-content\/uploads\/2021\/05\/cropped-Alliance-Chaffee-logo-450-1.png","width":450,"height":350,"caption":"The Alliance Espanol"},"image":{"@id":"https:\/\/alliancechaffee.org\/espanol\/#\/schema\/logo\/image\/"}}]}},"featured_image_src_large":false,"author_info":{"display_name":"Andrea Schulz-Ward","author_link":"https:\/\/alliancechaffee.org\/espanol\/author\/director\/"},"comment_info":0,"taxonomy_info":[],"jetpack_sharing_enabled":true,"jetpack_shortlink":"https:\/\/wp.me\/P9Lsok-17","_links":{"self":[{"href":"https:\/\/alliancechaffee.org\/espanol\/wp-json\/wp\/v2\/pages\/69","targetHints":{"allow":["GET"]}}],"collection":[{"href":"https:\/\/alliancechaffee.org\/espanol\/wp-json\/wp\/v2\/pages"}],"about":[{"href":"https:\/\/alliancechaffee.org\/espanol\/wp-json\/wp\/v2\/types\/page"}],"author":[{"embeddable":true,"href":"https:\/\/alliancechaffee.org\/espanol\/wp-json\/wp\/v2\/users\/3"}],"replies":[{"embeddable":true,"href":"https:\/\/alliancechaffee.org\/espanol\/wp-json\/wp\/v2\/comments?post=69"}],"version-history":[{"count":3,"href":"https:\/\/alliancechaffee.org\/espanol\/wp-json\/wp\/v2\/pages\/69\/revisions"}],"predecessor-version":[{"id":1277,"href":"https:\/\/alliancechaffee.org\/espanol\/wp-json\/wp\/v2\/pages\/69\/revisions\/1277"}],"up":[{"embeddable":true,"href":"https:\/\/alliancechaffee.org\/espanol\/wp-json\/wp\/v2\/pages\/39"}],"wp:attachment":[{"href":"https:\/\/alliancechaffee.org\/espanol\/wp-json\/wp\/v2\/media?parent=69"}],"curies":[{"name":"wp","href":"https:\/\/api.w.org\/{rel}","templated":true}]}}