{"id":61,"date":"2013-03-01T17:03:27","date_gmt":"2013-03-01T17:03:27","guid":{"rendered":"http:\/\/108.179.193.181\/~salidaal\/aada\/?page_id=61"},"modified":"2021-09-09T06:12:24","modified_gmt":"2021-09-09T12:12:24","slug":"relaciones-sanas-y-enfermizas","status":"publish","type":"page","link":"https:\/\/alliancechaffee.org\/espanol\/violencia-familiar\/relaciones-sanas-y-enfermizas\/","title":{"rendered":"Relaciones: sanas y enfermizas"},"content":{"rendered":"<p><strong>\u00bfEs su relaci\u00f3n sana o enfermiza?<\/strong><\/p>\n<p><strong>En una relaci\u00f3n sana, usted encontrar\u00e1:<\/strong><\/p>\n<p><img loading=\"lazy\" decoding=\"async\" class=\"wp-image-1301 size-full alignright\" src=\"https:\/\/alliancechaffee.org\/espanol\/wp-content\/uploads\/2021\/05\/comforting-hands_SM1-300x200-1.jpg\" alt=\"\" width=\"300\" height=\"200\" srcset=\"https:\/\/alliancechaffee.org\/espanol\/wp-content\/uploads\/2021\/05\/comforting-hands_SM1-300x200-1.jpg 300w, https:\/\/alliancechaffee.org\/espanol\/wp-content\/uploads\/2021\/05\/comforting-hands_SM1-300x200-1-150x100.jpg 150w\" sizes=\"auto, (max-width: 300px) 100vw, 300px\" \/><\/p>\n<ul>\n<li>Igualdad.<\/li>\n<li>Respeto mutuo.<\/li>\n<li>Libertad de ser usted misma o mismo.<\/li>\n<li>Libertad de expresar sus opiniones y tomar sus decisiones.<\/li>\n<li>Libertad de socializar con sus amigos y familiares.<\/li>\n<li>Libertad de hacer cosas sola o solo.<\/li>\n<li>Libertad de compartir el poder de tomar decisiones.<\/li>\n<li>Libertad de decir \u201cno\u201d.<\/li>\n<li>Libertad de rehusarse a salir con alguien.<\/li>\n<li>Libertad de controlar su propio dinero y posesiones.<\/li>\n<li>Libertad de terminar una relaci\u00f3n.<\/li>\n<li>Libertad de vivir libre de temor y abuso.<\/li>\n<\/ul>\n<p><strong>En una relaci\u00f3n sana usted tambi\u00e9n encontrar\u00e1:<\/strong><\/p>\n<ul>\n<li>Se siente integrada o integrado en la relaci\u00f3n y usted y su pareja son iguales.<\/li>\n<li>Puede darse cuenta de lo que necesita y cuidarse sola o solo.<\/li>\n<li>Puede escuchar sus sentimientos reales.<\/li>\n<li>Puede expresar lo que piensa, cambiar de opini\u00f3n y cuestionar el mundo que la rodea o lo rodea.<\/li>\n<li>Puede ser diferente a su familia, amigos, y a los ideales y las im\u00e1genes de los medios de comunicaci\u00f3n.<\/li>\n<li>Puede sentirse y estar segura o seguro.<\/li>\n<li>Puede volverse independiente.<\/li>\n<li>Puede seguir sus pasiones y ser quien realmente es.<\/li>\n<\/ul>\n<p><img loading=\"lazy\" decoding=\"async\" class=\"aligncenter size-tb_medium wp-image-1034\" src=\"https:\/\/alliancechaffee.org\/espanol\/wp-content\/uploads\/2018\/03\/wheel4_l-500x498.jpg\" alt=\"\" width=\"500\" height=\"498\" srcset=\"https:\/\/alliancechaffee.org\/espanol\/wp-content\/uploads\/2018\/03\/wheel4_l.jpg 500w, https:\/\/alliancechaffee.org\/espanol\/wp-content\/uploads\/2018\/03\/wheel4_l-150x149.jpg 150w, https:\/\/alliancechaffee.org\/espanol\/wp-content\/uploads\/2018\/03\/wheel4_l-200x200.jpg 200w\" sizes=\"auto, (max-width: 500px) 100vw, 500px\" \/><\/p>\n<p><strong>En una relaci\u00f3n enfermiza, usted encontrar\u00e1 que alguien:<\/strong><\/p>\n<ul>\n<li>Est\u00e1 tratando de controlarla o controlarlo.<\/li>\n<li>La amedrenta o lo amedrenta.<\/li>\n<li>La cela o lo cela demasiado y es posesivo.<\/li>\n<li>Exhibe ira explosiva.<\/li>\n<li>La manipula o lo manipula.<\/li>\n<li>La amenaza o lo amenaza e intimida (p. ej., amenazas de lesionarla o lesionarlo o amenazas de suicidio si usted no hace lo que esta persona quiere).<\/li>\n<li>Abusa verbalmente de usted (p. ej., la insulta o lo insulta, la hace o lo hace sentir in\u00fatil con sus palabras).<\/li>\n<li>La humilla o lo humilla (la insulta o lo insulta o averg\u00fcenza en p\u00fablico).<\/li>\n<li>La persigue o lo persique (la o lo \u201cinvestiga\u201d siempre).<\/li>\n<li>La agrede o lo agrede f\u00edsicamente, como por ejemplo:<\/li>\n<li>La empuja o lo empuja.<\/li>\n<li>La abofetea o lo abofetea.<\/li>\n<li>La patea o lo patea.<\/li>\n<li>La pellizca o lo pellizca.<\/li>\n<li>La muerde o lo muerde.<\/li>\n<li>La golpea o lo golpea.<\/li>\n<li>Le tuerce el brazo.<\/li>\n<li>Tiene relaciones sexuales con usted sin su consentimiento (o sea, agresi\u00f3n sexual).<\/li>\n<\/ul>\n<p><img loading=\"lazy\" decoding=\"async\" class=\"aligncenter\" src=\"https:\/\/alliancechaffee.org\/espanol\/wp-content\/uploads\/2018\/03\/violencia_intrafamiliar_381899_t0.jpg\" alt=\"\" width=\"457\" height=\"439\" \/><\/p>\n<p><strong>Consideraciones sobre las relaciones<\/strong><\/p>\n<ol>\n<li>No se case por las razones equivocadas,\u00a0 estas incluyen:\u00a0 temor a la soledad, sentimiento de que est\u00e1 incompleta sin un marido o una mujer, para evitar la vida infeliz que lleva en su hogar, dependencia financiera, preocupaci\u00f3n de que se la considere \u201cuna solterona o un solter\u00f3n\u201d, la necesidad de \u201csalvar\u201d a la otra persona, o la actitud de que \u201cun hombre o una mujer me cuidar\u00e1 por el resto de mi vida\u201d.<\/li>\n<li>Sea usted misma o mismo.\u00a0 Si se le dificulta ser usted misma o mismo con su pareja, examine detenidamente la relaci\u00f3n.\u00a0 Si usted tiene que cambiar sus creencias, opiniones o valores para mantener la relaci\u00f3n, esta podr\u00eda no ser la mejor para usted.<\/li>\n<li>Conozca a su pareja.\u00a0 Aprenda c\u00f3mo su pareja se relaciona con los hombres y las mujeres en general, c\u00f3mo trata a sus familiares y amigos, y c\u00f3mo maneja la frustraci\u00f3n y la ira.\u00a0 Ent\u00e9rese de las relaciones pasadas de su pareja.\u00a0 \u00bfHubo abuso en esas relaciones?<\/li>\n<li>Antes del matrimonio comunique sus metas, necesidades, creencias, filosof\u00eda personal.\u00a0 Sea clara o claro en los temas de los hijos y las finanzas.<\/li>\n<li>Conf\u00ede en sus intuiciones sobre la persona con la que piensa casarse.\u00a0 Las dudas naturales sobre el matrimonio son normales; las inquietudes sobre la pareja que preocupan profundamente son una se\u00f1al de que habr\u00e1 problemas.\u00a0 Si tiene dudas, comun\u00edquese con un consejero para hablar sobre las maneras de resolver esos problemas antes de casarse.<\/li>\n<li>Sea realista sobre las expectativas de cambiar despu\u00e9s del matrimonio.\u00a0 Los conflictos que no se resuelven antes del matrimonio, no desaparecer\u00e1n milagrosamente despu\u00e9s del matrimonio.\u00a0 De hecho, muchos conflictos pueden empeorar despu\u00e9s del matrimonio.<\/li>\n<li>Finalmente, si se involucra en una relaci\u00f3n abusiva, busque inmediatamente ayuda, no espere que se establezca un patr\u00f3n de violencia.\u00a0 Use su sistema de apoyo. \u00a1Comun\u00edquese con nosotros para solicitar orientaci\u00f3n o albergue!<\/li>\n<\/ol>\n","protected":false},"excerpt":{"rendered":"<p>\u00bfEs su relaci\u00f3n sana o enfermiza? En una relaci\u00f3n sana, usted encontrar\u00e1: Igualdad. Respeto mutuo. Libertad de ser usted misma o mismo. Libertad de expresar sus opiniones y tomar sus decisiones. Libertad de socializar con sus amigos y familiares. Libertad de hacer cosas sola o solo. Libertad de compartir el poder de tomar decisiones. Libertad &#8230; <a title=\"Relaciones: sanas y enfermizas\" class=\"read-more\" href=\"https:\/\/alliancechaffee.org\/espanol\/violencia-familiar\/relaciones-sanas-y-enfermizas\/\" aria-label=\"More on Relaciones: sanas y enfermizas\">Read more<\/a><\/p>\n","protected":false},"author":3,"featured_media":0,"parent":39,"menu_order":0,"comment_status":"closed","ping_status":"open","template":"","meta":{"jetpack_post_was_ever_published":false,"footnotes":""},"class_list":["post-61","page","type-page","status-publish"],"yoast_head":"<!-- This site is optimized with the Yoast SEO plugin v27.4 - https:\/\/yoast.com\/product\/yoast-seo-wordpress\/ -->\n<title>The Alliance Espanol - Salida, Buena Vista and Poncha Springs Colorado - Relaciones: sanas y enfermizas<\/title>\n<meta name=\"description\" content=\"The Alliance proporciona intervenci\u00f3n en casos de crisis y albergue de emergencia. La l\u00ednea directa The Alliance est\u00e1 disponible las 24 horas, los 7 d\u00edas de la semana, 719-539-7347.\" \/>\n<meta name=\"robots\" content=\"index, follow, max-snippet:-1, max-image-preview:large, max-video-preview:-1\" \/>\n<link rel=\"canonical\" href=\"https:\/\/alliancechaffee.org\/espanol\/violencia-familiar\/relaciones-sanas-y-enfermizas\/\" \/>\n<meta property=\"og:locale\" content=\"en_US\" \/>\n<meta property=\"og:type\" content=\"article\" \/>\n<meta property=\"og:title\" content=\"The Alliance Espanol - Salida, Buena Vista and Poncha Springs Colorado - Relaciones: sanas y enfermizas\" \/>\n<meta property=\"og:description\" content=\"The Alliance proporciona intervenci\u00f3n en casos de crisis y albergue de emergencia. La l\u00ednea directa The Alliance est\u00e1 disponible las 24 horas, los 7 d\u00edas de la semana, 719-539-7347.\" \/>\n<meta property=\"og:url\" content=\"https:\/\/alliancechaffee.org\/espanol\/violencia-familiar\/relaciones-sanas-y-enfermizas\/\" \/>\n<meta property=\"og:site_name\" content=\"The Alliance Espanol\" \/>\n<meta property=\"article:modified_time\" content=\"2021-09-09T12:12:24+00:00\" \/>\n<meta property=\"og:image\" content=\"https:\/\/alliancechaffee.org\/espanol\/wp-content\/uploads\/2021\/05\/comforting-hands_SM1-300x200-1.jpg\" \/>\n<meta name=\"twitter:card\" content=\"summary_large_image\" \/>\n<meta name=\"twitter:label1\" content=\"Est. reading time\" \/>\n\t<meta name=\"twitter:data1\" content=\"4 minutes\" \/>\n<script type=\"application\/ld+json\" class=\"yoast-schema-graph\">{\"@context\":\"https:\\\/\\\/schema.org\",\"@graph\":[{\"@type\":\"WebPage\",\"@id\":\"https:\\\/\\\/alliancechaffee.org\\\/espanol\\\/violencia-familiar\\\/relaciones-sanas-y-enfermizas\\\/\",\"url\":\"https:\\\/\\\/alliancechaffee.org\\\/espanol\\\/violencia-familiar\\\/relaciones-sanas-y-enfermizas\\\/\",\"name\":\"The Alliance Espanol - Salida, Buena Vista and Poncha Springs Colorado - Relaciones: sanas y enfermizas\",\"isPartOf\":{\"@id\":\"https:\\\/\\\/alliancechaffee.org\\\/espanol\\\/#website\"},\"primaryImageOfPage\":{\"@id\":\"https:\\\/\\\/alliancechaffee.org\\\/espanol\\\/violencia-familiar\\\/relaciones-sanas-y-enfermizas\\\/#primaryimage\"},\"image\":{\"@id\":\"https:\\\/\\\/alliancechaffee.org\\\/espanol\\\/violencia-familiar\\\/relaciones-sanas-y-enfermizas\\\/#primaryimage\"},\"thumbnailUrl\":\"https:\\\/\\\/alliancechaffee.org\\\/espanol\\\/wp-content\\\/uploads\\\/2021\\\/05\\\/comforting-hands_SM1-300x200-1.jpg\",\"datePublished\":\"2013-03-01T17:03:27+00:00\",\"dateModified\":\"2021-09-09T12:12:24+00:00\",\"description\":\"The Alliance proporciona intervenci\u00f3n en casos de crisis y albergue de emergencia. La l\u00ednea directa The Alliance est\u00e1 disponible las 24 horas, los 7 d\u00edas de la semana, 719-539-7347.\",\"breadcrumb\":{\"@id\":\"https:\\\/\\\/alliancechaffee.org\\\/espanol\\\/violencia-familiar\\\/relaciones-sanas-y-enfermizas\\\/#breadcrumb\"},\"inLanguage\":\"en-US\",\"potentialAction\":[{\"@type\":\"ReadAction\",\"target\":[\"https:\\\/\\\/alliancechaffee.org\\\/espanol\\\/violencia-familiar\\\/relaciones-sanas-y-enfermizas\\\/\"]}]},{\"@type\":\"ImageObject\",\"inLanguage\":\"en-US\",\"@id\":\"https:\\\/\\\/alliancechaffee.org\\\/espanol\\\/violencia-familiar\\\/relaciones-sanas-y-enfermizas\\\/#primaryimage\",\"url\":\"https:\\\/\\\/alliancechaffee.org\\\/espanol\\\/wp-content\\\/uploads\\\/2021\\\/05\\\/comforting-hands_SM1-300x200-1.jpg\",\"contentUrl\":\"https:\\\/\\\/alliancechaffee.org\\\/espanol\\\/wp-content\\\/uploads\\\/2021\\\/05\\\/comforting-hands_SM1-300x200-1.jpg\",\"width\":300,\"height\":200},{\"@type\":\"BreadcrumbList\",\"@id\":\"https:\\\/\\\/alliancechaffee.org\\\/espanol\\\/violencia-familiar\\\/relaciones-sanas-y-enfermizas\\\/#breadcrumb\",\"itemListElement\":[{\"@type\":\"ListItem\",\"position\":1,\"name\":\"Home\",\"item\":\"https:\\\/\\\/alliancechaffee.org\\\/espanol\\\/\"},{\"@type\":\"ListItem\",\"position\":2,\"name\":\"Violencia familiar\",\"item\":\"https:\\\/\\\/alliancechaffee.org\\\/espanol\\\/violencia-familiar\\\/\"},{\"@type\":\"ListItem\",\"position\":3,\"name\":\"Relaciones: sanas y enfermizas\"}]},{\"@type\":\"WebSite\",\"@id\":\"https:\\\/\\\/alliancechaffee.org\\\/espanol\\\/#website\",\"url\":\"https:\\\/\\\/alliancechaffee.org\\\/espanol\\\/\",\"name\":\"The Alliance Espanol\",\"description\":\"Salida, Buena Vista and Poncha Springs Colorado\",\"publisher\":{\"@id\":\"https:\\\/\\\/alliancechaffee.org\\\/espanol\\\/#organization\"},\"potentialAction\":[{\"@type\":\"SearchAction\",\"target\":{\"@type\":\"EntryPoint\",\"urlTemplate\":\"https:\\\/\\\/alliancechaffee.org\\\/espanol\\\/?s={search_term_string}\"},\"query-input\":{\"@type\":\"PropertyValueSpecification\",\"valueRequired\":true,\"valueName\":\"search_term_string\"}}],\"inLanguage\":\"en-US\"},{\"@type\":\"Organization\",\"@id\":\"https:\\\/\\\/alliancechaffee.org\\\/espanol\\\/#organization\",\"name\":\"The Alliance Espanol\",\"url\":\"https:\\\/\\\/alliancechaffee.org\\\/espanol\\\/\",\"logo\":{\"@type\":\"ImageObject\",\"inLanguage\":\"en-US\",\"@id\":\"https:\\\/\\\/alliancechaffee.org\\\/espanol\\\/#\\\/schema\\\/logo\\\/image\\\/\",\"url\":\"https:\\\/\\\/alliancechaffee.org\\\/espanol\\\/wp-content\\\/uploads\\\/2021\\\/05\\\/cropped-Alliance-Chaffee-logo-450-1.png\",\"contentUrl\":\"https:\\\/\\\/alliancechaffee.org\\\/espanol\\\/wp-content\\\/uploads\\\/2021\\\/05\\\/cropped-Alliance-Chaffee-logo-450-1.png\",\"width\":450,\"height\":350,\"caption\":\"The Alliance Espanol\"},\"image\":{\"@id\":\"https:\\\/\\\/alliancechaffee.org\\\/espanol\\\/#\\\/schema\\\/logo\\\/image\\\/\"}}]}<\/script>\n<!-- \/ Yoast SEO plugin. -->","yoast_head_json":{"title":"The Alliance Espanol - Salida, Buena Vista and Poncha Springs Colorado - Relaciones: sanas y enfermizas","description":"The Alliance proporciona intervenci\u00f3n en casos de crisis y albergue de emergencia. La l\u00ednea directa The Alliance est\u00e1 disponible las 24 horas, los 7 d\u00edas de la semana, 719-539-7347.","robots":{"index":"index","follow":"follow","max-snippet":"max-snippet:-1","max-image-preview":"max-image-preview:large","max-video-preview":"max-video-preview:-1"},"canonical":"https:\/\/alliancechaffee.org\/espanol\/violencia-familiar\/relaciones-sanas-y-enfermizas\/","og_locale":"en_US","og_type":"article","og_title":"The Alliance Espanol - Salida, Buena Vista and Poncha Springs Colorado - Relaciones: sanas y enfermizas","og_description":"The Alliance proporciona intervenci\u00f3n en casos de crisis y albergue de emergencia. La l\u00ednea directa The Alliance est\u00e1 disponible las 24 horas, los 7 d\u00edas de la semana, 719-539-7347.","og_url":"https:\/\/alliancechaffee.org\/espanol\/violencia-familiar\/relaciones-sanas-y-enfermizas\/","og_site_name":"The Alliance Espanol","article_modified_time":"2021-09-09T12:12:24+00:00","og_image":[{"url":"https:\/\/alliancechaffee.org\/espanol\/wp-content\/uploads\/2021\/05\/comforting-hands_SM1-300x200-1.jpg","type":"","width":"","height":""}],"twitter_card":"summary_large_image","twitter_misc":{"Est. reading time":"4 minutes"},"schema":{"@context":"https:\/\/schema.org","@graph":[{"@type":"WebPage","@id":"https:\/\/alliancechaffee.org\/espanol\/violencia-familiar\/relaciones-sanas-y-enfermizas\/","url":"https:\/\/alliancechaffee.org\/espanol\/violencia-familiar\/relaciones-sanas-y-enfermizas\/","name":"The Alliance Espanol - Salida, Buena Vista and Poncha Springs Colorado - Relaciones: sanas y enfermizas","isPartOf":{"@id":"https:\/\/alliancechaffee.org\/espanol\/#website"},"primaryImageOfPage":{"@id":"https:\/\/alliancechaffee.org\/espanol\/violencia-familiar\/relaciones-sanas-y-enfermizas\/#primaryimage"},"image":{"@id":"https:\/\/alliancechaffee.org\/espanol\/violencia-familiar\/relaciones-sanas-y-enfermizas\/#primaryimage"},"thumbnailUrl":"https:\/\/alliancechaffee.org\/espanol\/wp-content\/uploads\/2021\/05\/comforting-hands_SM1-300x200-1.jpg","datePublished":"2013-03-01T17:03:27+00:00","dateModified":"2021-09-09T12:12:24+00:00","description":"The Alliance proporciona intervenci\u00f3n en casos de crisis y albergue de emergencia. La l\u00ednea directa The Alliance est\u00e1 disponible las 24 horas, los 7 d\u00edas de la semana, 719-539-7347.","breadcrumb":{"@id":"https:\/\/alliancechaffee.org\/espanol\/violencia-familiar\/relaciones-sanas-y-enfermizas\/#breadcrumb"},"inLanguage":"en-US","potentialAction":[{"@type":"ReadAction","target":["https:\/\/alliancechaffee.org\/espanol\/violencia-familiar\/relaciones-sanas-y-enfermizas\/"]}]},{"@type":"ImageObject","inLanguage":"en-US","@id":"https:\/\/alliancechaffee.org\/espanol\/violencia-familiar\/relaciones-sanas-y-enfermizas\/#primaryimage","url":"https:\/\/alliancechaffee.org\/espanol\/wp-content\/uploads\/2021\/05\/comforting-hands_SM1-300x200-1.jpg","contentUrl":"https:\/\/alliancechaffee.org\/espanol\/wp-content\/uploads\/2021\/05\/comforting-hands_SM1-300x200-1.jpg","width":300,"height":200},{"@type":"BreadcrumbList","@id":"https:\/\/alliancechaffee.org\/espanol\/violencia-familiar\/relaciones-sanas-y-enfermizas\/#breadcrumb","itemListElement":[{"@type":"ListItem","position":1,"name":"Home","item":"https:\/\/alliancechaffee.org\/espanol\/"},{"@type":"ListItem","position":2,"name":"Violencia familiar","item":"https:\/\/alliancechaffee.org\/espanol\/violencia-familiar\/"},{"@type":"ListItem","position":3,"name":"Relaciones: sanas y enfermizas"}]},{"@type":"WebSite","@id":"https:\/\/alliancechaffee.org\/espanol\/#website","url":"https:\/\/alliancechaffee.org\/espanol\/","name":"The Alliance Espanol","description":"Salida, Buena Vista and Poncha Springs Colorado","publisher":{"@id":"https:\/\/alliancechaffee.org\/espanol\/#organization"},"potentialAction":[{"@type":"SearchAction","target":{"@type":"EntryPoint","urlTemplate":"https:\/\/alliancechaffee.org\/espanol\/?s={search_term_string}"},"query-input":{"@type":"PropertyValueSpecification","valueRequired":true,"valueName":"search_term_string"}}],"inLanguage":"en-US"},{"@type":"Organization","@id":"https:\/\/alliancechaffee.org\/espanol\/#organization","name":"The Alliance Espanol","url":"https:\/\/alliancechaffee.org\/espanol\/","logo":{"@type":"ImageObject","inLanguage":"en-US","@id":"https:\/\/alliancechaffee.org\/espanol\/#\/schema\/logo\/image\/","url":"https:\/\/alliancechaffee.org\/espanol\/wp-content\/uploads\/2021\/05\/cropped-Alliance-Chaffee-logo-450-1.png","contentUrl":"https:\/\/alliancechaffee.org\/espanol\/wp-content\/uploads\/2021\/05\/cropped-Alliance-Chaffee-logo-450-1.png","width":450,"height":350,"caption":"The Alliance Espanol"},"image":{"@id":"https:\/\/alliancechaffee.org\/espanol\/#\/schema\/logo\/image\/"}}]}},"featured_image_src_large":false,"author_info":{"display_name":"Andrea Schulz-Ward","author_link":"https:\/\/alliancechaffee.org\/espanol\/author\/director\/"},"comment_info":0,"taxonomy_info":[],"jetpack_sharing_enabled":true,"jetpack_shortlink":"https:\/\/wp.me\/P9Lsok-Z","_links":{"self":[{"href":"https:\/\/alliancechaffee.org\/espanol\/wp-json\/wp\/v2\/pages\/61","targetHints":{"allow":["GET"]}}],"collection":[{"href":"https:\/\/alliancechaffee.org\/espanol\/wp-json\/wp\/v2\/pages"}],"about":[{"href":"https:\/\/alliancechaffee.org\/espanol\/wp-json\/wp\/v2\/types\/page"}],"author":[{"embeddable":true,"href":"https:\/\/alliancechaffee.org\/espanol\/wp-json\/wp\/v2\/users\/3"}],"replies":[{"embeddable":true,"href":"https:\/\/alliancechaffee.org\/espanol\/wp-json\/wp\/v2\/comments?post=61"}],"version-history":[{"count":2,"href":"https:\/\/alliancechaffee.org\/espanol\/wp-json\/wp\/v2\/pages\/61\/revisions"}],"predecessor-version":[{"id":1302,"href":"https:\/\/alliancechaffee.org\/espanol\/wp-json\/wp\/v2\/pages\/61\/revisions\/1302"}],"up":[{"embeddable":true,"href":"https:\/\/alliancechaffee.org\/espanol\/wp-json\/wp\/v2\/pages\/39"}],"wp:attachment":[{"href":"https:\/\/alliancechaffee.org\/espanol\/wp-json\/wp\/v2\/media?parent=61"}],"curies":[{"name":"wp","href":"https:\/\/api.w.org\/{rel}","templated":true}]}}