{"id":553,"date":"2015-05-30T15:17:03","date_gmt":"2015-05-30T15:17:03","guid":{"rendered":"http:\/\/salidaalliance.org\/?page_id=553"},"modified":"2021-09-09T06:12:17","modified_gmt":"2021-09-09T12:12:17","slug":"oportunidades-de-empleo","status":"publish","type":"page","link":"https:\/\/alliancechaffee.org\/espanol\/oportunidades-de-empleo\/","title":{"rendered":"Oportunidades de empleo"},"content":{"rendered":"\n<h2 class=\"alignwide has-text-align-left wp-block-heading\">Gerente de Evaluaci\u00f3n y Subvenciones<\/h2>\n\n\n\n<p>Apoyar a sobrevivientes de violencia dom\u00e9stica y sexual con trabajo directo con el cliente, recolecci\u00f3n y an\u00e1lisis de datos estrat\u00e9gicos, evaluaci\u00f3n de programas y administraci\u00f3n e informes de subvenciones. <a href=\"https:\/\/alliancechaffee.org\/employment-opportunities\/evaluation-and-grant-manager\/\">Aprende m\u00e1s y aplicalo aqui.<\/a><\/p>\n","protected":false},"excerpt":{"rendered":"<p>Gerente de Evaluaci\u00f3n y Subvenciones Apoyar a sobrevivientes de violencia dom\u00e9stica y sexual con trabajo directo con el cliente, recolecci\u00f3n y an\u00e1lisis de datos estrat\u00e9gicos, evaluaci\u00f3n de programas y administraci\u00f3n e informes de subvenciones. Aprende m\u00e1s y aplicalo aqui.<\/p>\n","protected":false},"author":3,"featured_media":0,"parent":0,"menu_order":0,"comment_status":"closed","ping_status":"open","template":"","meta":{"jetpack_post_was_ever_published":false,"footnotes":""},"class_list":["post-553","page","type-page","status-publish"],"yoast_head":"<!-- This site is optimized with the Yoast SEO plugin v27.4 - https:\/\/yoast.com\/product\/yoast-seo-wordpress\/ -->\n<title>The Alliance Espanol - Salida, Buena Vista and Poncha Springs Colorado - Oportunidades de empleo<\/title>\n<meta name=\"description\" content=\"The Alliance proporciona intervenci\u00f3n en casos de crisis y albergue de emergencia. La l\u00ednea directa The Alliance est\u00e1 disponible las 24 horas, los 7 d\u00edas de la semana, 719-539-7347.\" \/>\n<meta name=\"robots\" content=\"index, follow, max-snippet:-1, max-image-preview:large, max-video-preview:-1\" \/>\n<link rel=\"canonical\" href=\"https:\/\/alliancechaffee.org\/espanol\/oportunidades-de-empleo\/\" \/>\n<meta property=\"og:locale\" content=\"en_US\" \/>\n<meta property=\"og:type\" content=\"article\" \/>\n<meta property=\"og:title\" content=\"The Alliance Espanol - Salida, Buena Vista and Poncha Springs Colorado - Oportunidades de empleo\" \/>\n<meta property=\"og:description\" content=\"The Alliance proporciona intervenci\u00f3n en casos de crisis y albergue de emergencia. La l\u00ednea directa The Alliance est\u00e1 disponible las 24 horas, los 7 d\u00edas de la semana, 719-539-7347.\" \/>\n<meta property=\"og:url\" content=\"https:\/\/alliancechaffee.org\/espanol\/oportunidades-de-empleo\/\" \/>\n<meta property=\"og:site_name\" content=\"The Alliance Espanol\" \/>\n<meta property=\"article:modified_time\" content=\"2021-09-09T12:12:17+00:00\" \/>\n<meta name=\"twitter:card\" content=\"summary_large_image\" \/>\n<meta name=\"twitter:label1\" content=\"Est. reading time\" \/>\n\t<meta name=\"twitter:data1\" content=\"1 minute\" \/>\n<script type=\"application\/ld+json\" class=\"yoast-schema-graph\">{\"@context\":\"https:\\\/\\\/schema.org\",\"@graph\":[{\"@type\":\"WebPage\",\"@id\":\"https:\\\/\\\/alliancechaffee.org\\\/espanol\\\/oportunidades-de-empleo\\\/\",\"url\":\"https:\\\/\\\/alliancechaffee.org\\\/espanol\\\/oportunidades-de-empleo\\\/\",\"name\":\"The Alliance Espanol - Salida, Buena Vista and Poncha Springs Colorado - Oportunidades de empleo\",\"isPartOf\":{\"@id\":\"https:\\\/\\\/alliancechaffee.org\\\/espanol\\\/#website\"},\"datePublished\":\"2015-05-30T15:17:03+00:00\",\"dateModified\":\"2021-09-09T12:12:17+00:00\",\"description\":\"The Alliance proporciona intervenci\u00f3n en casos de crisis y albergue de emergencia. La l\u00ednea directa The Alliance est\u00e1 disponible las 24 horas, los 7 d\u00edas de la semana, 719-539-7347.\",\"breadcrumb\":{\"@id\":\"https:\\\/\\\/alliancechaffee.org\\\/espanol\\\/oportunidades-de-empleo\\\/#breadcrumb\"},\"inLanguage\":\"en-US\",\"potentialAction\":[{\"@type\":\"ReadAction\",\"target\":[\"https:\\\/\\\/alliancechaffee.org\\\/espanol\\\/oportunidades-de-empleo\\\/\"]}]},{\"@type\":\"BreadcrumbList\",\"@id\":\"https:\\\/\\\/alliancechaffee.org\\\/espanol\\\/oportunidades-de-empleo\\\/#breadcrumb\",\"itemListElement\":[{\"@type\":\"ListItem\",\"position\":1,\"name\":\"Home\",\"item\":\"https:\\\/\\\/alliancechaffee.org\\\/espanol\\\/\"},{\"@type\":\"ListItem\",\"position\":2,\"name\":\"Oportunidades de empleo\"}]},{\"@type\":\"WebSite\",\"@id\":\"https:\\\/\\\/alliancechaffee.org\\\/espanol\\\/#website\",\"url\":\"https:\\\/\\\/alliancechaffee.org\\\/espanol\\\/\",\"name\":\"The Alliance Espanol\",\"description\":\"Salida, Buena Vista and Poncha Springs Colorado\",\"publisher\":{\"@id\":\"https:\\\/\\\/alliancechaffee.org\\\/espanol\\\/#organization\"},\"potentialAction\":[{\"@type\":\"SearchAction\",\"target\":{\"@type\":\"EntryPoint\",\"urlTemplate\":\"https:\\\/\\\/alliancechaffee.org\\\/espanol\\\/?s={search_term_string}\"},\"query-input\":{\"@type\":\"PropertyValueSpecification\",\"valueRequired\":true,\"valueName\":\"search_term_string\"}}],\"inLanguage\":\"en-US\"},{\"@type\":\"Organization\",\"@id\":\"https:\\\/\\\/alliancechaffee.org\\\/espanol\\\/#organization\",\"name\":\"The Alliance Espanol\",\"url\":\"https:\\\/\\\/alliancechaffee.org\\\/espanol\\\/\",\"logo\":{\"@type\":\"ImageObject\",\"inLanguage\":\"en-US\",\"@id\":\"https:\\\/\\\/alliancechaffee.org\\\/espanol\\\/#\\\/schema\\\/logo\\\/image\\\/\",\"url\":\"https:\\\/\\\/alliancechaffee.org\\\/espanol\\\/wp-content\\\/uploads\\\/2021\\\/05\\\/cropped-Alliance-Chaffee-logo-450-1.png\",\"contentUrl\":\"https:\\\/\\\/alliancechaffee.org\\\/espanol\\\/wp-content\\\/uploads\\\/2021\\\/05\\\/cropped-Alliance-Chaffee-logo-450-1.png\",\"width\":450,\"height\":350,\"caption\":\"The Alliance Espanol\"},\"image\":{\"@id\":\"https:\\\/\\\/alliancechaffee.org\\\/espanol\\\/#\\\/schema\\\/logo\\\/image\\\/\"}}]}<\/script>\n<!-- \/ Yoast SEO plugin. -->","yoast_head_json":{"title":"The Alliance Espanol - Salida, Buena Vista and Poncha Springs Colorado - Oportunidades de empleo","description":"The Alliance proporciona intervenci\u00f3n en casos de crisis y albergue de emergencia. La l\u00ednea directa The Alliance est\u00e1 disponible las 24 horas, los 7 d\u00edas de la semana, 719-539-7347.","robots":{"index":"index","follow":"follow","max-snippet":"max-snippet:-1","max-image-preview":"max-image-preview:large","max-video-preview":"max-video-preview:-1"},"canonical":"https:\/\/alliancechaffee.org\/espanol\/oportunidades-de-empleo\/","og_locale":"en_US","og_type":"article","og_title":"The Alliance Espanol - Salida, Buena Vista and Poncha Springs Colorado - Oportunidades de empleo","og_description":"The Alliance proporciona intervenci\u00f3n en casos de crisis y albergue de emergencia. La l\u00ednea directa The Alliance est\u00e1 disponible las 24 horas, los 7 d\u00edas de la semana, 719-539-7347.","og_url":"https:\/\/alliancechaffee.org\/espanol\/oportunidades-de-empleo\/","og_site_name":"The Alliance Espanol","article_modified_time":"2021-09-09T12:12:17+00:00","twitter_card":"summary_large_image","twitter_misc":{"Est. reading time":"1 minute"},"schema":{"@context":"https:\/\/schema.org","@graph":[{"@type":"WebPage","@id":"https:\/\/alliancechaffee.org\/espanol\/oportunidades-de-empleo\/","url":"https:\/\/alliancechaffee.org\/espanol\/oportunidades-de-empleo\/","name":"The Alliance Espanol - Salida, Buena Vista and Poncha Springs Colorado - Oportunidades de empleo","isPartOf":{"@id":"https:\/\/alliancechaffee.org\/espanol\/#website"},"datePublished":"2015-05-30T15:17:03+00:00","dateModified":"2021-09-09T12:12:17+00:00","description":"The Alliance proporciona intervenci\u00f3n en casos de crisis y albergue de emergencia. La l\u00ednea directa The Alliance est\u00e1 disponible las 24 horas, los 7 d\u00edas de la semana, 719-539-7347.","breadcrumb":{"@id":"https:\/\/alliancechaffee.org\/espanol\/oportunidades-de-empleo\/#breadcrumb"},"inLanguage":"en-US","potentialAction":[{"@type":"ReadAction","target":["https:\/\/alliancechaffee.org\/espanol\/oportunidades-de-empleo\/"]}]},{"@type":"BreadcrumbList","@id":"https:\/\/alliancechaffee.org\/espanol\/oportunidades-de-empleo\/#breadcrumb","itemListElement":[{"@type":"ListItem","position":1,"name":"Home","item":"https:\/\/alliancechaffee.org\/espanol\/"},{"@type":"ListItem","position":2,"name":"Oportunidades de empleo"}]},{"@type":"WebSite","@id":"https:\/\/alliancechaffee.org\/espanol\/#website","url":"https:\/\/alliancechaffee.org\/espanol\/","name":"The Alliance Espanol","description":"Salida, Buena Vista and Poncha Springs Colorado","publisher":{"@id":"https:\/\/alliancechaffee.org\/espanol\/#organization"},"potentialAction":[{"@type":"SearchAction","target":{"@type":"EntryPoint","urlTemplate":"https:\/\/alliancechaffee.org\/espanol\/?s={search_term_string}"},"query-input":{"@type":"PropertyValueSpecification","valueRequired":true,"valueName":"search_term_string"}}],"inLanguage":"en-US"},{"@type":"Organization","@id":"https:\/\/alliancechaffee.org\/espanol\/#organization","name":"The Alliance Espanol","url":"https:\/\/alliancechaffee.org\/espanol\/","logo":{"@type":"ImageObject","inLanguage":"en-US","@id":"https:\/\/alliancechaffee.org\/espanol\/#\/schema\/logo\/image\/","url":"https:\/\/alliancechaffee.org\/espanol\/wp-content\/uploads\/2021\/05\/cropped-Alliance-Chaffee-logo-450-1.png","contentUrl":"https:\/\/alliancechaffee.org\/espanol\/wp-content\/uploads\/2021\/05\/cropped-Alliance-Chaffee-logo-450-1.png","width":450,"height":350,"caption":"The Alliance Espanol"},"image":{"@id":"https:\/\/alliancechaffee.org\/espanol\/#\/schema\/logo\/image\/"}}]}},"featured_image_src_large":false,"author_info":{"display_name":"Andrea Schulz-Ward","author_link":"https:\/\/alliancechaffee.org\/espanol\/author\/director\/"},"comment_info":0,"taxonomy_info":[],"jetpack_sharing_enabled":true,"jetpack_shortlink":"https:\/\/wp.me\/P9Lsok-8V","_links":{"self":[{"href":"https:\/\/alliancechaffee.org\/espanol\/wp-json\/wp\/v2\/pages\/553","targetHints":{"allow":["GET"]}}],"collection":[{"href":"https:\/\/alliancechaffee.org\/espanol\/wp-json\/wp\/v2\/pages"}],"about":[{"href":"https:\/\/alliancechaffee.org\/espanol\/wp-json\/wp\/v2\/types\/page"}],"author":[{"embeddable":true,"href":"https:\/\/alliancechaffee.org\/espanol\/wp-json\/wp\/v2\/users\/3"}],"replies":[{"embeddable":true,"href":"https:\/\/alliancechaffee.org\/espanol\/wp-json\/wp\/v2\/comments?post=553"}],"version-history":[{"count":3,"href":"https:\/\/alliancechaffee.org\/espanol\/wp-json\/wp\/v2\/pages\/553\/revisions"}],"predecessor-version":[{"id":1217,"href":"https:\/\/alliancechaffee.org\/espanol\/wp-json\/wp\/v2\/pages\/553\/revisions\/1217"}],"wp:attachment":[{"href":"https:\/\/alliancechaffee.org\/espanol\/wp-json\/wp\/v2\/media?parent=553"}],"curies":[{"name":"wp","href":"https:\/\/api.w.org\/{rel}","templated":true}]}}