{"id":48,"date":"2013-03-01T16:46:35","date_gmt":"2013-03-01T16:46:35","guid":{"rendered":"http:\/\/108.179.193.181\/~salidaal\/aada\/?page_id=48"},"modified":"2021-09-09T06:12:24","modified_gmt":"2021-09-09T12:12:24","slug":"mitos-sobre-la-violencia-familiar","status":"publish","type":"page","link":"https:\/\/alliancechaffee.org\/espanol\/violencia-familiar\/mitos-sobre-la-violencia-familiar\/","title":{"rendered":"Mitos sobre la violencia familiar"},"content":{"rendered":"<p><strong>MITO N.\u00b0 1:<\/strong>\u00a0 Solo un peque\u00f1o porcentaje de la poblaci\u00f3n es afectado por la violencia familiar.<\/p>\n<p><strong>HECHO:<\/strong>\u00a0 En Estados Unidos, en promedio, cada minuto 24 personas son v\u00edctimas de violaci\u00f3n, violencia f\u00edsica o persecuci\u00f3n por parte de una pareja \u00edntima; esto equivale a m\u00e1s de 12 millones de mujeres y hombres en el transcurso de un a\u00f1o.<a href=\"#links\">[1]<\/a>\u201d<\/p>\n<p><strong>MITO N.\u00b0 2:<\/strong>\u00a0 La violencia familiar es una \u201cp\u00e9rdida del control\u201d.<\/p>\n<p><strong>HECHO:<\/strong>\u00a0 El comportamiento violento es una decisi\u00f3n. Los perpetradores lo usan para controlar a sus v\u00edctimas. La violencia familiar se trata de agresores que usan su control, no que pierden el control.\u00a0 Sus acciones son deliberadas.<\/p>\n<p><strong>MITO N.\u00b0 3:<\/strong> El problema real es las parejas que se agreden mutuamente. Las mujeres son tan violentas como los hombres.<\/p>\n<p><strong>HECHO:<\/strong>\u00a0 Por lo general las mujeres entre 18 y 24 a\u00f1os y entre 25 y 34 a\u00f1os sufren las tasas m\u00e1s altas de violencia por parte de la pareja \u00edntima. Del 1994 al 2010, aproximadamente 4 de cada 5 v\u00edctimas de la pareja \u00edntima fueron mujeres. Los hombres tambi\u00e9n pueden ser v\u00edctimas, pero raramente lo reportan.<a href=\"#links\">[2]<\/a><\/p>\n<p><strong>MITO N.\u00b0 4:<\/strong>\u00a0 Por lo general las mujeres maltratadas son pobres, no tienen educaci\u00f3n y tienen pocas destrezas de trabajo.<\/p>\n<p><strong>HECHO:<\/strong> La violencia familiar no discrimina por sexo, raza, clase, edad, orientaci\u00f3n sexual o nivel de educaci\u00f3n.<\/p>\n<p><strong>MITO N.\u00b0 5:<\/strong>\u00a0 La bebida causa comportamientos violentos.<\/p>\n<p><strong>HECHO:<\/strong> Muchos agresores tambi\u00e9n abusan del alcohol, y una situaci\u00f3n violenta podr\u00eda empeorar con la bebida. Pero el alcohol NO CAUSA la violencia. La embriaguez no es una excusa para la violencia.<\/p>\n<p><strong>MITO N.\u00b0 6:<\/strong>\u00a0 Una pareja maltratada siempre puede abandonar el hogar, \u201cSi las cosas est\u00e1n tan mal, \u00bfpor qu\u00e9 no se van?\u201d<\/p>\n<p><strong>HECHO:<\/strong> La violencia familiar crea la amenaza de que las mujeres y los ni\u00f1os de recursos econ\u00f3micos limitados se queden sin hogar. Entre las mujeres y los ni\u00f1os que no tienen hogar, m\u00e1s del 80 % experimentaron anteriormente violencia familiar.<a href=\"#links\">[3]<\/a>\u00a016 % de las personas sin hogar son v\u00edctimas de violencia familiar.<a href=\"#links\">[4]<\/a> 84 % de las mujeres sin hogar han sufrido abuso f\u00edsico o sexual severo en alg\u00fan momento de su vida.<a href=\"#links\">[5]<\/a><\/p>\n<p><strong>MITO N.\u00b0 7:<\/strong>\u00a0 Las personas que agreden a sus parejas raramente agreden a sus hijos, y los hijos que solo presencian el abuso no resultan afectados adversamente.<\/p>\n<p><strong>HECHO:<\/strong> 3.3 millones: N\u00famero estimado de ni\u00f1os en EE.\u00a0UU. que cada a\u00f1o presencian actos de violencia en contra de su madre o de la mujer que los cuida por parte de un miembro de la familia. 40-60: Porcentaje de hombres que agreden a las mujeres y que tambi\u00e9n agreden a los ni\u00f1os.<a href=\"#links\">[6]<\/a>\u00a0Los ni\u00f1os que est\u00e1n expuestos a la violencia en el hogar tienen 15 veces m\u00e1s probabilidades de ser agredidos f\u00edsica y\/o sexualmente que el promedio nacional.<a href=\"#links\">[7]<\/a><\/p>\n<p><strong>MITO N.\u00b0 8:<\/strong>\u00a0 Los agresores son violentos en todas sus relaciones.<\/p>\n<p><strong>HECHO:<\/strong>\u00a0 Los agresores deciden ser violentos en contra de su pareja en maneras que nunca considerar\u00edan tratar a otras personas.<\/p>\n<p><strong>MITO N.\u00b0 9:<\/strong>\u00a0 La mayor\u00eda de las v\u00edctimas que pueden dejar una relaci\u00f3n violenta no regresan a ella.<\/p>\n<p><strong>HECHO:<\/strong> Las v\u00edctimas dejan una relaci\u00f3n de abuso un promedio de 7 veces antes de abandonarla definitivamente, pero de un 60 a un 70% de las v\u00edctimas eventualmente dejan la relaci\u00f3n.<\/p>\n<p><strong>MITO N.\u00b0 10:<\/strong>\u00a0 La v\u00edctima es responsable del abuso porque \u201cprovoca\u201d al agresor.<\/p>\n<p><strong>HECHO:<\/strong> Las personas que agreden a otras son responsables de sus propias acciones.\u00a0 Estas personas tienen muchas opciones para manejar su ira.<\/p>\n<p><strong>MITO N.\u00b0 11:<\/strong>\u00a0 Una mujer que ha sido maltratada una vez, siempre ser\u00e1 una mujer maltratada.<\/p>\n<p><strong>HECHO:<\/strong>\u00a0 Aunque algunas mujeres maltratadas han estado en m\u00e1s de una relaci\u00f3n de abuso, las mujeres que reciben servicios por violencia familiar tienen menos probabilidades de iniciar otra relaci\u00f3n abusiva.<\/p>\n<p><strong>MITO N.\u00b0 12:<\/strong>\u00a0 La severidad de los incidentes de maltrato no aumenta con el tiempo.<\/p>\n<p><strong>HECHO:\u00a0\u00a0<\/strong>La violencia familiar ignorada casi siempre aumenta en frecuencia y severidad.<a href=\"#links\">[8]<\/a>\u00a0En el 70-80 % de los homicidios cometidos por parejas \u00edntimas, independientemente de la pareja que resulte asesinada, el hombre agredi\u00f3 a la mujer antes del asesinato.<a href=\"#links\">[9]<\/a>\u00a0175,000: N\u00famero de d\u00edas de trabajo que los empleados estadounidenses pierden al a\u00f1o debido a la violencia familiar.<a href=\"#links\">[10]<\/a><\/p>\n<p><strong>MITO N.\u00b0 13:<\/strong>\u00a0 Es m\u00e1s probable que los hombres ayuden a una mujer que est\u00e1 siendo atacada por un hombre, a que ayuden a un hombre que est\u00e1 siendo atacado por otro hombre.<\/p>\n<p><strong>HECHO:<\/strong> Es m\u00e1s probable que los hombres intervengan en una pelea entre dos hombres que en una pelea entre una mujer y un hombre.\u00a0 La mayor\u00eda de la gente piensa que la violencia familiar es un \u201casunto privado\u201d y que no le importa a nadie m\u00e1s.<\/p>\n<p><strong>MITO N.\u00b0 14:<\/strong>\u00a0 Una mujer no puede ser violada por su marido o un hombre no puede ser violado por su mujer.<\/p>\n<figure id=\"attachment_1289\" aria-describedby=\"caption-attachment-1289\" style=\"width: 290px\" class=\"wp-caption alignright\"><img loading=\"lazy\" decoding=\"async\" class=\"size-full wp-image-1289\" src=\"https:\/\/alliancechaffee.org\/espanol\/wp-content\/uploads\/2021\/05\/stop_SM-300x200-1.jpg\" alt=\"\" width=\"300\" height=\"200\" srcset=\"https:\/\/alliancechaffee.org\/espanol\/wp-content\/uploads\/2021\/05\/stop_SM-300x200-1.jpg 300w, https:\/\/alliancechaffee.org\/espanol\/wp-content\/uploads\/2021\/05\/stop_SM-300x200-1-150x100.jpg 150w\" sizes=\"auto, (max-width: 300px) 100vw, 300px\" \/><figcaption id=\"caption-attachment-1289\" class=\"wp-caption-text\">Hecho: una mujer PUEDE ser violada por su marido.<\/figcaption><\/figure>\n<p><strong>HECHO:<\/strong> La violaci\u00f3n marital es el delito que menos se reporta. Las mujeres que son violadas por sus maridos representan el doble de aquellas violadas por extra\u00f1os.\u00a0 Se estima que de 20 a 30% de todas las mujeres maltratadas tambi\u00e9n son violadas rutinariamente como parte del patr\u00f3n general de abuso.\u00a0 En muchos estados es legal que un hombre viole a su esposa<strong>.<\/strong><\/p>\n<p><strong>MITO N.\u00b0 15:<\/strong>\u00a0 No es com\u00fan que un esposo golpee a su esposa cuando est\u00e1 embarazada.<\/p>\n<p><strong>HECHO:<\/strong> Un 25 % de las mujeres maltratadas sufren abuso f\u00edsico durante el embarazo.<\/p>\n<p><strong>MITO N.\u00b0 16:<\/strong>\u00a0 La violencia familiar es por lo general un evento \u00fanico y aislado.<\/p>\n<p><strong>HECHO:<\/strong>\u00a0 La violencia familiar es un patr\u00f3n de intimidaci\u00f3n y control que una persona ejerce sobre otra. No es solo un ataque f\u00edsico, incluye el uso repetido de varias t\u00e1cticas: intimidaci\u00f3n, amenazas, privaciones econ\u00f3micas, aislamiento, abuso psicol\u00f3gico y sexual. La violencia f\u00edsica es solo una de estas t\u00e1cticas. Las varias formas de abuso mantienen el poder y el control.<\/p>\n<p><strong>MITO N.\u00b0 17:<\/strong>\u00a0 Los hombres tienen derecho de disciplinar a su pareja cuando esta se porta mal. El maltrato no es un delito.<\/p>\n<p><strong>HECHO:<\/strong>\u00a0 Aunque nuestra sociedad deriva de un sistema legal patriarcal que una vez otorg\u00f3 a los hombres el derecho de castigar f\u00edsicamente a sus esposas e hijos, en la actualidad ya no vivimos bajo ese sistema. Las mujeres y los ni\u00f1os ya no se consideran propiedad de los hombres, y <strong>LA VIOLENCIA FAMILIAR ES UN DELITO EN TODOS LOS ESTADOS DEL PA\u00cdS.<\/strong><br \/>\n<a id=\"links\" name=\"links\"><\/a><\/p>\n<hr \/>\n<p><strong>Bibliograf\u00eda<\/strong><\/p>\n<p>[1] <a href=\"https:\/\/www.cdc.gov\/violenceprevention\/intimatepartnerviolence\/index.html\" target=\"_blank\" rel=\"noopener noreferrer\">https:\/\/www.cdc.gov\/violenceprevention\/intimatepartnerviolence\/index.html<\/a><\/p>\n<p>[2] <a href=\"http:\/\/www.bjs.gov\/content\/pub\/pdf\/ipv9310.pdf\" target=\"_blank\" rel=\"noopener noreferrer\">http:\/\/www.bjs.gov\/content\/pub\/pdf\/ipv9310.pdf<\/a><\/p>\n<p>[3] <a href=\"http:\/\/www.nccp.org\/publications\/pdf\/text_888.pdf\" target=\"_blank\" rel=\"noopener noreferrer\">http:\/\/www.nccp.org\/publications\/pdf\/text_888.pdf<\/a><\/p>\n<p>[4] Conference of Mayors 2016 Status <a href=\"https:\/\/endhomelessness.atavist.com\/mayorsreport2016\">Report on Hunger &amp; Homelessness<\/a>, A 32-City Survey (2016)<\/p>\n<p>[5] Browne, A. 1998. &#8220;Responding to the Needs of Low Income and Homeless Women Who are Survivors of Family Violence.&#8221; Journal of American Medical Women&#8217;s Association. 53(2): 57-64.<\/p>\n<p>[6] <a href=\"http:\/\/www.padv.org\/\" target=\"_blank\" rel=\"noopener noreferrer\">http:\/\/www.padv.org\/documents\/Statistics_DV.pdf<\/a><\/p>\n<p>[7] Volpe, J.S., \u201cEffects of Domestic Violence on Children and Adolescents: An Overview\u201d, The American Academy of Experts in Traumatic Stress, 1996.<\/p>\n<p>[8] <a href=\"http:\/\/ccwrc.org\/about-abuse\/about-domestic-violence\/\" target=\"_blank\" rel=\"noopener noreferrer\">http:\/\/ccwrc.org\/about-abuse\/about-domestic-violence\/<\/a><\/p>\n<p>[9] Campbell, et al. (2003). \u201cAssessing Risk Factors for Intimate Partner Homicide.\u201d Intimate Partner Homicide, NIJ Journal, 250, 14-19. Washington, D.C.: National Institute of Justice, U.S. Department of Justice.<\/p>\n<p>[10] <a href=\"https:\/\/www.domesticshelters.org\/domestic-violence-articles-information\/faq\/domestic-violence-statistics#.WF1-D_krJEY\" target=\"_blank\" rel=\"noopener noreferrer\">https:\/\/www.domesticshelters.org\/domestic-violence-articles-information\/faq\/domestic-violence-statistics#.WF1-D_krJEY<\/a><\/p>\n","protected":false},"excerpt":{"rendered":"<p>MITO N.\u00b0 1:\u00a0 Solo un peque\u00f1o porcentaje de la poblaci\u00f3n es afectado por la violencia familiar. HECHO:\u00a0 En Estados Unidos, en promedio, cada minuto 24 personas son v\u00edctimas de violaci\u00f3n, violencia f\u00edsica o persecuci\u00f3n por parte de una pareja \u00edntima; esto equivale a m\u00e1s de 12 millones de mujeres y hombres en el transcurso de &#8230; <a title=\"Mitos sobre la violencia familiar\" class=\"read-more\" href=\"https:\/\/alliancechaffee.org\/espanol\/violencia-familiar\/mitos-sobre-la-violencia-familiar\/\" aria-label=\"More on Mitos sobre la violencia familiar\">Read more<\/a><\/p>\n","protected":false},"author":3,"featured_media":0,"parent":39,"menu_order":0,"comment_status":"closed","ping_status":"open","template":"","meta":{"jetpack_post_was_ever_published":false,"footnotes":""},"class_list":["post-48","page","type-page","status-publish"],"yoast_head":"<!-- This site is optimized with the Yoast SEO plugin v27.4 - https:\/\/yoast.com\/product\/yoast-seo-wordpress\/ -->\n<title>The Alliance Espanol - Salida, Buena Vista and Poncha Springs Colorado - Mitos sobre la violencia familiar<\/title>\n<meta name=\"description\" content=\"The Alliance proporciona intervenci\u00f3n en casos de crisis y albergue de emergencia. La l\u00ednea directa The Alliance est\u00e1 disponible las 24 horas, los 7 d\u00edas de la semana, 719-539-7347.\" \/>\n<meta name=\"robots\" content=\"index, follow, max-snippet:-1, max-image-preview:large, max-video-preview:-1\" \/>\n<link rel=\"canonical\" href=\"https:\/\/alliancechaffee.org\/espanol\/violencia-familiar\/mitos-sobre-la-violencia-familiar\/\" \/>\n<meta property=\"og:locale\" content=\"en_US\" \/>\n<meta property=\"og:type\" content=\"article\" \/>\n<meta property=\"og:title\" content=\"The Alliance Espanol - Salida, Buena Vista and Poncha Springs Colorado - Mitos sobre la violencia familiar\" \/>\n<meta property=\"og:description\" content=\"The Alliance proporciona intervenci\u00f3n en casos de crisis y albergue de emergencia. La l\u00ednea directa The Alliance est\u00e1 disponible las 24 horas, los 7 d\u00edas de la semana, 719-539-7347.\" \/>\n<meta property=\"og:url\" content=\"https:\/\/alliancechaffee.org\/espanol\/violencia-familiar\/mitos-sobre-la-violencia-familiar\/\" \/>\n<meta property=\"og:site_name\" content=\"The Alliance Espanol\" \/>\n<meta property=\"article:modified_time\" content=\"2021-09-09T12:12:24+00:00\" \/>\n<meta property=\"og:image\" content=\"https:\/\/alliancechaffee.org\/espanol\/wp-content\/uploads\/2021\/05\/stop_SM-300x200-1.jpg\" \/>\n<meta name=\"twitter:card\" content=\"summary_large_image\" \/>\n<meta name=\"twitter:label1\" content=\"Est. reading time\" \/>\n\t<meta name=\"twitter:data1\" content=\"6 minutes\" \/>\n<script type=\"application\/ld+json\" class=\"yoast-schema-graph\">{\"@context\":\"https:\\\/\\\/schema.org\",\"@graph\":[{\"@type\":\"WebPage\",\"@id\":\"https:\\\/\\\/alliancechaffee.org\\\/espanol\\\/violencia-familiar\\\/mitos-sobre-la-violencia-familiar\\\/\",\"url\":\"https:\\\/\\\/alliancechaffee.org\\\/espanol\\\/violencia-familiar\\\/mitos-sobre-la-violencia-familiar\\\/\",\"name\":\"The Alliance Espanol - Salida, Buena Vista and Poncha Springs Colorado - Mitos sobre la violencia familiar\",\"isPartOf\":{\"@id\":\"https:\\\/\\\/alliancechaffee.org\\\/espanol\\\/#website\"},\"primaryImageOfPage\":{\"@id\":\"https:\\\/\\\/alliancechaffee.org\\\/espanol\\\/violencia-familiar\\\/mitos-sobre-la-violencia-familiar\\\/#primaryimage\"},\"image\":{\"@id\":\"https:\\\/\\\/alliancechaffee.org\\\/espanol\\\/violencia-familiar\\\/mitos-sobre-la-violencia-familiar\\\/#primaryimage\"},\"thumbnailUrl\":\"https:\\\/\\\/alliancechaffee.org\\\/espanol\\\/wp-content\\\/uploads\\\/2021\\\/05\\\/stop_SM-300x200-1.jpg\",\"datePublished\":\"2013-03-01T16:46:35+00:00\",\"dateModified\":\"2021-09-09T12:12:24+00:00\",\"description\":\"The Alliance proporciona intervenci\u00f3n en casos de crisis y albergue de emergencia. La l\u00ednea directa The Alliance est\u00e1 disponible las 24 horas, los 7 d\u00edas de la semana, 719-539-7347.\",\"breadcrumb\":{\"@id\":\"https:\\\/\\\/alliancechaffee.org\\\/espanol\\\/violencia-familiar\\\/mitos-sobre-la-violencia-familiar\\\/#breadcrumb\"},\"inLanguage\":\"en-US\",\"potentialAction\":[{\"@type\":\"ReadAction\",\"target\":[\"https:\\\/\\\/alliancechaffee.org\\\/espanol\\\/violencia-familiar\\\/mitos-sobre-la-violencia-familiar\\\/\"]}]},{\"@type\":\"ImageObject\",\"inLanguage\":\"en-US\",\"@id\":\"https:\\\/\\\/alliancechaffee.org\\\/espanol\\\/violencia-familiar\\\/mitos-sobre-la-violencia-familiar\\\/#primaryimage\",\"url\":\"https:\\\/\\\/alliancechaffee.org\\\/espanol\\\/wp-content\\\/uploads\\\/2021\\\/05\\\/stop_SM-300x200-1.jpg\",\"contentUrl\":\"https:\\\/\\\/alliancechaffee.org\\\/espanol\\\/wp-content\\\/uploads\\\/2021\\\/05\\\/stop_SM-300x200-1.jpg\",\"width\":300,\"height\":200,\"caption\":\"Hecho: una mujer PUEDE ser violada por su marido.\"},{\"@type\":\"BreadcrumbList\",\"@id\":\"https:\\\/\\\/alliancechaffee.org\\\/espanol\\\/violencia-familiar\\\/mitos-sobre-la-violencia-familiar\\\/#breadcrumb\",\"itemListElement\":[{\"@type\":\"ListItem\",\"position\":1,\"name\":\"Home\",\"item\":\"https:\\\/\\\/alliancechaffee.org\\\/espanol\\\/\"},{\"@type\":\"ListItem\",\"position\":2,\"name\":\"Violencia familiar\",\"item\":\"https:\\\/\\\/alliancechaffee.org\\\/espanol\\\/violencia-familiar\\\/\"},{\"@type\":\"ListItem\",\"position\":3,\"name\":\"Mitos sobre la violencia familiar\"}]},{\"@type\":\"WebSite\",\"@id\":\"https:\\\/\\\/alliancechaffee.org\\\/espanol\\\/#website\",\"url\":\"https:\\\/\\\/alliancechaffee.org\\\/espanol\\\/\",\"name\":\"The Alliance Espanol\",\"description\":\"Salida, Buena Vista and Poncha Springs Colorado\",\"publisher\":{\"@id\":\"https:\\\/\\\/alliancechaffee.org\\\/espanol\\\/#organization\"},\"potentialAction\":[{\"@type\":\"SearchAction\",\"target\":{\"@type\":\"EntryPoint\",\"urlTemplate\":\"https:\\\/\\\/alliancechaffee.org\\\/espanol\\\/?s={search_term_string}\"},\"query-input\":{\"@type\":\"PropertyValueSpecification\",\"valueRequired\":true,\"valueName\":\"search_term_string\"}}],\"inLanguage\":\"en-US\"},{\"@type\":\"Organization\",\"@id\":\"https:\\\/\\\/alliancechaffee.org\\\/espanol\\\/#organization\",\"name\":\"The Alliance Espanol\",\"url\":\"https:\\\/\\\/alliancechaffee.org\\\/espanol\\\/\",\"logo\":{\"@type\":\"ImageObject\",\"inLanguage\":\"en-US\",\"@id\":\"https:\\\/\\\/alliancechaffee.org\\\/espanol\\\/#\\\/schema\\\/logo\\\/image\\\/\",\"url\":\"https:\\\/\\\/alliancechaffee.org\\\/espanol\\\/wp-content\\\/uploads\\\/2021\\\/05\\\/cropped-Alliance-Chaffee-logo-450-1.png\",\"contentUrl\":\"https:\\\/\\\/alliancechaffee.org\\\/espanol\\\/wp-content\\\/uploads\\\/2021\\\/05\\\/cropped-Alliance-Chaffee-logo-450-1.png\",\"width\":450,\"height\":350,\"caption\":\"The Alliance Espanol\"},\"image\":{\"@id\":\"https:\\\/\\\/alliancechaffee.org\\\/espanol\\\/#\\\/schema\\\/logo\\\/image\\\/\"}}]}<\/script>\n<!-- \/ Yoast SEO plugin. -->","yoast_head_json":{"title":"The Alliance Espanol - Salida, Buena Vista and Poncha Springs Colorado - Mitos sobre la violencia familiar","description":"The Alliance proporciona intervenci\u00f3n en casos de crisis y albergue de emergencia. La l\u00ednea directa The Alliance est\u00e1 disponible las 24 horas, los 7 d\u00edas de la semana, 719-539-7347.","robots":{"index":"index","follow":"follow","max-snippet":"max-snippet:-1","max-image-preview":"max-image-preview:large","max-video-preview":"max-video-preview:-1"},"canonical":"https:\/\/alliancechaffee.org\/espanol\/violencia-familiar\/mitos-sobre-la-violencia-familiar\/","og_locale":"en_US","og_type":"article","og_title":"The Alliance Espanol - Salida, Buena Vista and Poncha Springs Colorado - Mitos sobre la violencia familiar","og_description":"The Alliance proporciona intervenci\u00f3n en casos de crisis y albergue de emergencia. La l\u00ednea directa The Alliance est\u00e1 disponible las 24 horas, los 7 d\u00edas de la semana, 719-539-7347.","og_url":"https:\/\/alliancechaffee.org\/espanol\/violencia-familiar\/mitos-sobre-la-violencia-familiar\/","og_site_name":"The Alliance Espanol","article_modified_time":"2021-09-09T12:12:24+00:00","og_image":[{"url":"https:\/\/alliancechaffee.org\/espanol\/wp-content\/uploads\/2021\/05\/stop_SM-300x200-1.jpg","type":"","width":"","height":""}],"twitter_card":"summary_large_image","twitter_misc":{"Est. reading time":"6 minutes"},"schema":{"@context":"https:\/\/schema.org","@graph":[{"@type":"WebPage","@id":"https:\/\/alliancechaffee.org\/espanol\/violencia-familiar\/mitos-sobre-la-violencia-familiar\/","url":"https:\/\/alliancechaffee.org\/espanol\/violencia-familiar\/mitos-sobre-la-violencia-familiar\/","name":"The Alliance Espanol - Salida, Buena Vista and Poncha Springs Colorado - Mitos sobre la violencia familiar","isPartOf":{"@id":"https:\/\/alliancechaffee.org\/espanol\/#website"},"primaryImageOfPage":{"@id":"https:\/\/alliancechaffee.org\/espanol\/violencia-familiar\/mitos-sobre-la-violencia-familiar\/#primaryimage"},"image":{"@id":"https:\/\/alliancechaffee.org\/espanol\/violencia-familiar\/mitos-sobre-la-violencia-familiar\/#primaryimage"},"thumbnailUrl":"https:\/\/alliancechaffee.org\/espanol\/wp-content\/uploads\/2021\/05\/stop_SM-300x200-1.jpg","datePublished":"2013-03-01T16:46:35+00:00","dateModified":"2021-09-09T12:12:24+00:00","description":"The Alliance proporciona intervenci\u00f3n en casos de crisis y albergue de emergencia. La l\u00ednea directa The Alliance est\u00e1 disponible las 24 horas, los 7 d\u00edas de la semana, 719-539-7347.","breadcrumb":{"@id":"https:\/\/alliancechaffee.org\/espanol\/violencia-familiar\/mitos-sobre-la-violencia-familiar\/#breadcrumb"},"inLanguage":"en-US","potentialAction":[{"@type":"ReadAction","target":["https:\/\/alliancechaffee.org\/espanol\/violencia-familiar\/mitos-sobre-la-violencia-familiar\/"]}]},{"@type":"ImageObject","inLanguage":"en-US","@id":"https:\/\/alliancechaffee.org\/espanol\/violencia-familiar\/mitos-sobre-la-violencia-familiar\/#primaryimage","url":"https:\/\/alliancechaffee.org\/espanol\/wp-content\/uploads\/2021\/05\/stop_SM-300x200-1.jpg","contentUrl":"https:\/\/alliancechaffee.org\/espanol\/wp-content\/uploads\/2021\/05\/stop_SM-300x200-1.jpg","width":300,"height":200,"caption":"Hecho: una mujer PUEDE ser violada por su marido."},{"@type":"BreadcrumbList","@id":"https:\/\/alliancechaffee.org\/espanol\/violencia-familiar\/mitos-sobre-la-violencia-familiar\/#breadcrumb","itemListElement":[{"@type":"ListItem","position":1,"name":"Home","item":"https:\/\/alliancechaffee.org\/espanol\/"},{"@type":"ListItem","position":2,"name":"Violencia familiar","item":"https:\/\/alliancechaffee.org\/espanol\/violencia-familiar\/"},{"@type":"ListItem","position":3,"name":"Mitos sobre la violencia familiar"}]},{"@type":"WebSite","@id":"https:\/\/alliancechaffee.org\/espanol\/#website","url":"https:\/\/alliancechaffee.org\/espanol\/","name":"The Alliance Espanol","description":"Salida, Buena Vista and Poncha Springs Colorado","publisher":{"@id":"https:\/\/alliancechaffee.org\/espanol\/#organization"},"potentialAction":[{"@type":"SearchAction","target":{"@type":"EntryPoint","urlTemplate":"https:\/\/alliancechaffee.org\/espanol\/?s={search_term_string}"},"query-input":{"@type":"PropertyValueSpecification","valueRequired":true,"valueName":"search_term_string"}}],"inLanguage":"en-US"},{"@type":"Organization","@id":"https:\/\/alliancechaffee.org\/espanol\/#organization","name":"The Alliance Espanol","url":"https:\/\/alliancechaffee.org\/espanol\/","logo":{"@type":"ImageObject","inLanguage":"en-US","@id":"https:\/\/alliancechaffee.org\/espanol\/#\/schema\/logo\/image\/","url":"https:\/\/alliancechaffee.org\/espanol\/wp-content\/uploads\/2021\/05\/cropped-Alliance-Chaffee-logo-450-1.png","contentUrl":"https:\/\/alliancechaffee.org\/espanol\/wp-content\/uploads\/2021\/05\/cropped-Alliance-Chaffee-logo-450-1.png","width":450,"height":350,"caption":"The Alliance Espanol"},"image":{"@id":"https:\/\/alliancechaffee.org\/espanol\/#\/schema\/logo\/image\/"}}]}},"featured_image_src_large":false,"author_info":{"display_name":"Andrea Schulz-Ward","author_link":"https:\/\/alliancechaffee.org\/espanol\/author\/director\/"},"comment_info":0,"taxonomy_info":[],"jetpack_sharing_enabled":true,"jetpack_shortlink":"https:\/\/wp.me\/P9Lsok-M","_links":{"self":[{"href":"https:\/\/alliancechaffee.org\/espanol\/wp-json\/wp\/v2\/pages\/48","targetHints":{"allow":["GET"]}}],"collection":[{"href":"https:\/\/alliancechaffee.org\/espanol\/wp-json\/wp\/v2\/pages"}],"about":[{"href":"https:\/\/alliancechaffee.org\/espanol\/wp-json\/wp\/v2\/types\/page"}],"author":[{"embeddable":true,"href":"https:\/\/alliancechaffee.org\/espanol\/wp-json\/wp\/v2\/users\/3"}],"replies":[{"embeddable":true,"href":"https:\/\/alliancechaffee.org\/espanol\/wp-json\/wp\/v2\/comments?post=48"}],"version-history":[{"count":3,"href":"https:\/\/alliancechaffee.org\/espanol\/wp-json\/wp\/v2\/pages\/48\/revisions"}],"predecessor-version":[{"id":1291,"href":"https:\/\/alliancechaffee.org\/espanol\/wp-json\/wp\/v2\/pages\/48\/revisions\/1291"}],"up":[{"embeddable":true,"href":"https:\/\/alliancechaffee.org\/espanol\/wp-json\/wp\/v2\/pages\/39"}],"wp:attachment":[{"href":"https:\/\/alliancechaffee.org\/espanol\/wp-json\/wp\/v2\/media?parent=48"}],"curies":[{"name":"wp","href":"https:\/\/api.w.org\/{rel}","templated":true}]}}