{"id":45,"date":"2013-03-01T16:44:38","date_gmt":"2013-03-01T16:44:38","guid":{"rendered":"http:\/\/108.179.193.181\/~salidaal\/aada\/?page_id=45"},"modified":"2021-09-09T06:12:22","modified_gmt":"2021-09-09T12:12:22","slug":"el-ciclo-de-la-violencia","status":"publish","type":"page","link":"https:\/\/alliancechaffee.org\/espanol\/violencia-familiar\/el-ciclo-de-la-violencia\/","title":{"rendered":"El ciclo de la violencia"},"content":{"rendered":"\n<p><strong>Algunas v\u00edctimas reportan que la relaci\u00f3n con su pareja sigue un ciclo en el que se alterna la violencia con la felicidad, separadas por un periodo de tensi\u00f3n.<\/strong><\/p>\n\n\n\n<div class=\"wp-block-image\"><figure class=\"aligncenter\"><img loading=\"lazy\" decoding=\"async\" width=\"800\" height=\"660\" src=\"https:\/\/alliancechaffee.org\/espanol\/wp-content\/uploads\/2018\/03\/ciclo-violencia-mio-800x660.jpg\" alt=\"\" class=\"wp-image-1009\" srcset=\"https:\/\/alliancechaffee.org\/espanol\/wp-content\/uploads\/2018\/03\/ciclo-violencia-mio-800x660.jpg 800w, https:\/\/alliancechaffee.org\/espanol\/wp-content\/uploads\/2018\/03\/ciclo-violencia-mio-300x248.jpg 300w, https:\/\/alliancechaffee.org\/espanol\/wp-content\/uploads\/2018\/03\/ciclo-violencia-mio-768x634.jpg 768w, https:\/\/alliancechaffee.org\/espanol\/wp-content\/uploads\/2018\/03\/ciclo-violencia-mio-500x413.jpg 500w, https:\/\/alliancechaffee.org\/espanol\/wp-content\/uploads\/2018\/03\/ciclo-violencia-mio.jpg 1000w\" sizes=\"auto, (max-width: 800px) 100vw, 800px\" \/><\/figure><\/div>\n\n\n\n<p>Este tipo de situaciones no se reporta en cada caso de violencia dom\u00e9stica; sin embargo, puede suceder lo siguiente:<br><strong>Etapa de acumulaci\u00f3n de tensi\u00f3n:<\/strong>&nbsp;Las v\u00edctimas describen este periodo como \u201candar de puntillas\u201d. La tensi\u00f3n es muy alta en el hogar y durante esta etapa el abuso emocional es muy frecuente.<\/p>\n\n\n\n<p><strong>Incidente violento:<\/strong>&nbsp;Es cuando ocurre la agresi\u00f3n sexual o el abuso f\u00edsico.<\/p>\n\n\n\n<p><strong>La \u201cluna de miel\u201d:<\/strong>&nbsp;En esta etapa, el agresor pide perd\u00f3n y promete nunca volver actuar de esa manera. En muchos casos el agresor le compra regalos a la v\u00edctima y le promete buscar ayuda para solucionar su comportamiento.<\/p>\n\n\n\n<p class=\"has-text-align-center\"><strong><em>Por lo general el nivel de violencia aumenta con el tiempo, y progresivamente se vuelve m\u00e1s severo.<\/em><\/strong><\/p>\n\n\n\n<p><strong><em>La etapa de la luna de miel se vuelve cada vez m\u00e1s corta y eventualmente podr\u00eda desaparecer por completo.<\/em><\/strong><\/p>\n\n\n\n<div class=\"wp-block-image wp-image-1280 size-medium\"><figure class=\"aligncenter\"><img loading=\"lazy\" decoding=\"async\" width=\"500\" height=\"333\" src=\"https:\/\/alliancechaffee.org\/espanol\/wp-content\/uploads\/2021\/05\/man-arguing-w-woman_SM-500x333.jpg\" alt=\"\" class=\"wp-image-1280\" srcset=\"https:\/\/alliancechaffee.org\/espanol\/wp-content\/uploads\/2021\/05\/man-arguing-w-woman_SM-500x333.jpg 500w, https:\/\/alliancechaffee.org\/espanol\/wp-content\/uploads\/2021\/05\/man-arguing-w-woman_SM-150x100.jpg 150w, https:\/\/alliancechaffee.org\/espanol\/wp-content\/uploads\/2021\/05\/man-arguing-w-woman_SM.jpg 504w\" sizes=\"auto, (max-width: 500px) 100vw, 500px\" \/><figcaption>Normalmente el ciclo de abuso se vuelve a repetir y la etapa de los buenos tiempos se reduce cada vez m\u00e1s.<\/figcaption><\/figure><\/div>\n","protected":false},"excerpt":{"rendered":"<p>Algunas v\u00edctimas reportan que la relaci\u00f3n con su pareja sigue un ciclo en el que se alterna la violencia con la felicidad, separadas por un periodo de tensi\u00f3n. Este tipo de situaciones no se reporta en cada caso de violencia dom\u00e9stica; sin embargo, puede suceder lo siguiente:Etapa de acumulaci\u00f3n de tensi\u00f3n:&nbsp;Las v\u00edctimas describen este periodo &#8230; <a title=\"El ciclo de la violencia\" class=\"read-more\" href=\"https:\/\/alliancechaffee.org\/espanol\/violencia-familiar\/el-ciclo-de-la-violencia\/\" aria-label=\"More on El ciclo de la violencia\">Read more<\/a><\/p>\n","protected":false},"author":3,"featured_media":0,"parent":39,"menu_order":0,"comment_status":"closed","ping_status":"open","template":"","meta":{"jetpack_post_was_ever_published":false,"footnotes":""},"class_list":["post-45","page","type-page","status-publish"],"yoast_head":"<!-- This site is optimized with the Yoast SEO plugin v27.4 - https:\/\/yoast.com\/product\/yoast-seo-wordpress\/ -->\n<title>The Alliance Espanol - Salida, Buena Vista and Poncha Springs Colorado - El ciclo de la violencia<\/title>\n<meta name=\"description\" content=\"The Alliance proporciona intervenci\u00f3n en casos de crisis y albergue de emergencia. La l\u00ednea directa The Alliance est\u00e1 disponible las 24 horas, los 7 d\u00edas de la semana, 719-539-7347.\" \/>\n<meta name=\"robots\" content=\"index, follow, max-snippet:-1, max-image-preview:large, max-video-preview:-1\" \/>\n<link rel=\"canonical\" href=\"https:\/\/alliancechaffee.org\/espanol\/violencia-familiar\/el-ciclo-de-la-violencia\/\" \/>\n<meta property=\"og:locale\" content=\"en_US\" \/>\n<meta property=\"og:type\" content=\"article\" \/>\n<meta property=\"og:title\" content=\"The Alliance Espanol - Salida, Buena Vista and Poncha Springs Colorado - El ciclo de la violencia\" \/>\n<meta property=\"og:description\" content=\"The Alliance proporciona intervenci\u00f3n en casos de crisis y albergue de emergencia. La l\u00ednea directa The Alliance est\u00e1 disponible las 24 horas, los 7 d\u00edas de la semana, 719-539-7347.\" \/>\n<meta property=\"og:url\" content=\"https:\/\/alliancechaffee.org\/espanol\/violencia-familiar\/el-ciclo-de-la-violencia\/\" \/>\n<meta property=\"og:site_name\" content=\"The Alliance Espanol\" \/>\n<meta property=\"article:modified_time\" content=\"2021-09-09T12:12:22+00:00\" \/>\n<meta property=\"og:image\" content=\"https:\/\/alliancechaffee.org\/espanol\/wp-content\/uploads\/2018\/03\/ciclo-violencia-mio-800x660.jpg\" \/>\n<meta name=\"twitter:card\" content=\"summary_large_image\" \/>\n<meta name=\"twitter:label1\" content=\"Est. reading time\" \/>\n\t<meta name=\"twitter:data1\" content=\"2 minutes\" \/>\n<script type=\"application\/ld+json\" class=\"yoast-schema-graph\">{\"@context\":\"https:\\\/\\\/schema.org\",\"@graph\":[{\"@type\":\"WebPage\",\"@id\":\"https:\\\/\\\/alliancechaffee.org\\\/espanol\\\/violencia-familiar\\\/el-ciclo-de-la-violencia\\\/\",\"url\":\"https:\\\/\\\/alliancechaffee.org\\\/espanol\\\/violencia-familiar\\\/el-ciclo-de-la-violencia\\\/\",\"name\":\"The Alliance Espanol - Salida, Buena Vista and Poncha Springs Colorado - El ciclo de la violencia\",\"isPartOf\":{\"@id\":\"https:\\\/\\\/alliancechaffee.org\\\/espanol\\\/#website\"},\"primaryImageOfPage\":{\"@id\":\"https:\\\/\\\/alliancechaffee.org\\\/espanol\\\/violencia-familiar\\\/el-ciclo-de-la-violencia\\\/#primaryimage\"},\"image\":{\"@id\":\"https:\\\/\\\/alliancechaffee.org\\\/espanol\\\/violencia-familiar\\\/el-ciclo-de-la-violencia\\\/#primaryimage\"},\"thumbnailUrl\":\"https:\\\/\\\/alliancechaffee.org\\\/espanol\\\/wp-content\\\/uploads\\\/2018\\\/03\\\/ciclo-violencia-mio-800x660.jpg\",\"datePublished\":\"2013-03-01T16:44:38+00:00\",\"dateModified\":\"2021-09-09T12:12:22+00:00\",\"description\":\"The Alliance proporciona intervenci\u00f3n en casos de crisis y albergue de emergencia. La l\u00ednea directa The Alliance est\u00e1 disponible las 24 horas, los 7 d\u00edas de la semana, 719-539-7347.\",\"breadcrumb\":{\"@id\":\"https:\\\/\\\/alliancechaffee.org\\\/espanol\\\/violencia-familiar\\\/el-ciclo-de-la-violencia\\\/#breadcrumb\"},\"inLanguage\":\"en-US\",\"potentialAction\":[{\"@type\":\"ReadAction\",\"target\":[\"https:\\\/\\\/alliancechaffee.org\\\/espanol\\\/violencia-familiar\\\/el-ciclo-de-la-violencia\\\/\"]}]},{\"@type\":\"ImageObject\",\"inLanguage\":\"en-US\",\"@id\":\"https:\\\/\\\/alliancechaffee.org\\\/espanol\\\/violencia-familiar\\\/el-ciclo-de-la-violencia\\\/#primaryimage\",\"url\":\"https:\\\/\\\/alliancechaffee.org\\\/espanol\\\/wp-content\\\/uploads\\\/2018\\\/03\\\/ciclo-violencia-mio.jpg\",\"contentUrl\":\"https:\\\/\\\/alliancechaffee.org\\\/espanol\\\/wp-content\\\/uploads\\\/2018\\\/03\\\/ciclo-violencia-mio.jpg\",\"width\":1000,\"height\":825},{\"@type\":\"BreadcrumbList\",\"@id\":\"https:\\\/\\\/alliancechaffee.org\\\/espanol\\\/violencia-familiar\\\/el-ciclo-de-la-violencia\\\/#breadcrumb\",\"itemListElement\":[{\"@type\":\"ListItem\",\"position\":1,\"name\":\"Home\",\"item\":\"https:\\\/\\\/alliancechaffee.org\\\/espanol\\\/\"},{\"@type\":\"ListItem\",\"position\":2,\"name\":\"Violencia familiar\",\"item\":\"https:\\\/\\\/alliancechaffee.org\\\/espanol\\\/violencia-familiar\\\/\"},{\"@type\":\"ListItem\",\"position\":3,\"name\":\"El ciclo de la violencia\"}]},{\"@type\":\"WebSite\",\"@id\":\"https:\\\/\\\/alliancechaffee.org\\\/espanol\\\/#website\",\"url\":\"https:\\\/\\\/alliancechaffee.org\\\/espanol\\\/\",\"name\":\"The Alliance Espanol\",\"description\":\"Salida, Buena Vista and Poncha Springs Colorado\",\"publisher\":{\"@id\":\"https:\\\/\\\/alliancechaffee.org\\\/espanol\\\/#organization\"},\"potentialAction\":[{\"@type\":\"SearchAction\",\"target\":{\"@type\":\"EntryPoint\",\"urlTemplate\":\"https:\\\/\\\/alliancechaffee.org\\\/espanol\\\/?s={search_term_string}\"},\"query-input\":{\"@type\":\"PropertyValueSpecification\",\"valueRequired\":true,\"valueName\":\"search_term_string\"}}],\"inLanguage\":\"en-US\"},{\"@type\":\"Organization\",\"@id\":\"https:\\\/\\\/alliancechaffee.org\\\/espanol\\\/#organization\",\"name\":\"The Alliance Espanol\",\"url\":\"https:\\\/\\\/alliancechaffee.org\\\/espanol\\\/\",\"logo\":{\"@type\":\"ImageObject\",\"inLanguage\":\"en-US\",\"@id\":\"https:\\\/\\\/alliancechaffee.org\\\/espanol\\\/#\\\/schema\\\/logo\\\/image\\\/\",\"url\":\"https:\\\/\\\/alliancechaffee.org\\\/espanol\\\/wp-content\\\/uploads\\\/2021\\\/05\\\/cropped-Alliance-Chaffee-logo-450-1.png\",\"contentUrl\":\"https:\\\/\\\/alliancechaffee.org\\\/espanol\\\/wp-content\\\/uploads\\\/2021\\\/05\\\/cropped-Alliance-Chaffee-logo-450-1.png\",\"width\":450,\"height\":350,\"caption\":\"The Alliance Espanol\"},\"image\":{\"@id\":\"https:\\\/\\\/alliancechaffee.org\\\/espanol\\\/#\\\/schema\\\/logo\\\/image\\\/\"}}]}<\/script>\n<!-- \/ Yoast SEO plugin. -->","yoast_head_json":{"title":"The Alliance Espanol - Salida, Buena Vista and Poncha Springs Colorado - El ciclo de la violencia","description":"The Alliance proporciona intervenci\u00f3n en casos de crisis y albergue de emergencia. La l\u00ednea directa The Alliance est\u00e1 disponible las 24 horas, los 7 d\u00edas de la semana, 719-539-7347.","robots":{"index":"index","follow":"follow","max-snippet":"max-snippet:-1","max-image-preview":"max-image-preview:large","max-video-preview":"max-video-preview:-1"},"canonical":"https:\/\/alliancechaffee.org\/espanol\/violencia-familiar\/el-ciclo-de-la-violencia\/","og_locale":"en_US","og_type":"article","og_title":"The Alliance Espanol - Salida, Buena Vista and Poncha Springs Colorado - El ciclo de la violencia","og_description":"The Alliance proporciona intervenci\u00f3n en casos de crisis y albergue de emergencia. La l\u00ednea directa The Alliance est\u00e1 disponible las 24 horas, los 7 d\u00edas de la semana, 719-539-7347.","og_url":"https:\/\/alliancechaffee.org\/espanol\/violencia-familiar\/el-ciclo-de-la-violencia\/","og_site_name":"The Alliance Espanol","article_modified_time":"2021-09-09T12:12:22+00:00","og_image":[{"url":"https:\/\/alliancechaffee.org\/espanol\/wp-content\/uploads\/2018\/03\/ciclo-violencia-mio-800x660.jpg","type":"","width":"","height":""}],"twitter_card":"summary_large_image","twitter_misc":{"Est. reading time":"2 minutes"},"schema":{"@context":"https:\/\/schema.org","@graph":[{"@type":"WebPage","@id":"https:\/\/alliancechaffee.org\/espanol\/violencia-familiar\/el-ciclo-de-la-violencia\/","url":"https:\/\/alliancechaffee.org\/espanol\/violencia-familiar\/el-ciclo-de-la-violencia\/","name":"The Alliance Espanol - Salida, Buena Vista and Poncha Springs Colorado - El ciclo de la violencia","isPartOf":{"@id":"https:\/\/alliancechaffee.org\/espanol\/#website"},"primaryImageOfPage":{"@id":"https:\/\/alliancechaffee.org\/espanol\/violencia-familiar\/el-ciclo-de-la-violencia\/#primaryimage"},"image":{"@id":"https:\/\/alliancechaffee.org\/espanol\/violencia-familiar\/el-ciclo-de-la-violencia\/#primaryimage"},"thumbnailUrl":"https:\/\/alliancechaffee.org\/espanol\/wp-content\/uploads\/2018\/03\/ciclo-violencia-mio-800x660.jpg","datePublished":"2013-03-01T16:44:38+00:00","dateModified":"2021-09-09T12:12:22+00:00","description":"The Alliance proporciona intervenci\u00f3n en casos de crisis y albergue de emergencia. La l\u00ednea directa The Alliance est\u00e1 disponible las 24 horas, los 7 d\u00edas de la semana, 719-539-7347.","breadcrumb":{"@id":"https:\/\/alliancechaffee.org\/espanol\/violencia-familiar\/el-ciclo-de-la-violencia\/#breadcrumb"},"inLanguage":"en-US","potentialAction":[{"@type":"ReadAction","target":["https:\/\/alliancechaffee.org\/espanol\/violencia-familiar\/el-ciclo-de-la-violencia\/"]}]},{"@type":"ImageObject","inLanguage":"en-US","@id":"https:\/\/alliancechaffee.org\/espanol\/violencia-familiar\/el-ciclo-de-la-violencia\/#primaryimage","url":"https:\/\/alliancechaffee.org\/espanol\/wp-content\/uploads\/2018\/03\/ciclo-violencia-mio.jpg","contentUrl":"https:\/\/alliancechaffee.org\/espanol\/wp-content\/uploads\/2018\/03\/ciclo-violencia-mio.jpg","width":1000,"height":825},{"@type":"BreadcrumbList","@id":"https:\/\/alliancechaffee.org\/espanol\/violencia-familiar\/el-ciclo-de-la-violencia\/#breadcrumb","itemListElement":[{"@type":"ListItem","position":1,"name":"Home","item":"https:\/\/alliancechaffee.org\/espanol\/"},{"@type":"ListItem","position":2,"name":"Violencia familiar","item":"https:\/\/alliancechaffee.org\/espanol\/violencia-familiar\/"},{"@type":"ListItem","position":3,"name":"El ciclo de la violencia"}]},{"@type":"WebSite","@id":"https:\/\/alliancechaffee.org\/espanol\/#website","url":"https:\/\/alliancechaffee.org\/espanol\/","name":"The Alliance Espanol","description":"Salida, Buena Vista and Poncha Springs Colorado","publisher":{"@id":"https:\/\/alliancechaffee.org\/espanol\/#organization"},"potentialAction":[{"@type":"SearchAction","target":{"@type":"EntryPoint","urlTemplate":"https:\/\/alliancechaffee.org\/espanol\/?s={search_term_string}"},"query-input":{"@type":"PropertyValueSpecification","valueRequired":true,"valueName":"search_term_string"}}],"inLanguage":"en-US"},{"@type":"Organization","@id":"https:\/\/alliancechaffee.org\/espanol\/#organization","name":"The Alliance Espanol","url":"https:\/\/alliancechaffee.org\/espanol\/","logo":{"@type":"ImageObject","inLanguage":"en-US","@id":"https:\/\/alliancechaffee.org\/espanol\/#\/schema\/logo\/image\/","url":"https:\/\/alliancechaffee.org\/espanol\/wp-content\/uploads\/2021\/05\/cropped-Alliance-Chaffee-logo-450-1.png","contentUrl":"https:\/\/alliancechaffee.org\/espanol\/wp-content\/uploads\/2021\/05\/cropped-Alliance-Chaffee-logo-450-1.png","width":450,"height":350,"caption":"The Alliance Espanol"},"image":{"@id":"https:\/\/alliancechaffee.org\/espanol\/#\/schema\/logo\/image\/"}}]}},"featured_image_src_large":false,"author_info":{"display_name":"Andrea Schulz-Ward","author_link":"https:\/\/alliancechaffee.org\/espanol\/author\/director\/"},"comment_info":0,"taxonomy_info":[],"jetpack_sharing_enabled":true,"jetpack_shortlink":"https:\/\/wp.me\/P9Lsok-J","_links":{"self":[{"href":"https:\/\/alliancechaffee.org\/espanol\/wp-json\/wp\/v2\/pages\/45","targetHints":{"allow":["GET"]}}],"collection":[{"href":"https:\/\/alliancechaffee.org\/espanol\/wp-json\/wp\/v2\/pages"}],"about":[{"href":"https:\/\/alliancechaffee.org\/espanol\/wp-json\/wp\/v2\/types\/page"}],"author":[{"embeddable":true,"href":"https:\/\/alliancechaffee.org\/espanol\/wp-json\/wp\/v2\/users\/3"}],"replies":[{"embeddable":true,"href":"https:\/\/alliancechaffee.org\/espanol\/wp-json\/wp\/v2\/comments?post=45"}],"version-history":[{"count":3,"href":"https:\/\/alliancechaffee.org\/espanol\/wp-json\/wp\/v2\/pages\/45\/revisions"}],"predecessor-version":[{"id":1283,"href":"https:\/\/alliancechaffee.org\/espanol\/wp-json\/wp\/v2\/pages\/45\/revisions\/1283"}],"up":[{"embeddable":true,"href":"https:\/\/alliancechaffee.org\/espanol\/wp-json\/wp\/v2\/pages\/39"}],"wp:attachment":[{"href":"https:\/\/alliancechaffee.org\/espanol\/wp-json\/wp\/v2\/media?parent=45"}],"curies":[{"name":"wp","href":"https:\/\/api.w.org\/{rel}","templated":true}]}}