{"id":43,"date":"2013-03-01T16:42:34","date_gmt":"2013-03-01T16:42:34","guid":{"rendered":"http:\/\/108.179.193.181\/~salidaal\/aada\/?page_id=43"},"modified":"2021-09-09T06:12:25","modified_gmt":"2021-09-09T12:12:25","slug":"senales-de-advertencia-del-abuso-familiar","status":"publish","type":"page","link":"https:\/\/alliancechaffee.org\/espanol\/violencia-familiar\/senales-de-advertencia-del-abuso-familiar\/","title":{"rendered":"Se\u00f1ales de advertencia del abuso familiar"},"content":{"rendered":"<p>El abuso familiar con frecuencia pasa de amenazas y abuso verbal a violencia. Aunque las lesiones f\u00edsicas pudieran ser el peligro m\u00e1s obvio, las consecuencias emocionales y psicol\u00f3gicas del abuso familiar tambi\u00e9n son severas. Las relaciones en las que hay abuso emocional pueden destruir su autoestima, provocar ansiedad y depresi\u00f3n, y hacerla sentir indefensa o indefenso y sola o solo. Nadie debe tener que soportar este tipo de dolor, y su primer paso para liberarse es reconocer que en su relaci\u00f3n es abusiva. Una vez que usted reconozca la realidad de la situaci\u00f3n de abuso, entonces puede obtener la ayuda que necesita.<img loading=\"lazy\" decoding=\"async\" class=\"size-full wp-image-1286 alignright\" src=\"https:\/\/alliancechaffee.org\/espanol\/wp-content\/uploads\/2021\/05\/sad-woman_SM-195x143-1.jpg\" alt=\"\" width=\"195\" height=\"143\" srcset=\"https:\/\/alliancechaffee.org\/espanol\/wp-content\/uploads\/2021\/05\/sad-woman_SM-195x143-1.jpg 195w, https:\/\/alliancechaffee.org\/espanol\/wp-content\/uploads\/2021\/05\/sad-woman_SM-195x143-1-150x110.jpg 150w\" sizes=\"auto, (max-width: 195px) 100vw, 195px\" \/><\/p>\n<p>Hay muchas se\u00f1ales en una relaci\u00f3n abusiva. La se\u00f1al m\u00e1s notoria es el temor a su pareja. Si siente que tiene que andar de puntillas alrededor de su pareja, constantemente cuidando lo que dice o hace para evitar un estallido, las probabilidades es que su relaci\u00f3n sea enfermiza y abusiva. Otras se\u00f1ales que indican que usted podr\u00eda estar en una relaci\u00f3n abusiva incluyen una pareja que lo menosprecia o que trata de controlarla, y sentimientos de autodesprecio, impotencia y desesperaci\u00f3n.<\/p>\n<p>Para determinar si hay abuso en su relaci\u00f3n, conteste las siguientes preguntas. Cuantas m\u00e1s preguntas conteste con un \u201cs\u00ed\u201d, m\u00e1s probabilidades hay de que su relaci\u00f3n sea abusiva.<\/p>\n<p><strong>\u00bfTiende su pareja a. . .<\/strong><\/p>\n<ul>\n<li>usar la fuerza para \u201cresolver\u201d los problemas?<\/li>\n<li>avergonzarla o avergonzarlo o burlarse de usted enfrente de sus amigos?<\/li>\n<li>menospreciar sus logros o metas?<\/li>\n<li>tener mal genio?<\/li>\n<li>controlarla o controlarlo?<\/li>\n<li>hacerla o hacerlo sentir que es m\u00e1s inteligente que usted o que usted no puede tomar decisiones?<\/li>\n<li>usar la intimidaci\u00f3n o amenazas para lograr lo que quiere?<\/li>\n<li>golpear paredes u objetos cuando se enoja?<\/li>\n<li>decirle que usted no es nadie sin \u00e9l o ella?<\/li>\n<li>tratarla o tratarlo rudamente, como evitar que usted se aleje cuando est\u00e1n peleando?<\/li>\n<li>llamarla o llamarlo varias veces al d\u00eda o aparecerse para asegurarse de que usted est\u00e1 en donde dijo que estar\u00eda?<\/li>\n<li>usar alcohol o drogas como una excusa para decir cosas hirientes o actuar abusivamente contra usted?<\/li>\n<li>acusarla o acusarlo frecuentemente de ser infiel?<\/li>\n<li>culparla o culparlo por la manera en que \u00e9l o ella se siente?<\/li>\n<li>presionarla o presionarlo sexualmente para que haga cosas que usted no est\u00e1 preparada o preparado para hacer?<\/li>\n<li>hacerla o hacerlo sentir que no hay manera de escapar de la relaci\u00f3n?<\/li>\n<li>jugar con armas de fuego o de otro tipo?<\/li>\n<li>evitar que usted haga las cosas que desea, como reunirse con sus amigos u optar por estar sola o solo?<\/li>\n<li>tratar de evitar que usted se vaya despu\u00e9s de una pelea? o dejarla o dejarlo en alg\u00fan lugar despu\u00e9s de una pelea?<\/li>\n<li>hacerla o hacerlo sentir que todo lo que no resulta bien es su culpa?<\/li>\n<\/ul>\n<p><strong>\u00bfUsted. . .<\/strong><\/p>\n<ul>\n<li>algunas veces se siente temerosa o temeroso de la manera en que su pareja act\u00faa?<\/li>\n<li>dice excusas a otras personas sobre el comportamiento de su pareja?<\/li>\n<li>cree que usted puede ayudar a su pareja a cambiar?<\/li>\n<li>trata de evitar hacer o decir algo que pudiera causar un conflicto o hacer enojar a su pareja?<\/li>\n<li>hace con frecuencia lo que su pareja quiere en lugar de hacer lo que usted quiere?<\/li>\n<li>sigue con su pareja solo porque tiene miedo de lo que \u00e9l o ella har\u00eda si usted termina la relaci\u00f3n?<\/li>\n<\/ul>\n<p><strong>Si contest\u00f3 \u201cS\u00cd\u201d a cualquiera de estas preguntas, es posible que su relaci\u00f3n sea abusiva.\u00a0<\/strong><\/p>\n<p><strong>Estamos disponibles las 24 horas del d\u00eda, los 365 d\u00edas del a\u00f1o.\u00a0 \u00a1USTED NO EST\u00c1 SOLA o SOLO!<\/strong><\/p>\n<p><img loading=\"lazy\" decoding=\"async\" class=\"wp-image-1285 size-full aligncenter\" src=\"https:\/\/alliancechaffee.org\/espanol\/wp-content\/uploads\/2021\/05\/dv-pic-2_SM-300x194-1.jpg\" alt=\"\" width=\"300\" height=\"194\" srcset=\"https:\/\/alliancechaffee.org\/espanol\/wp-content\/uploads\/2021\/05\/dv-pic-2_SM-300x194-1.jpg 300w, https:\/\/alliancechaffee.org\/espanol\/wp-content\/uploads\/2021\/05\/dv-pic-2_SM-300x194-1-150x97.jpg 150w\" sizes=\"auto, (max-width: 300px) 100vw, 300px\" \/><\/p>\n","protected":false},"excerpt":{"rendered":"<p>El abuso familiar con frecuencia pasa de amenazas y abuso verbal a violencia. Aunque las lesiones f\u00edsicas pudieran ser el peligro m\u00e1s obvio, las consecuencias emocionales y psicol\u00f3gicas del abuso familiar tambi\u00e9n son severas. Las relaciones en las que hay abuso emocional pueden destruir su autoestima, provocar ansiedad y depresi\u00f3n, y hacerla sentir indefensa o &#8230; <a title=\"Se\u00f1ales de advertencia del abuso familiar\" class=\"read-more\" href=\"https:\/\/alliancechaffee.org\/espanol\/violencia-familiar\/senales-de-advertencia-del-abuso-familiar\/\" aria-label=\"More on Se\u00f1ales de advertencia del abuso familiar\">Read more<\/a><\/p>\n","protected":false},"author":3,"featured_media":0,"parent":39,"menu_order":0,"comment_status":"closed","ping_status":"open","template":"","meta":{"jetpack_post_was_ever_published":false,"footnotes":""},"class_list":["post-43","page","type-page","status-publish"],"yoast_head":"<!-- This site is optimized with the Yoast SEO plugin v27.4 - https:\/\/yoast.com\/product\/yoast-seo-wordpress\/ -->\n<title>The Alliance Espanol - Salida, Buena Vista and Poncha Springs Colorado - Se\u00f1ales de advertencia del abuso familiar<\/title>\n<meta name=\"description\" content=\"The Alliance proporciona intervenci\u00f3n en casos de crisis y albergue de emergencia. La l\u00ednea directa The Alliance est\u00e1 disponible las 24 horas, los 7 d\u00edas de la semana, 719-539-7347.\" \/>\n<meta name=\"robots\" content=\"index, follow, max-snippet:-1, max-image-preview:large, max-video-preview:-1\" \/>\n<link rel=\"canonical\" href=\"https:\/\/alliancechaffee.org\/espanol\/violencia-familiar\/senales-de-advertencia-del-abuso-familiar\/\" \/>\n<meta property=\"og:locale\" content=\"en_US\" \/>\n<meta property=\"og:type\" content=\"article\" \/>\n<meta property=\"og:title\" content=\"The Alliance Espanol - Salida, Buena Vista and Poncha Springs Colorado - Se\u00f1ales de advertencia del abuso familiar\" \/>\n<meta property=\"og:description\" content=\"The Alliance proporciona intervenci\u00f3n en casos de crisis y albergue de emergencia. La l\u00ednea directa The Alliance est\u00e1 disponible las 24 horas, los 7 d\u00edas de la semana, 719-539-7347.\" \/>\n<meta property=\"og:url\" content=\"https:\/\/alliancechaffee.org\/espanol\/violencia-familiar\/senales-de-advertencia-del-abuso-familiar\/\" \/>\n<meta property=\"og:site_name\" content=\"The Alliance Espanol\" \/>\n<meta property=\"article:modified_time\" content=\"2021-09-09T12:12:25+00:00\" \/>\n<meta property=\"og:image\" content=\"https:\/\/alliancechaffee.org\/espanol\/wp-content\/uploads\/2021\/05\/sad-woman_SM-195x143-1.jpg\" \/>\n<meta name=\"twitter:card\" content=\"summary_large_image\" \/>\n<meta name=\"twitter:label1\" content=\"Est. reading time\" \/>\n\t<meta name=\"twitter:data1\" content=\"3 minutes\" \/>\n<script type=\"application\/ld+json\" class=\"yoast-schema-graph\">{\"@context\":\"https:\\\/\\\/schema.org\",\"@graph\":[{\"@type\":\"WebPage\",\"@id\":\"https:\\\/\\\/alliancechaffee.org\\\/espanol\\\/violencia-familiar\\\/senales-de-advertencia-del-abuso-familiar\\\/\",\"url\":\"https:\\\/\\\/alliancechaffee.org\\\/espanol\\\/violencia-familiar\\\/senales-de-advertencia-del-abuso-familiar\\\/\",\"name\":\"The Alliance Espanol - Salida, Buena Vista and Poncha Springs Colorado - Se\u00f1ales de advertencia del abuso familiar\",\"isPartOf\":{\"@id\":\"https:\\\/\\\/alliancechaffee.org\\\/espanol\\\/#website\"},\"primaryImageOfPage\":{\"@id\":\"https:\\\/\\\/alliancechaffee.org\\\/espanol\\\/violencia-familiar\\\/senales-de-advertencia-del-abuso-familiar\\\/#primaryimage\"},\"image\":{\"@id\":\"https:\\\/\\\/alliancechaffee.org\\\/espanol\\\/violencia-familiar\\\/senales-de-advertencia-del-abuso-familiar\\\/#primaryimage\"},\"thumbnailUrl\":\"https:\\\/\\\/alliancechaffee.org\\\/espanol\\\/wp-content\\\/uploads\\\/2021\\\/05\\\/sad-woman_SM-195x143-1.jpg\",\"datePublished\":\"2013-03-01T16:42:34+00:00\",\"dateModified\":\"2021-09-09T12:12:25+00:00\",\"description\":\"The Alliance proporciona intervenci\u00f3n en casos de crisis y albergue de emergencia. La l\u00ednea directa The Alliance est\u00e1 disponible las 24 horas, los 7 d\u00edas de la semana, 719-539-7347.\",\"breadcrumb\":{\"@id\":\"https:\\\/\\\/alliancechaffee.org\\\/espanol\\\/violencia-familiar\\\/senales-de-advertencia-del-abuso-familiar\\\/#breadcrumb\"},\"inLanguage\":\"en-US\",\"potentialAction\":[{\"@type\":\"ReadAction\",\"target\":[\"https:\\\/\\\/alliancechaffee.org\\\/espanol\\\/violencia-familiar\\\/senales-de-advertencia-del-abuso-familiar\\\/\"]}]},{\"@type\":\"ImageObject\",\"inLanguage\":\"en-US\",\"@id\":\"https:\\\/\\\/alliancechaffee.org\\\/espanol\\\/violencia-familiar\\\/senales-de-advertencia-del-abuso-familiar\\\/#primaryimage\",\"url\":\"https:\\\/\\\/alliancechaffee.org\\\/espanol\\\/wp-content\\\/uploads\\\/2021\\\/05\\\/sad-woman_SM-195x143-1.jpg\",\"contentUrl\":\"https:\\\/\\\/alliancechaffee.org\\\/espanol\\\/wp-content\\\/uploads\\\/2021\\\/05\\\/sad-woman_SM-195x143-1.jpg\",\"width\":195,\"height\":143},{\"@type\":\"BreadcrumbList\",\"@id\":\"https:\\\/\\\/alliancechaffee.org\\\/espanol\\\/violencia-familiar\\\/senales-de-advertencia-del-abuso-familiar\\\/#breadcrumb\",\"itemListElement\":[{\"@type\":\"ListItem\",\"position\":1,\"name\":\"Home\",\"item\":\"https:\\\/\\\/alliancechaffee.org\\\/espanol\\\/\"},{\"@type\":\"ListItem\",\"position\":2,\"name\":\"Violencia familiar\",\"item\":\"https:\\\/\\\/alliancechaffee.org\\\/espanol\\\/violencia-familiar\\\/\"},{\"@type\":\"ListItem\",\"position\":3,\"name\":\"Se\u00f1ales de advertencia del abuso familiar\"}]},{\"@type\":\"WebSite\",\"@id\":\"https:\\\/\\\/alliancechaffee.org\\\/espanol\\\/#website\",\"url\":\"https:\\\/\\\/alliancechaffee.org\\\/espanol\\\/\",\"name\":\"The Alliance Espanol\",\"description\":\"Salida, Buena Vista and Poncha Springs Colorado\",\"publisher\":{\"@id\":\"https:\\\/\\\/alliancechaffee.org\\\/espanol\\\/#organization\"},\"potentialAction\":[{\"@type\":\"SearchAction\",\"target\":{\"@type\":\"EntryPoint\",\"urlTemplate\":\"https:\\\/\\\/alliancechaffee.org\\\/espanol\\\/?s={search_term_string}\"},\"query-input\":{\"@type\":\"PropertyValueSpecification\",\"valueRequired\":true,\"valueName\":\"search_term_string\"}}],\"inLanguage\":\"en-US\"},{\"@type\":\"Organization\",\"@id\":\"https:\\\/\\\/alliancechaffee.org\\\/espanol\\\/#organization\",\"name\":\"The Alliance Espanol\",\"url\":\"https:\\\/\\\/alliancechaffee.org\\\/espanol\\\/\",\"logo\":{\"@type\":\"ImageObject\",\"inLanguage\":\"en-US\",\"@id\":\"https:\\\/\\\/alliancechaffee.org\\\/espanol\\\/#\\\/schema\\\/logo\\\/image\\\/\",\"url\":\"https:\\\/\\\/alliancechaffee.org\\\/espanol\\\/wp-content\\\/uploads\\\/2021\\\/05\\\/cropped-Alliance-Chaffee-logo-450-1.png\",\"contentUrl\":\"https:\\\/\\\/alliancechaffee.org\\\/espanol\\\/wp-content\\\/uploads\\\/2021\\\/05\\\/cropped-Alliance-Chaffee-logo-450-1.png\",\"width\":450,\"height\":350,\"caption\":\"The Alliance Espanol\"},\"image\":{\"@id\":\"https:\\\/\\\/alliancechaffee.org\\\/espanol\\\/#\\\/schema\\\/logo\\\/image\\\/\"}}]}<\/script>\n<!-- \/ Yoast SEO plugin. -->","yoast_head_json":{"title":"The Alliance Espanol - Salida, Buena Vista and Poncha Springs Colorado - Se\u00f1ales de advertencia del abuso familiar","description":"The Alliance proporciona intervenci\u00f3n en casos de crisis y albergue de emergencia. La l\u00ednea directa The Alliance est\u00e1 disponible las 24 horas, los 7 d\u00edas de la semana, 719-539-7347.","robots":{"index":"index","follow":"follow","max-snippet":"max-snippet:-1","max-image-preview":"max-image-preview:large","max-video-preview":"max-video-preview:-1"},"canonical":"https:\/\/alliancechaffee.org\/espanol\/violencia-familiar\/senales-de-advertencia-del-abuso-familiar\/","og_locale":"en_US","og_type":"article","og_title":"The Alliance Espanol - Salida, Buena Vista and Poncha Springs Colorado - Se\u00f1ales de advertencia del abuso familiar","og_description":"The Alliance proporciona intervenci\u00f3n en casos de crisis y albergue de emergencia. La l\u00ednea directa The Alliance est\u00e1 disponible las 24 horas, los 7 d\u00edas de la semana, 719-539-7347.","og_url":"https:\/\/alliancechaffee.org\/espanol\/violencia-familiar\/senales-de-advertencia-del-abuso-familiar\/","og_site_name":"The Alliance Espanol","article_modified_time":"2021-09-09T12:12:25+00:00","og_image":[{"url":"https:\/\/alliancechaffee.org\/espanol\/wp-content\/uploads\/2021\/05\/sad-woman_SM-195x143-1.jpg","type":"","width":"","height":""}],"twitter_card":"summary_large_image","twitter_misc":{"Est. reading time":"3 minutes"},"schema":{"@context":"https:\/\/schema.org","@graph":[{"@type":"WebPage","@id":"https:\/\/alliancechaffee.org\/espanol\/violencia-familiar\/senales-de-advertencia-del-abuso-familiar\/","url":"https:\/\/alliancechaffee.org\/espanol\/violencia-familiar\/senales-de-advertencia-del-abuso-familiar\/","name":"The Alliance Espanol - Salida, Buena Vista and Poncha Springs Colorado - Se\u00f1ales de advertencia del abuso familiar","isPartOf":{"@id":"https:\/\/alliancechaffee.org\/espanol\/#website"},"primaryImageOfPage":{"@id":"https:\/\/alliancechaffee.org\/espanol\/violencia-familiar\/senales-de-advertencia-del-abuso-familiar\/#primaryimage"},"image":{"@id":"https:\/\/alliancechaffee.org\/espanol\/violencia-familiar\/senales-de-advertencia-del-abuso-familiar\/#primaryimage"},"thumbnailUrl":"https:\/\/alliancechaffee.org\/espanol\/wp-content\/uploads\/2021\/05\/sad-woman_SM-195x143-1.jpg","datePublished":"2013-03-01T16:42:34+00:00","dateModified":"2021-09-09T12:12:25+00:00","description":"The Alliance proporciona intervenci\u00f3n en casos de crisis y albergue de emergencia. La l\u00ednea directa The Alliance est\u00e1 disponible las 24 horas, los 7 d\u00edas de la semana, 719-539-7347.","breadcrumb":{"@id":"https:\/\/alliancechaffee.org\/espanol\/violencia-familiar\/senales-de-advertencia-del-abuso-familiar\/#breadcrumb"},"inLanguage":"en-US","potentialAction":[{"@type":"ReadAction","target":["https:\/\/alliancechaffee.org\/espanol\/violencia-familiar\/senales-de-advertencia-del-abuso-familiar\/"]}]},{"@type":"ImageObject","inLanguage":"en-US","@id":"https:\/\/alliancechaffee.org\/espanol\/violencia-familiar\/senales-de-advertencia-del-abuso-familiar\/#primaryimage","url":"https:\/\/alliancechaffee.org\/espanol\/wp-content\/uploads\/2021\/05\/sad-woman_SM-195x143-1.jpg","contentUrl":"https:\/\/alliancechaffee.org\/espanol\/wp-content\/uploads\/2021\/05\/sad-woman_SM-195x143-1.jpg","width":195,"height":143},{"@type":"BreadcrumbList","@id":"https:\/\/alliancechaffee.org\/espanol\/violencia-familiar\/senales-de-advertencia-del-abuso-familiar\/#breadcrumb","itemListElement":[{"@type":"ListItem","position":1,"name":"Home","item":"https:\/\/alliancechaffee.org\/espanol\/"},{"@type":"ListItem","position":2,"name":"Violencia familiar","item":"https:\/\/alliancechaffee.org\/espanol\/violencia-familiar\/"},{"@type":"ListItem","position":3,"name":"Se\u00f1ales de advertencia del abuso familiar"}]},{"@type":"WebSite","@id":"https:\/\/alliancechaffee.org\/espanol\/#website","url":"https:\/\/alliancechaffee.org\/espanol\/","name":"The Alliance Espanol","description":"Salida, Buena Vista and Poncha Springs Colorado","publisher":{"@id":"https:\/\/alliancechaffee.org\/espanol\/#organization"},"potentialAction":[{"@type":"SearchAction","target":{"@type":"EntryPoint","urlTemplate":"https:\/\/alliancechaffee.org\/espanol\/?s={search_term_string}"},"query-input":{"@type":"PropertyValueSpecification","valueRequired":true,"valueName":"search_term_string"}}],"inLanguage":"en-US"},{"@type":"Organization","@id":"https:\/\/alliancechaffee.org\/espanol\/#organization","name":"The Alliance Espanol","url":"https:\/\/alliancechaffee.org\/espanol\/","logo":{"@type":"ImageObject","inLanguage":"en-US","@id":"https:\/\/alliancechaffee.org\/espanol\/#\/schema\/logo\/image\/","url":"https:\/\/alliancechaffee.org\/espanol\/wp-content\/uploads\/2021\/05\/cropped-Alliance-Chaffee-logo-450-1.png","contentUrl":"https:\/\/alliancechaffee.org\/espanol\/wp-content\/uploads\/2021\/05\/cropped-Alliance-Chaffee-logo-450-1.png","width":450,"height":350,"caption":"The Alliance Espanol"},"image":{"@id":"https:\/\/alliancechaffee.org\/espanol\/#\/schema\/logo\/image\/"}}]}},"featured_image_src_large":false,"author_info":{"display_name":"Andrea Schulz-Ward","author_link":"https:\/\/alliancechaffee.org\/espanol\/author\/director\/"},"comment_info":1,"taxonomy_info":[],"jetpack_sharing_enabled":true,"jetpack_shortlink":"https:\/\/wp.me\/P9Lsok-H","_links":{"self":[{"href":"https:\/\/alliancechaffee.org\/espanol\/wp-json\/wp\/v2\/pages\/43","targetHints":{"allow":["GET"]}}],"collection":[{"href":"https:\/\/alliancechaffee.org\/espanol\/wp-json\/wp\/v2\/pages"}],"about":[{"href":"https:\/\/alliancechaffee.org\/espanol\/wp-json\/wp\/v2\/types\/page"}],"author":[{"embeddable":true,"href":"https:\/\/alliancechaffee.org\/espanol\/wp-json\/wp\/v2\/users\/3"}],"replies":[{"embeddable":true,"href":"https:\/\/alliancechaffee.org\/espanol\/wp-json\/wp\/v2\/comments?post=43"}],"version-history":[{"count":2,"href":"https:\/\/alliancechaffee.org\/espanol\/wp-json\/wp\/v2\/pages\/43\/revisions"}],"predecessor-version":[{"id":1287,"href":"https:\/\/alliancechaffee.org\/espanol\/wp-json\/wp\/v2\/pages\/43\/revisions\/1287"}],"up":[{"embeddable":true,"href":"https:\/\/alliancechaffee.org\/espanol\/wp-json\/wp\/v2\/pages\/39"}],"wp:attachment":[{"href":"https:\/\/alliancechaffee.org\/espanol\/wp-json\/wp\/v2\/media?parent=43"}],"curies":[{"name":"wp","href":"https:\/\/api.w.org\/{rel}","templated":true}]}}