{"id":39,"date":"2013-03-01T16:38:19","date_gmt":"2013-03-01T16:38:19","guid":{"rendered":"http:\/\/108.179.193.181\/~salidaal\/aada\/?page_id=39"},"modified":"2021-09-09T06:12:22","modified_gmt":"2021-09-09T12:12:22","slug":"violencia-familiar","status":"publish","type":"page","link":"https:\/\/alliancechaffee.org\/espanol\/violencia-familiar\/","title":{"rendered":"Violencia familiar"},"content":{"rendered":"<p>La violencia familiar es un patr\u00f3n de comportamientos que se adopta con el fin de establecer poder y control sobre una pareja \u00edntima a trav\u00e9s del temor y la intimidaci\u00f3n, y con frecuencia incluye amenazas o el uso de violencia. Las parejas pueden estar casadas o no; ser heterosexuales, homosexuales; vivir juntos, separados o ser novios. Puede incluir agresi\u00f3n f\u00edsica, sexual, psicol\u00f3gica y control financiero.<\/p>\n<p><strong>Los ejemplos de abuso incluyen:<\/strong><\/p>\n<ul>\n<li><strong> Aislamiento<\/strong>: controlar sus actividades, no permitirle ver a sus familiares o amigos, no permitirle ir a ning\u00fan lado por s\u00ed sola o solo o enojarse mucho cuando usted lo hace.<\/li>\n<li><strong> Amenazas<\/strong>: de abandonarla o abandonarlo, lastimarla o lastimarlo, cometer suicidio, llevarse a los ni\u00f1os, matarla o matarlo, o atemorizarla o atemorizarlo con miradas y gestos, destruir su propiedad personal o lastimar a sus mascotas.<\/li>\n<li><strong> Abuso verbal y emocional<\/strong>: menosprecio, juegos mentales, insultos, subestimar sus sentimientos, culparla o culparlo, humillarla o humillarlo, celarla o celarlo extremadamente, hacerla o hacerlo sentir que no merece nada, o acusarla o acusarlo de infidelidad.<\/li>\n<li><strong> Abuso f\u00edsico y sexual<\/strong>: golpes, empellones, empujones (a usted o a sus hijos cuando estos tratan de ayudarla o ayudarlo), patadas, estrangularla o estrangularlo, forzarla o forzarlo a tener relaciones sexuales y a que haga cosas con las cuales no se siente c\u00f3moda o c\u00f3modo, bromas sobre aventuras amorosas, rehusarse a mostrar afecto.<\/li>\n<li><strong> Abuso financiero<\/strong>: no permitirle acceso al dinero, obligarla u obligarlo a trabajar o a quedarse en casa.<\/li>\n<\/ul>\n<p>El abuso puede ser criminal, como agresi\u00f3n f\u00edsica (golpes, empujones, empellones, etc.), abuso sexual (actividad sexual forzada o que usted no quiere), y persecuci\u00f3n. Aunque el abuso emocional, psicol\u00f3gico y financiero no son comportamientos criminales, son formas de abuso y pueden empeorar hasta convertirse en violencia criminal.<\/p>\n<p>Agresor predominante significa el miembro de la pareja que es el abusador principal. Para identificar al agresor predominante, usted debe considerar los antecedentes de abuso, las probabilidades de causar lesiones en el futuro, y la posibilidad de que una persona no estaba actuando en defensa propia.<\/p>\n<p><strong>Cualquier persona puede ser una v\u00edctima<\/strong><\/p>\n<p>Las v\u00edctimas pueden ser de cualquier edad, sexo, raza, cultura, religi\u00f3n, educaci\u00f3n, empleo o estado civil. Aunque tanto las mujeres como los hombres pueden sufrir abuso, el 97\u00a0% de las v\u00edctimas son del sexo femenino. Los ni\u00f1os en cuyos hogares hay violencia familiar tienen mayores probabilidades de ser v\u00edctimas de abuso y\/o negligencia. La mayor\u00eda de los ni\u00f1os que viven en este tipo de hogares conocen la violencia. Aunque un ni\u00f1o no sea lastimado f\u00edsicamente, podr\u00eda tener problemas emocionales y de conducta.<\/p>\n<p><strong>Si usted es v\u00edctima de abuso, RECUERDE:<\/strong><\/p>\n<ol>\n<li>Usted no est\u00e1 sola o solo.<\/li>\n<li>No es su culpa.<\/li>\n<li>Hay ayuda disponible.<\/li>\n<\/ol>\n<p><strong>Sus derechos como v\u00edctima<\/strong><\/p>\n<p>La violencia familiar es un delito. Usted tiene derechos como v\u00edctima seg\u00fan la Ley de Derechos de las V\u00edctimas (Victims Rights Act) y puede solicitar indemnizaci\u00f3n para las v\u00edctimas de delitos. Nosotros podemos ayudarla o ayudarlo a obtener y presentar solicitudes a trav\u00e9s de la oficina del Fiscal del Distrito.\u00a0<a href=\"https:\/\/alliancechaffee.org\/espanol\/contacto\/\">Comun\u00edquese con nosotros<\/a>\u00a0para obtener m\u00e1s informaci\u00f3n sobre sus derechos como v\u00edctima y la indemnizaci\u00f3n a las v\u00edctimas.<\/p>\n<p><strong><em>Nadie deber\u00eda ser v\u00edctima de la violencia familiar, no hay excusas para la violencia familiar.<\/em><\/strong><\/p>\n<p>Tal vez usted haya vivido con abuso, tal vez solo sucedi\u00f3 una vez; o quiz\u00e1 trabaje o viva cerca de una persona que en estos momentos es v\u00edctima de abuso.<\/p>\n<p>No importa qui\u00e9n sea, The Alliance puede decirle c\u00f3mo y d\u00f3nde recibir ayuda. <strong><a href=\"https:\/\/alliancechaffee.org\/espanol\/contacto\/\">Comun\u00edquese con nosotros<\/a>.<\/strong><\/p>\n<p><iframe loading=\"lazy\" src=\"http:\/\/embed.ted.com\/talks\/leslie_morgan_steiner_why_domestic_violence_victims_don_t_leave.html\" width=\"560\" height=\"315\" frameborder=\"0\" scrolling=\"no\" allowfullscreen=\"allowfullscreen\"><\/iframe><\/p>\n","protected":false},"excerpt":{"rendered":"<p>La violencia familiar es un patr\u00f3n de comportamientos que se adopta con el fin de establecer poder y control sobre una pareja \u00edntima a trav\u00e9s del temor y la intimidaci\u00f3n, y con frecuencia incluye amenazas o el uso de violencia. Las parejas pueden estar casadas o no; ser heterosexuales, homosexuales; vivir juntos, separados o ser &#8230; <a title=\"Violencia familiar\" class=\"read-more\" href=\"https:\/\/alliancechaffee.org\/espanol\/violencia-familiar\/\" aria-label=\"More on Violencia familiar\">Read more<\/a><\/p>\n","protected":false},"author":3,"featured_media":0,"parent":0,"menu_order":0,"comment_status":"closed","ping_status":"open","template":"","meta":{"jetpack_post_was_ever_published":false,"footnotes":""},"class_list":["post-39","page","type-page","status-publish"],"yoast_head":"<!-- This site is optimized with the Yoast SEO plugin v27.4 - https:\/\/yoast.com\/product\/yoast-seo-wordpress\/ -->\n<title>The Alliance Espanol - Salida, Buena Vista and Poncha Springs Colorado - Violencia familiar<\/title>\n<meta name=\"description\" content=\"The Alliance proporciona intervenci\u00f3n en casos de crisis y albergue de emergencia. La l\u00ednea directa The Alliance est\u00e1 disponible las 24 horas, los 7 d\u00edas de la semana, 719-539-7347.\" \/>\n<meta name=\"robots\" content=\"index, follow, max-snippet:-1, max-image-preview:large, max-video-preview:-1\" \/>\n<link rel=\"canonical\" href=\"https:\/\/alliancechaffee.org\/espanol\/violencia-familiar\/\" \/>\n<meta property=\"og:locale\" content=\"en_US\" \/>\n<meta property=\"og:type\" content=\"article\" \/>\n<meta property=\"og:title\" content=\"The Alliance Espanol - Salida, Buena Vista and Poncha Springs Colorado - Violencia familiar\" \/>\n<meta property=\"og:description\" content=\"The Alliance proporciona intervenci\u00f3n en casos de crisis y albergue de emergencia. La l\u00ednea directa The Alliance est\u00e1 disponible las 24 horas, los 7 d\u00edas de la semana, 719-539-7347.\" \/>\n<meta property=\"og:url\" content=\"https:\/\/alliancechaffee.org\/espanol\/violencia-familiar\/\" \/>\n<meta property=\"og:site_name\" content=\"The Alliance Espanol\" \/>\n<meta property=\"article:modified_time\" content=\"2021-09-09T12:12:22+00:00\" \/>\n<meta name=\"twitter:card\" content=\"summary_large_image\" \/>\n<meta name=\"twitter:label1\" content=\"Est. reading time\" \/>\n\t<meta name=\"twitter:data1\" content=\"3 minutes\" \/>\n<script type=\"application\/ld+json\" class=\"yoast-schema-graph\">{\"@context\":\"https:\\\/\\\/schema.org\",\"@graph\":[{\"@type\":\"WebPage\",\"@id\":\"https:\\\/\\\/alliancechaffee.org\\\/espanol\\\/violencia-familiar\\\/\",\"url\":\"https:\\\/\\\/alliancechaffee.org\\\/espanol\\\/violencia-familiar\\\/\",\"name\":\"The Alliance Espanol - Salida, Buena Vista and Poncha Springs Colorado - Violencia familiar\",\"isPartOf\":{\"@id\":\"https:\\\/\\\/alliancechaffee.org\\\/espanol\\\/#website\"},\"datePublished\":\"2013-03-01T16:38:19+00:00\",\"dateModified\":\"2021-09-09T12:12:22+00:00\",\"description\":\"The Alliance proporciona intervenci\u00f3n en casos de crisis y albergue de emergencia. La l\u00ednea directa The Alliance est\u00e1 disponible las 24 horas, los 7 d\u00edas de la semana, 719-539-7347.\",\"breadcrumb\":{\"@id\":\"https:\\\/\\\/alliancechaffee.org\\\/espanol\\\/violencia-familiar\\\/#breadcrumb\"},\"inLanguage\":\"en-US\",\"potentialAction\":[{\"@type\":\"ReadAction\",\"target\":[\"https:\\\/\\\/alliancechaffee.org\\\/espanol\\\/violencia-familiar\\\/\"]}]},{\"@type\":\"BreadcrumbList\",\"@id\":\"https:\\\/\\\/alliancechaffee.org\\\/espanol\\\/violencia-familiar\\\/#breadcrumb\",\"itemListElement\":[{\"@type\":\"ListItem\",\"position\":1,\"name\":\"Home\",\"item\":\"https:\\\/\\\/alliancechaffee.org\\\/espanol\\\/\"},{\"@type\":\"ListItem\",\"position\":2,\"name\":\"Violencia familiar\"}]},{\"@type\":\"WebSite\",\"@id\":\"https:\\\/\\\/alliancechaffee.org\\\/espanol\\\/#website\",\"url\":\"https:\\\/\\\/alliancechaffee.org\\\/espanol\\\/\",\"name\":\"The Alliance Espanol\",\"description\":\"Salida, Buena Vista and Poncha Springs Colorado\",\"publisher\":{\"@id\":\"https:\\\/\\\/alliancechaffee.org\\\/espanol\\\/#organization\"},\"potentialAction\":[{\"@type\":\"SearchAction\",\"target\":{\"@type\":\"EntryPoint\",\"urlTemplate\":\"https:\\\/\\\/alliancechaffee.org\\\/espanol\\\/?s={search_term_string}\"},\"query-input\":{\"@type\":\"PropertyValueSpecification\",\"valueRequired\":true,\"valueName\":\"search_term_string\"}}],\"inLanguage\":\"en-US\"},{\"@type\":\"Organization\",\"@id\":\"https:\\\/\\\/alliancechaffee.org\\\/espanol\\\/#organization\",\"name\":\"The Alliance Espanol\",\"url\":\"https:\\\/\\\/alliancechaffee.org\\\/espanol\\\/\",\"logo\":{\"@type\":\"ImageObject\",\"inLanguage\":\"en-US\",\"@id\":\"https:\\\/\\\/alliancechaffee.org\\\/espanol\\\/#\\\/schema\\\/logo\\\/image\\\/\",\"url\":\"https:\\\/\\\/alliancechaffee.org\\\/espanol\\\/wp-content\\\/uploads\\\/2021\\\/05\\\/cropped-Alliance-Chaffee-logo-450-1.png\",\"contentUrl\":\"https:\\\/\\\/alliancechaffee.org\\\/espanol\\\/wp-content\\\/uploads\\\/2021\\\/05\\\/cropped-Alliance-Chaffee-logo-450-1.png\",\"width\":450,\"height\":350,\"caption\":\"The Alliance Espanol\"},\"image\":{\"@id\":\"https:\\\/\\\/alliancechaffee.org\\\/espanol\\\/#\\\/schema\\\/logo\\\/image\\\/\"}}]}<\/script>\n<!-- \/ Yoast SEO plugin. -->","yoast_head_json":{"title":"The Alliance Espanol - Salida, Buena Vista and Poncha Springs Colorado - Violencia familiar","description":"The Alliance proporciona intervenci\u00f3n en casos de crisis y albergue de emergencia. La l\u00ednea directa The Alliance est\u00e1 disponible las 24 horas, los 7 d\u00edas de la semana, 719-539-7347.","robots":{"index":"index","follow":"follow","max-snippet":"max-snippet:-1","max-image-preview":"max-image-preview:large","max-video-preview":"max-video-preview:-1"},"canonical":"https:\/\/alliancechaffee.org\/espanol\/violencia-familiar\/","og_locale":"en_US","og_type":"article","og_title":"The Alliance Espanol - Salida, Buena Vista and Poncha Springs Colorado - Violencia familiar","og_description":"The Alliance proporciona intervenci\u00f3n en casos de crisis y albergue de emergencia. La l\u00ednea directa The Alliance est\u00e1 disponible las 24 horas, los 7 d\u00edas de la semana, 719-539-7347.","og_url":"https:\/\/alliancechaffee.org\/espanol\/violencia-familiar\/","og_site_name":"The Alliance Espanol","article_modified_time":"2021-09-09T12:12:22+00:00","twitter_card":"summary_large_image","twitter_misc":{"Est. reading time":"3 minutes"},"schema":{"@context":"https:\/\/schema.org","@graph":[{"@type":"WebPage","@id":"https:\/\/alliancechaffee.org\/espanol\/violencia-familiar\/","url":"https:\/\/alliancechaffee.org\/espanol\/violencia-familiar\/","name":"The Alliance Espanol - Salida, Buena Vista and Poncha Springs Colorado - Violencia familiar","isPartOf":{"@id":"https:\/\/alliancechaffee.org\/espanol\/#website"},"datePublished":"2013-03-01T16:38:19+00:00","dateModified":"2021-09-09T12:12:22+00:00","description":"The Alliance proporciona intervenci\u00f3n en casos de crisis y albergue de emergencia. La l\u00ednea directa The Alliance est\u00e1 disponible las 24 horas, los 7 d\u00edas de la semana, 719-539-7347.","breadcrumb":{"@id":"https:\/\/alliancechaffee.org\/espanol\/violencia-familiar\/#breadcrumb"},"inLanguage":"en-US","potentialAction":[{"@type":"ReadAction","target":["https:\/\/alliancechaffee.org\/espanol\/violencia-familiar\/"]}]},{"@type":"BreadcrumbList","@id":"https:\/\/alliancechaffee.org\/espanol\/violencia-familiar\/#breadcrumb","itemListElement":[{"@type":"ListItem","position":1,"name":"Home","item":"https:\/\/alliancechaffee.org\/espanol\/"},{"@type":"ListItem","position":2,"name":"Violencia familiar"}]},{"@type":"WebSite","@id":"https:\/\/alliancechaffee.org\/espanol\/#website","url":"https:\/\/alliancechaffee.org\/espanol\/","name":"The Alliance Espanol","description":"Salida, Buena Vista and Poncha Springs Colorado","publisher":{"@id":"https:\/\/alliancechaffee.org\/espanol\/#organization"},"potentialAction":[{"@type":"SearchAction","target":{"@type":"EntryPoint","urlTemplate":"https:\/\/alliancechaffee.org\/espanol\/?s={search_term_string}"},"query-input":{"@type":"PropertyValueSpecification","valueRequired":true,"valueName":"search_term_string"}}],"inLanguage":"en-US"},{"@type":"Organization","@id":"https:\/\/alliancechaffee.org\/espanol\/#organization","name":"The Alliance Espanol","url":"https:\/\/alliancechaffee.org\/espanol\/","logo":{"@type":"ImageObject","inLanguage":"en-US","@id":"https:\/\/alliancechaffee.org\/espanol\/#\/schema\/logo\/image\/","url":"https:\/\/alliancechaffee.org\/espanol\/wp-content\/uploads\/2021\/05\/cropped-Alliance-Chaffee-logo-450-1.png","contentUrl":"https:\/\/alliancechaffee.org\/espanol\/wp-content\/uploads\/2021\/05\/cropped-Alliance-Chaffee-logo-450-1.png","width":450,"height":350,"caption":"The Alliance Espanol"},"image":{"@id":"https:\/\/alliancechaffee.org\/espanol\/#\/schema\/logo\/image\/"}}]}},"featured_image_src_large":false,"author_info":{"display_name":"Andrea Schulz-Ward","author_link":"https:\/\/alliancechaffee.org\/espanol\/author\/director\/"},"comment_info":0,"taxonomy_info":[],"jetpack_sharing_enabled":true,"jetpack_shortlink":"https:\/\/wp.me\/P9Lsok-D","_links":{"self":[{"href":"https:\/\/alliancechaffee.org\/espanol\/wp-json\/wp\/v2\/pages\/39","targetHints":{"allow":["GET"]}}],"collection":[{"href":"https:\/\/alliancechaffee.org\/espanol\/wp-json\/wp\/v2\/pages"}],"about":[{"href":"https:\/\/alliancechaffee.org\/espanol\/wp-json\/wp\/v2\/types\/page"}],"author":[{"embeddable":true,"href":"https:\/\/alliancechaffee.org\/espanol\/wp-json\/wp\/v2\/users\/3"}],"replies":[{"embeddable":true,"href":"https:\/\/alliancechaffee.org\/espanol\/wp-json\/wp\/v2\/comments?post=39"}],"version-history":[{"count":2,"href":"https:\/\/alliancechaffee.org\/espanol\/wp-json\/wp\/v2\/pages\/39\/revisions"}],"predecessor-version":[{"id":1273,"href":"https:\/\/alliancechaffee.org\/espanol\/wp-json\/wp\/v2\/pages\/39\/revisions\/1273"}],"wp:attachment":[{"href":"https:\/\/alliancechaffee.org\/espanol\/wp-json\/wp\/v2\/media?parent=39"}],"curies":[{"name":"wp","href":"https:\/\/api.w.org\/{rel}","templated":true}]}}