{"id":20,"date":"2013-03-01T16:03:21","date_gmt":"2013-03-01T23:03:21","guid":{"rendered":"http:\/\/108.179.193.181\/~salidaal\/aada\/?page_id=20"},"modified":"2021-09-09T06:12:14","modified_gmt":"2021-09-09T12:12:14","slug":"monarch-crest-crank","status":"publish","type":"page","link":"https:\/\/alliancechaffee.org\/espanol\/monarch-crest-crank\/","title":{"rendered":"Evento de The Alliance \u2013 Monarch Crest Crank"},"content":{"rendered":"<h2 style=\"text-align: center;\">Monarch Crest Crank<\/h2>\n<p style=\"text-align: left;\">El evento <strong><a href=\"https:\/\/www.monarchcrestcrank.com\/\" target=\"_blank\" rel=\"noopener noreferrer\">Monarch Crest Crank<\/a><\/strong> \u2013 que se llev\u00f3 a cabo el 20 se septiembre de 2020, es la recaudaci\u00f3n hist\u00f3rica de fondos de The Alliance que ofrece a los ciclistas de monta\u00f1a avanzados la oportunidad de recorrer la famosa Monarch Crest Trail, como se ha hecho desde 1998. Es uno de los mejores recorridos de una sola v\u00eda de alta elevaci\u00f3n en Colorado y ha sido denominado \u201cUna de las 10 mejores rutas en EE. UU.\u201d.<\/p>\n\n<figure id=\"attachment_323\" class=\"wp-caption alignright \" style=\"width: 336px;\"><img loading=\"lazy\" decoding=\"async\" class=\"wp-image-323 size-full\" src=\"https:\/\/alliancechaffee.org\/wp-content\/uploads\/2013\/08\/MW6.jpg\" alt=\"Monarch Crest Trail!\" width=\"336\" height=\"504\" srcset=\"https:\/\/alliancechaffee.org\/espanol\/wp-content\/uploads\/2013\/08\/MW6.jpg 336w, https:\/\/alliancechaffee.org\/espanol\/wp-content\/uploads\/2013\/08\/MW6-200x300.jpg 200w\" sizes=\"auto, (max-width: 336px) 100vw, 336px\" \/>\n<figcaption class=\"wp-caption-text\">Monarch Crest Trail!<\/figcaption><\/figure>\nLa cuota para participar en el recorrido es de $85 e incluye el recorrido, un gu\u00eda, el autob\u00fas y, por supuesto, nuestra legendaria fiesta en Riverside Park despu\u00e9s del recorrido con comida, bebidas y m\u00fasica<strong>. Adem\u00e1s de este precio de oferta, lo alentamos a que recaude al menos $200 en donativos personales y patrocinios. Los ciclistas que logren la recaudaci\u00f3n podr\u00e1n elegir entre incre\u00edbles premios que incluyen un estupendo equipo de bicicleta, tarjetas de regalo para las tiendas y los restaurantes locales y m\u00e1s.<\/strong>\n\nAcomp\u00e1\u00f1enos en la diversi\u00f3n y ay\u00fadenos a recaudar fondos para apoyar el importante trabajo de The Alliance. \u00a1Nuestro recorrido es un evento esencial en el emocionante Festival del ciclismo de Salida!\n\nVisite <a href=\"http:\/\/www.monarchcrestcrank.com\/\" target=\"_blank\" rel=\"noopener noreferrer\">MonarchCrestCrank.com<\/a> para obtener m\u00e1s informaci\u00f3n.\n\n<a class=\"btn btn-success btn-shortcode\" title=\"Check out the Monarch Crest Crank Sponsors\" href=\"http:\/\/monarchcrestcrank.com\/\" target=\"_self\" rel=\"noopener noreferrer\">Check out the Monarch Crest Crank Sponsors<\/a>\n<figure id=\"attachment_328\" class=\"wp-caption  aligncenter\" style=\"width: 504px;\"><img loading=\"lazy\" decoding=\"async\" class=\"wp-image-328 size-full\" src=\"https:\/\/alliancechaffee.org\/wp-content\/uploads\/2013\/08\/KH5.jpg\" alt=\"Singletrack Across the Sky! The Monarch Crest Trail\" width=\"504\" height=\"263\" srcset=\"https:\/\/alliancechaffee.org\/espanol\/wp-content\/uploads\/2013\/08\/KH5.jpg 504w, https:\/\/alliancechaffee.org\/espanol\/wp-content\/uploads\/2013\/08\/KH5-300x157.jpg 300w, https:\/\/alliancechaffee.org\/espanol\/wp-content\/uploads\/2013\/08\/KH5-500x261.jpg 500w\" sizes=\"auto, (max-width: 504px) 100vw, 504px\" \/>\n\n\u00a1Una sola v\u00eda por el cielo! The Monarch Crest Trail<\/figure>\n<figure id=\"attachment_325\" class=\"wp-caption  aligncenter\" style=\"width: 504px;\"><img loading=\"lazy\" decoding=\"async\" class=\"wp-image-325 size-full\" src=\"https:\/\/alliancechaffee.org\/wp-content\/uploads\/2013\/08\/KH11.jpg\" alt=\" Views and Friends on the Monarch Crest Trail\" width=\"504\" height=\"335\" srcset=\"https:\/\/alliancechaffee.org\/espanol\/wp-content\/uploads\/2013\/08\/KH11.jpg 504w, https:\/\/alliancechaffee.org\/espanol\/wp-content\/uploads\/2013\/08\/KH11-300x199.jpg 300w, https:\/\/alliancechaffee.org\/espanol\/wp-content\/uploads\/2013\/08\/KH11-500x332.jpg 500w\" sizes=\"auto, (max-width: 504px) 100vw, 504px\" \/>\n\nVistas y amigos en Monarch Crest Trail<\/figure>\n<!-- \/wp:post-content -->","protected":false},"excerpt":{"rendered":"<p>Monarch Crest Crank El evento Monarch Crest Crank \u2013 que se llev\u00f3 a cabo el 20 se septiembre de 2020, es la recaudaci\u00f3n hist\u00f3rica de fondos de The Alliance que ofrece a los ciclistas de monta\u00f1a avanzados la oportunidad de recorrer la famosa Monarch Crest Trail, como se ha hecho desde 1998. Es uno de &#8230; <a title=\"Evento de The Alliance \u2013 Monarch Crest Crank\" class=\"read-more\" href=\"https:\/\/alliancechaffee.org\/espanol\/monarch-crest-crank\/\" aria-label=\"More on Evento de The Alliance \u2013 Monarch Crest Crank\">Read more<\/a><\/p>\n","protected":false},"author":3,"featured_media":0,"parent":0,"menu_order":0,"comment_status":"closed","ping_status":"closed","template":"","meta":{"jetpack_post_was_ever_published":false,"footnotes":""},"class_list":["post-20","page","type-page","status-publish"],"yoast_head":"<!-- This site is optimized with the Yoast SEO plugin v27.4 - https:\/\/yoast.com\/product\/yoast-seo-wordpress\/ -->\n<title>The Alliance Espanol - Salida, Buena Vista and Poncha Springs Colorado - Evento de The Alliance \u2013 Monarch Crest Crank<\/title>\n<meta name=\"description\" content=\"The Alliance proporciona intervenci\u00f3n en casos de crisis y albergue de emergencia. La l\u00ednea directa The Alliance est\u00e1 disponible las 24 horas, los 7 d\u00edas de la semana, 719-539-7347.\" \/>\n<meta name=\"robots\" content=\"index, follow, max-snippet:-1, max-image-preview:large, max-video-preview:-1\" \/>\n<link rel=\"canonical\" href=\"https:\/\/alliancechaffee.org\/espanol\/monarch-crest-crank\/\" \/>\n<meta property=\"og:locale\" content=\"en_US\" \/>\n<meta property=\"og:type\" content=\"article\" \/>\n<meta property=\"og:title\" content=\"The Alliance Espanol - Salida, Buena Vista and Poncha Springs Colorado - Evento de The Alliance \u2013 Monarch Crest Crank\" \/>\n<meta property=\"og:description\" content=\"The Alliance proporciona intervenci\u00f3n en casos de crisis y albergue de emergencia. La l\u00ednea directa The Alliance est\u00e1 disponible las 24 horas, los 7 d\u00edas de la semana, 719-539-7347.\" \/>\n<meta property=\"og:url\" content=\"https:\/\/alliancechaffee.org\/espanol\/monarch-crest-crank\/\" \/>\n<meta property=\"og:site_name\" content=\"The Alliance Espanol\" \/>\n<meta property=\"article:modified_time\" content=\"2021-09-09T12:12:14+00:00\" \/>\n<meta property=\"og:image\" content=\"https:\/\/alliancechaffee.org\/wp-content\/uploads\/2013\/08\/MW6.jpg\" \/>\n<meta name=\"twitter:card\" content=\"summary_large_image\" \/>\n<meta name=\"twitter:label1\" content=\"Est. reading time\" \/>\n\t<meta name=\"twitter:data1\" content=\"2 minutes\" \/>\n<script type=\"application\/ld+json\" class=\"yoast-schema-graph\">{\"@context\":\"https:\\\/\\\/schema.org\",\"@graph\":[{\"@type\":\"WebPage\",\"@id\":\"https:\\\/\\\/alliancechaffee.org\\\/espanol\\\/monarch-crest-crank\\\/\",\"url\":\"https:\\\/\\\/alliancechaffee.org\\\/espanol\\\/monarch-crest-crank\\\/\",\"name\":\"The Alliance Espanol - Salida, Buena Vista and Poncha Springs Colorado - Evento de The Alliance \u2013 Monarch Crest Crank\",\"isPartOf\":{\"@id\":\"https:\\\/\\\/alliancechaffee.org\\\/espanol\\\/#website\"},\"primaryImageOfPage\":{\"@id\":\"https:\\\/\\\/alliancechaffee.org\\\/espanol\\\/monarch-crest-crank\\\/#primaryimage\"},\"image\":{\"@id\":\"https:\\\/\\\/alliancechaffee.org\\\/espanol\\\/monarch-crest-crank\\\/#primaryimage\"},\"thumbnailUrl\":\"https:\\\/\\\/alliancechaffee.org\\\/wp-content\\\/uploads\\\/2013\\\/08\\\/MW6.jpg\",\"datePublished\":\"2013-03-01T23:03:21+00:00\",\"dateModified\":\"2021-09-09T12:12:14+00:00\",\"description\":\"The Alliance proporciona intervenci\u00f3n en casos de crisis y albergue de emergencia. La l\u00ednea directa The Alliance est\u00e1 disponible las 24 horas, los 7 d\u00edas de la semana, 719-539-7347.\",\"breadcrumb\":{\"@id\":\"https:\\\/\\\/alliancechaffee.org\\\/espanol\\\/monarch-crest-crank\\\/#breadcrumb\"},\"inLanguage\":\"en-US\",\"potentialAction\":[{\"@type\":\"ReadAction\",\"target\":[\"https:\\\/\\\/alliancechaffee.org\\\/espanol\\\/monarch-crest-crank\\\/\"]}]},{\"@type\":\"ImageObject\",\"inLanguage\":\"en-US\",\"@id\":\"https:\\\/\\\/alliancechaffee.org\\\/espanol\\\/monarch-crest-crank\\\/#primaryimage\",\"url\":\"https:\\\/\\\/alliancechaffee.org\\\/wp-content\\\/uploads\\\/2013\\\/08\\\/MW6.jpg\",\"contentUrl\":\"https:\\\/\\\/alliancechaffee.org\\\/wp-content\\\/uploads\\\/2013\\\/08\\\/MW6.jpg\"},{\"@type\":\"BreadcrumbList\",\"@id\":\"https:\\\/\\\/alliancechaffee.org\\\/espanol\\\/monarch-crest-crank\\\/#breadcrumb\",\"itemListElement\":[{\"@type\":\"ListItem\",\"position\":1,\"name\":\"Home\",\"item\":\"https:\\\/\\\/alliancechaffee.org\\\/espanol\\\/\"},{\"@type\":\"ListItem\",\"position\":2,\"name\":\"Evento de The Alliance \u2013 Monarch Crest Crank\"}]},{\"@type\":\"WebSite\",\"@id\":\"https:\\\/\\\/alliancechaffee.org\\\/espanol\\\/#website\",\"url\":\"https:\\\/\\\/alliancechaffee.org\\\/espanol\\\/\",\"name\":\"The Alliance Espanol\",\"description\":\"Salida, Buena Vista and Poncha Springs Colorado\",\"publisher\":{\"@id\":\"https:\\\/\\\/alliancechaffee.org\\\/espanol\\\/#organization\"},\"potentialAction\":[{\"@type\":\"SearchAction\",\"target\":{\"@type\":\"EntryPoint\",\"urlTemplate\":\"https:\\\/\\\/alliancechaffee.org\\\/espanol\\\/?s={search_term_string}\"},\"query-input\":{\"@type\":\"PropertyValueSpecification\",\"valueRequired\":true,\"valueName\":\"search_term_string\"}}],\"inLanguage\":\"en-US\"},{\"@type\":\"Organization\",\"@id\":\"https:\\\/\\\/alliancechaffee.org\\\/espanol\\\/#organization\",\"name\":\"The Alliance Espanol\",\"url\":\"https:\\\/\\\/alliancechaffee.org\\\/espanol\\\/\",\"logo\":{\"@type\":\"ImageObject\",\"inLanguage\":\"en-US\",\"@id\":\"https:\\\/\\\/alliancechaffee.org\\\/espanol\\\/#\\\/schema\\\/logo\\\/image\\\/\",\"url\":\"https:\\\/\\\/alliancechaffee.org\\\/espanol\\\/wp-content\\\/uploads\\\/2021\\\/05\\\/cropped-Alliance-Chaffee-logo-450-1.png\",\"contentUrl\":\"https:\\\/\\\/alliancechaffee.org\\\/espanol\\\/wp-content\\\/uploads\\\/2021\\\/05\\\/cropped-Alliance-Chaffee-logo-450-1.png\",\"width\":450,\"height\":350,\"caption\":\"The Alliance Espanol\"},\"image\":{\"@id\":\"https:\\\/\\\/alliancechaffee.org\\\/espanol\\\/#\\\/schema\\\/logo\\\/image\\\/\"}}]}<\/script>\n<!-- \/ Yoast SEO plugin. -->","yoast_head_json":{"title":"The Alliance Espanol - Salida, Buena Vista and Poncha Springs Colorado - Evento de The Alliance \u2013 Monarch Crest Crank","description":"The Alliance proporciona intervenci\u00f3n en casos de crisis y albergue de emergencia. La l\u00ednea directa The Alliance est\u00e1 disponible las 24 horas, los 7 d\u00edas de la semana, 719-539-7347.","robots":{"index":"index","follow":"follow","max-snippet":"max-snippet:-1","max-image-preview":"max-image-preview:large","max-video-preview":"max-video-preview:-1"},"canonical":"https:\/\/alliancechaffee.org\/espanol\/monarch-crest-crank\/","og_locale":"en_US","og_type":"article","og_title":"The Alliance Espanol - Salida, Buena Vista and Poncha Springs Colorado - Evento de The Alliance \u2013 Monarch Crest Crank","og_description":"The Alliance proporciona intervenci\u00f3n en casos de crisis y albergue de emergencia. La l\u00ednea directa The Alliance est\u00e1 disponible las 24 horas, los 7 d\u00edas de la semana, 719-539-7347.","og_url":"https:\/\/alliancechaffee.org\/espanol\/monarch-crest-crank\/","og_site_name":"The Alliance Espanol","article_modified_time":"2021-09-09T12:12:14+00:00","og_image":[{"url":"https:\/\/alliancechaffee.org\/wp-content\/uploads\/2013\/08\/MW6.jpg","type":"","width":"","height":""}],"twitter_card":"summary_large_image","twitter_misc":{"Est. reading time":"2 minutes"},"schema":{"@context":"https:\/\/schema.org","@graph":[{"@type":"WebPage","@id":"https:\/\/alliancechaffee.org\/espanol\/monarch-crest-crank\/","url":"https:\/\/alliancechaffee.org\/espanol\/monarch-crest-crank\/","name":"The Alliance Espanol - Salida, Buena Vista and Poncha Springs Colorado - Evento de The Alliance \u2013 Monarch Crest Crank","isPartOf":{"@id":"https:\/\/alliancechaffee.org\/espanol\/#website"},"primaryImageOfPage":{"@id":"https:\/\/alliancechaffee.org\/espanol\/monarch-crest-crank\/#primaryimage"},"image":{"@id":"https:\/\/alliancechaffee.org\/espanol\/monarch-crest-crank\/#primaryimage"},"thumbnailUrl":"https:\/\/alliancechaffee.org\/wp-content\/uploads\/2013\/08\/MW6.jpg","datePublished":"2013-03-01T23:03:21+00:00","dateModified":"2021-09-09T12:12:14+00:00","description":"The Alliance proporciona intervenci\u00f3n en casos de crisis y albergue de emergencia. La l\u00ednea directa The Alliance est\u00e1 disponible las 24 horas, los 7 d\u00edas de la semana, 719-539-7347.","breadcrumb":{"@id":"https:\/\/alliancechaffee.org\/espanol\/monarch-crest-crank\/#breadcrumb"},"inLanguage":"en-US","potentialAction":[{"@type":"ReadAction","target":["https:\/\/alliancechaffee.org\/espanol\/monarch-crest-crank\/"]}]},{"@type":"ImageObject","inLanguage":"en-US","@id":"https:\/\/alliancechaffee.org\/espanol\/monarch-crest-crank\/#primaryimage","url":"https:\/\/alliancechaffee.org\/wp-content\/uploads\/2013\/08\/MW6.jpg","contentUrl":"https:\/\/alliancechaffee.org\/wp-content\/uploads\/2013\/08\/MW6.jpg"},{"@type":"BreadcrumbList","@id":"https:\/\/alliancechaffee.org\/espanol\/monarch-crest-crank\/#breadcrumb","itemListElement":[{"@type":"ListItem","position":1,"name":"Home","item":"https:\/\/alliancechaffee.org\/espanol\/"},{"@type":"ListItem","position":2,"name":"Evento de The Alliance \u2013 Monarch Crest Crank"}]},{"@type":"WebSite","@id":"https:\/\/alliancechaffee.org\/espanol\/#website","url":"https:\/\/alliancechaffee.org\/espanol\/","name":"The Alliance Espanol","description":"Salida, Buena Vista and Poncha Springs Colorado","publisher":{"@id":"https:\/\/alliancechaffee.org\/espanol\/#organization"},"potentialAction":[{"@type":"SearchAction","target":{"@type":"EntryPoint","urlTemplate":"https:\/\/alliancechaffee.org\/espanol\/?s={search_term_string}"},"query-input":{"@type":"PropertyValueSpecification","valueRequired":true,"valueName":"search_term_string"}}],"inLanguage":"en-US"},{"@type":"Organization","@id":"https:\/\/alliancechaffee.org\/espanol\/#organization","name":"The Alliance Espanol","url":"https:\/\/alliancechaffee.org\/espanol\/","logo":{"@type":"ImageObject","inLanguage":"en-US","@id":"https:\/\/alliancechaffee.org\/espanol\/#\/schema\/logo\/image\/","url":"https:\/\/alliancechaffee.org\/espanol\/wp-content\/uploads\/2021\/05\/cropped-Alliance-Chaffee-logo-450-1.png","contentUrl":"https:\/\/alliancechaffee.org\/espanol\/wp-content\/uploads\/2021\/05\/cropped-Alliance-Chaffee-logo-450-1.png","width":450,"height":350,"caption":"The Alliance Espanol"},"image":{"@id":"https:\/\/alliancechaffee.org\/espanol\/#\/schema\/logo\/image\/"}}]}},"featured_image_src_large":false,"author_info":{"display_name":"Andrea Schulz-Ward","author_link":"https:\/\/alliancechaffee.org\/espanol\/author\/director\/"},"comment_info":0,"taxonomy_info":[],"jetpack_sharing_enabled":true,"jetpack_shortlink":"https:\/\/wp.me\/P9Lsok-k","_links":{"self":[{"href":"https:\/\/alliancechaffee.org\/espanol\/wp-json\/wp\/v2\/pages\/20","targetHints":{"allow":["GET"]}}],"collection":[{"href":"https:\/\/alliancechaffee.org\/espanol\/wp-json\/wp\/v2\/pages"}],"about":[{"href":"https:\/\/alliancechaffee.org\/espanol\/wp-json\/wp\/v2\/types\/page"}],"author":[{"embeddable":true,"href":"https:\/\/alliancechaffee.org\/espanol\/wp-json\/wp\/v2\/users\/3"}],"replies":[{"embeddable":true,"href":"https:\/\/alliancechaffee.org\/espanol\/wp-json\/wp\/v2\/comments?post=20"}],"version-history":[{"count":3,"href":"https:\/\/alliancechaffee.org\/espanol\/wp-json\/wp\/v2\/pages\/20\/revisions"}],"predecessor-version":[{"id":1230,"href":"https:\/\/alliancechaffee.org\/espanol\/wp-json\/wp\/v2\/pages\/20\/revisions\/1230"}],"wp:attachment":[{"href":"https:\/\/alliancechaffee.org\/espanol\/wp-json\/wp\/v2\/media?parent=20"}],"curies":[{"name":"wp","href":"https:\/\/api.w.org\/{rel}","templated":true}]}}