{"id":161,"date":"2013-03-01T19:52:22","date_gmt":"2013-03-01T19:52:22","guid":{"rendered":"http:\/\/108.179.193.181\/~salidaal\/aada\/?page_id=161"},"modified":"2021-09-09T06:12:09","modified_gmt":"2021-09-09T12:12:09","slug":"done-a-the-alliance","status":"publish","type":"page","link":"https:\/\/alliancechaffee.org\/espanol\/apoye-a-the-alliance\/done-a-the-alliance\/","title":{"rendered":"Done a The Alliance"},"content":{"rendered":"<style>#kt-layout-id_7c14be-bf{margin-bottom:0px;}#kt-layout-id_7c14be-bf > .kt-row-column-wrap{align-content:start;}:where(#kt-layout-id_7c14be-bf > .kt-row-column-wrap) > .wp-block-kadence-column{justify-content:start;}#kt-layout-id_7c14be-bf > .kt-row-column-wrap{column-gap:var(--global-kb-gap-md, 2rem);row-gap:var(--global-kb-gap-md, 2rem);padding-top:var( --global-kb-row-default-top, 25px );padding-bottom:var( --global-kb-row-default-bottom, 25px );padding-top:var(--global-kb-spacing-sm, 1.5rem);padding-bottom:var(--global-kb-spacing-sm, 1.5rem);grid-template-columns:minmax(0, 1fr) minmax(0, 2fr);}#kt-layout-id_7c14be-bf > .kt-row-layout-overlay{opacity:0.30;}@media all and (max-width: 1024px){#kt-layout-id_7c14be-bf > .kt-row-column-wrap{grid-template-columns:minmax(0, 1fr) minmax(0, 2fr);}}@media all and (max-width: 767px){#kt-layout-id_7c14be-bf > .kt-row-column-wrap{grid-template-columns:minmax(0, 1fr);}}<\/style>\n<div class=\"wp-block-kadence-rowlayout alignnone\"><div id=\"kt-layout-id_7c14be-bf\" class=\"kt-row-layout-inner kt-layout-id_7c14be-bf\"><div class=\"kt-row-column-wrap kt-has-2-columns kt-gutter-default kt-v-gutter-default kt-row-valign-top kt-row-layout-right-golden kt-tab-layout-inherit kt-m-colapse-left-to-right kt-mobile-layout-row\"><style>.kadence-column_54dfcd-8c > .kt-inside-inner-col{border-top-width:0px;border-right-width:0px;border-bottom-width:0px;border-left-width:0px;}.kadence-column_54dfcd-8c > .kt-inside-inner-col,.kadence-column_54dfcd-8c > .kt-inside-inner-col:before{border-top-left-radius:0px;border-top-right-radius:0px;border-bottom-right-radius:0px;border-bottom-left-radius:0px;}.kadence-column_54dfcd-8c > .kt-inside-inner-col{column-gap:var(--global-kb-gap-sm, 1rem);}.kadence-column_54dfcd-8c > .kt-inside-inner-col{flex-direction:column;}.kadence-column_54dfcd-8c > .kt-inside-inner-col > .aligncenter{width:100%;}.kadence-column_54dfcd-8c > .kt-inside-inner-col:before{opacity:0.3;}.kadence-column_54dfcd-8c{position:relative;}@media all and (max-width: 1024px){.kadence-column_54dfcd-8c > .kt-inside-inner-col{flex-direction:column;justify-content:center;}}@media all and (max-width: 767px){.kadence-column_54dfcd-8c > .kt-inside-inner-col{flex-direction:column;justify-content:center;}}<\/style>\n<div class=\"wp-block-kadence-column inner-column-1 kadence-column_54dfcd-8c\"><div class=\"kt-inside-inner-col\">\n<figure class=\"wp-block-image size-large\"><img decoding=\"async\" src=\"https:\/\/alliancechaffee.org\/wp-content\/uploads\/2020\/08\/Donate-to-the-Alliance-1.png\" alt=\"\" class=\"wp-image-1476\"\/><\/figure>\n<\/div><\/div>\n\n\n<style>.kadence-column_d7de71-a3 > .kt-inside-inner-col{border-top-width:0px;border-right-width:0px;border-bottom-width:0px;border-left-width:0px;}.kadence-column_d7de71-a3 > .kt-inside-inner-col,.kadence-column_d7de71-a3 > .kt-inside-inner-col:before{border-top-left-radius:0px;border-top-right-radius:0px;border-bottom-right-radius:0px;border-bottom-left-radius:0px;}.kadence-column_d7de71-a3 > .kt-inside-inner-col{column-gap:var(--global-kb-gap-sm, 1rem);}.kadence-column_d7de71-a3 > .kt-inside-inner-col{flex-direction:column;}.kadence-column_d7de71-a3 > .kt-inside-inner-col > .aligncenter{width:100%;}.kadence-column_d7de71-a3 > .kt-inside-inner-col:before{opacity:0.3;}.kadence-column_d7de71-a3{position:relative;}@media all and (max-width: 1024px){.kadence-column_d7de71-a3 > .kt-inside-inner-col{flex-direction:column;justify-content:center;}}@media all and (max-width: 767px){.kadence-column_d7de71-a3 > .kt-inside-inner-col{flex-direction:column;justify-content:center;}}<\/style>\n<div class=\"wp-block-kadence-column inner-column-2 kadence-column_d7de71-a3\"><div class=\"kt-inside-inner-col\">\n<p class=\"has-text-color\" style=\"color:#740082;font-size:21px\">Haga clic en el bot\u00f3n para hacer una donaci\u00f3n a The Alliance.<\/p>\n\n\n\n<script src=\"https:\/\/s3-us-west-2.amazonaws.com\/bloomerang-public-cdn\/alliance\/.widget-js\/144384.js\" type=\"text\/javascript\"><\/script>\n<\/div><\/div>\n<\/div><\/div><\/div>\n\n\n<style>#kt-layout-id_8909eb-12{margin-bottom:0px;}#kt-layout-id_8909eb-12 > .kt-row-column-wrap{align-content:start;}:where(#kt-layout-id_8909eb-12 > .kt-row-column-wrap) > .wp-block-kadence-column{justify-content:start;}#kt-layout-id_8909eb-12 > .kt-row-column-wrap{column-gap:var(--global-kb-gap-md, 2rem);row-gap:var(--global-kb-gap-md, 2rem);padding-top:var( --global-kb-row-default-top, 25px );padding-bottom:var( --global-kb-row-default-bottom, 25px );padding-top:var(--global-kb-spacing-sm, 1.5rem);padding-bottom:var(--global-kb-spacing-sm, 1.5rem);grid-template-columns:minmax(0, 1fr) minmax(0, 2fr);}#kt-layout-id_8909eb-12 > .kt-row-layout-overlay{opacity:0.30;}@media all and (max-width: 1024px){#kt-layout-id_8909eb-12 > .kt-row-column-wrap{grid-template-columns:minmax(0, 1fr) minmax(0, 2fr);}}@media all and (max-width: 767px){#kt-layout-id_8909eb-12 > .kt-row-column-wrap{grid-template-columns:minmax(0, 1fr);}}<\/style>\n<div class=\"wp-block-kadence-rowlayout alignnone\"><div id=\"kt-layout-id_8909eb-12\" class=\"kt-row-layout-inner kt-layout-id_8909eb-12\"><div class=\"kt-row-column-wrap kt-has-2-columns kt-gutter-default kt-v-gutter-default kt-row-valign-top kt-row-layout-right-golden kt-tab-layout-inherit kt-m-colapse-left-to-right kt-mobile-layout-row\"><style>.kadence-column_df180c-30 > .kt-inside-inner-col{border-top-width:0px;border-right-width:0px;border-bottom-width:0px;border-left-width:0px;}.kadence-column_df180c-30 > .kt-inside-inner-col,.kadence-column_df180c-30 > .kt-inside-inner-col:before{border-top-left-radius:0px;border-top-right-radius:0px;border-bottom-right-radius:0px;border-bottom-left-radius:0px;}.kadence-column_df180c-30 > .kt-inside-inner-col{column-gap:var(--global-kb-gap-sm, 1rem);}.kadence-column_df180c-30 > .kt-inside-inner-col{flex-direction:column;}.kadence-column_df180c-30 > .kt-inside-inner-col > .aligncenter{width:100%;}.kadence-column_df180c-30 > .kt-inside-inner-col:before{opacity:0.3;}.kadence-column_df180c-30{position:relative;}@media all and (max-width: 1024px){.kadence-column_df180c-30 > .kt-inside-inner-col{flex-direction:column;justify-content:center;}}@media all and (max-width: 767px){.kadence-column_df180c-30 > .kt-inside-inner-col{flex-direction:column;justify-content:center;}}<\/style>\n<div class=\"wp-block-kadence-column inner-column-1 kadence-column_df180c-30\"><div class=\"kt-inside-inner-col\">\n<figure class=\"wp-block-image size-large\"><img decoding=\"async\" src=\"https:\/\/alliancechaffee.org\/wp-content\/uploads\/2020\/08\/Donate-to-the-Alliance-Other-Ways.png\" alt=\"\" class=\"wp-image-1477\"\/><\/figure>\n\n\n\n<figure class=\"wp-block-image size-large\"><a href=\"https:\/\/alliancechaffee.org\/monthly-wish-list\/\"><img decoding=\"async\" src=\"https:\/\/alliancechaffee.org\/wp-content\/uploads\/2020\/08\/Donate-to-the-Alliance-Monthly-Wish.png\" alt=\"\" class=\"wp-image-1479\"\/><\/a><\/figure>\n\n\n\n<figure class=\"wp-block-image size-large\"><a href=\"https:\/\/alliancechaffee.org\/download-the-safe-night-app\/\"><img decoding=\"async\" src=\"https:\/\/alliancechaffee.org\/wp-content\/uploads\/2020\/08\/Donate-to-the-Alliance-Download-Safe-Night.png\" alt=\"\" class=\"wp-image-1480\"\/><\/a><\/figure>\n\n\n\n<figure class=\"wp-block-image size-large\"><a href=\"https:\/\/alliancechaffee.org\/amazon-smiles\/\"><img decoding=\"async\" src=\"https:\/\/alliancechaffee.org\/wp-content\/uploads\/2020\/08\/Donate-to-the-Alliance-Amazon-Smiles.png\" alt=\"\" class=\"wp-image-1481\"\/><\/a><\/figure>\n\n\n\n<figure class=\"wp-block-image size-large\"><a href=\"https:\/\/alliancechaffee.org\/donate-with-city-market-cares\/\"><img decoding=\"async\" src=\"https:\/\/alliancechaffee.org\/wp-content\/uploads\/2020\/08\/Donate-to-the-Alliance-City-Market.png\" alt=\"\" class=\"wp-image-1482\"\/><\/a><\/figure>\n<\/div><\/div>\n\n\n<style>.kadence-column_ac88af-9d > .kt-inside-inner-col{border-top-width:0px;border-right-width:0px;border-bottom-width:0px;border-left-width:0px;}.kadence-column_ac88af-9d > .kt-inside-inner-col,.kadence-column_ac88af-9d > .kt-inside-inner-col:before{border-top-left-radius:0px;border-top-right-radius:0px;border-bottom-right-radius:0px;border-bottom-left-radius:0px;}.kadence-column_ac88af-9d > .kt-inside-inner-col{column-gap:var(--global-kb-gap-sm, 1rem);}.kadence-column_ac88af-9d > .kt-inside-inner-col{flex-direction:column;}.kadence-column_ac88af-9d > .kt-inside-inner-col > .aligncenter{width:100%;}.kadence-column_ac88af-9d > .kt-inside-inner-col:before{opacity:0.3;}.kadence-column_ac88af-9d{position:relative;}@media all and (max-width: 1024px){.kadence-column_ac88af-9d > .kt-inside-inner-col{flex-direction:column;justify-content:center;}}@media all and (max-width: 767px){.kadence-column_ac88af-9d > .kt-inside-inner-col{flex-direction:column;justify-content:center;}}<\/style>\n<div class=\"wp-block-kadence-column inner-column-2 kadence-column_ac88af-9d\"><div class=\"kt-inside-inner-col\">\n<div class=\"wp-block-buttons is-layout-flex wp-block-buttons-is-layout-flex\"><\/div>\n\n\n\n<figure class=\"wp-block-image size-large is-resized\"><img loading=\"lazy\" decoding=\"async\" src=\"https:\/\/alliancechaffee.org\/wp-content\/uploads\/2020\/08\/Donate-Letter-1-472x1024.png\" alt=\"\" class=\"wp-image-1552\" width=\"472\" height=\"1024\"\/><\/figure>\n<\/div><\/div>\n<\/div><\/div><\/div>\n\n\n\n<p><\/p>\n\n\n\n<figure class=\"wp-block-image\"><img decoding=\"async\" src=\"https:\/\/www.paypalobjects.com\/en_US\/i\/scr\/pixel.gif\" alt=\"\"\/><\/figure>\n","protected":false},"excerpt":{"rendered":"<p>Haga clic en el bot\u00f3n para hacer una donaci\u00f3n a The Alliance.<\/p>\n","protected":false},"author":3,"featured_media":0,"parent":97,"menu_order":0,"comment_status":"closed","ping_status":"open","template":"","meta":{"jetpack_post_was_ever_published":false,"footnotes":""},"class_list":["post-161","page","type-page","status-publish"],"yoast_head":"<!-- This site is optimized with the Yoast SEO plugin v27.4 - https:\/\/yoast.com\/product\/yoast-seo-wordpress\/ -->\n<title>The Alliance Espanol - Salida, Buena Vista and Poncha Springs Colorado - Done a The Alliance<\/title>\n<meta name=\"description\" content=\"The Alliance proporciona intervenci\u00f3n en casos de crisis y albergue de emergencia. La l\u00ednea directa The Alliance est\u00e1 disponible las 24 horas, los 7 d\u00edas de la semana, 719-539-7347.\" \/>\n<meta name=\"robots\" content=\"index, follow, max-snippet:-1, max-image-preview:large, max-video-preview:-1\" \/>\n<link rel=\"canonical\" href=\"https:\/\/alliancechaffee.org\/espanol\/apoye-a-the-alliance\/done-a-the-alliance\/\" \/>\n<meta property=\"og:locale\" content=\"en_US\" \/>\n<meta property=\"og:type\" content=\"article\" \/>\n<meta property=\"og:title\" content=\"The Alliance Espanol - Salida, Buena Vista and Poncha Springs Colorado - Done a The Alliance\" \/>\n<meta property=\"og:description\" content=\"The Alliance proporciona intervenci\u00f3n en casos de crisis y albergue de emergencia. La l\u00ednea directa The Alliance est\u00e1 disponible las 24 horas, los 7 d\u00edas de la semana, 719-539-7347.\" \/>\n<meta property=\"og:url\" content=\"https:\/\/alliancechaffee.org\/espanol\/apoye-a-the-alliance\/done-a-the-alliance\/\" \/>\n<meta property=\"og:site_name\" content=\"The Alliance Espanol\" \/>\n<meta property=\"article:modified_time\" content=\"2021-09-09T12:12:09+00:00\" \/>\n<meta property=\"og:image\" content=\"https:\/\/alliancechaffee.org\/wp-content\/uploads\/2020\/08\/Donate-to-the-Alliance-1.png\" \/>\n<meta name=\"twitter:card\" content=\"summary_large_image\" \/>\n<meta name=\"twitter:label1\" content=\"Est. reading time\" \/>\n\t<meta name=\"twitter:data1\" content=\"2 minutes\" \/>\n<script type=\"application\/ld+json\" class=\"yoast-schema-graph\">{\"@context\":\"https:\\\/\\\/schema.org\",\"@graph\":[{\"@type\":\"WebPage\",\"@id\":\"https:\\\/\\\/alliancechaffee.org\\\/espanol\\\/apoye-a-the-alliance\\\/done-a-the-alliance\\\/\",\"url\":\"https:\\\/\\\/alliancechaffee.org\\\/espanol\\\/apoye-a-the-alliance\\\/done-a-the-alliance\\\/\",\"name\":\"The Alliance Espanol - Salida, Buena Vista and Poncha Springs Colorado - Done a The Alliance\",\"isPartOf\":{\"@id\":\"https:\\\/\\\/alliancechaffee.org\\\/espanol\\\/#website\"},\"primaryImageOfPage\":{\"@id\":\"https:\\\/\\\/alliancechaffee.org\\\/espanol\\\/apoye-a-the-alliance\\\/done-a-the-alliance\\\/#primaryimage\"},\"image\":{\"@id\":\"https:\\\/\\\/alliancechaffee.org\\\/espanol\\\/apoye-a-the-alliance\\\/done-a-the-alliance\\\/#primaryimage\"},\"thumbnailUrl\":\"https:\\\/\\\/alliancechaffee.org\\\/wp-content\\\/uploads\\\/2020\\\/08\\\/Donate-to-the-Alliance-1.png\",\"datePublished\":\"2013-03-01T19:52:22+00:00\",\"dateModified\":\"2021-09-09T12:12:09+00:00\",\"description\":\"The Alliance proporciona intervenci\u00f3n en casos de crisis y albergue de emergencia. La l\u00ednea directa The Alliance est\u00e1 disponible las 24 horas, los 7 d\u00edas de la semana, 719-539-7347.\",\"breadcrumb\":{\"@id\":\"https:\\\/\\\/alliancechaffee.org\\\/espanol\\\/apoye-a-the-alliance\\\/done-a-the-alliance\\\/#breadcrumb\"},\"inLanguage\":\"en-US\",\"potentialAction\":[{\"@type\":\"ReadAction\",\"target\":[\"https:\\\/\\\/alliancechaffee.org\\\/espanol\\\/apoye-a-the-alliance\\\/done-a-the-alliance\\\/\"]}]},{\"@type\":\"ImageObject\",\"inLanguage\":\"en-US\",\"@id\":\"https:\\\/\\\/alliancechaffee.org\\\/espanol\\\/apoye-a-the-alliance\\\/done-a-the-alliance\\\/#primaryimage\",\"url\":\"https:\\\/\\\/alliancechaffee.org\\\/wp-content\\\/uploads\\\/2020\\\/08\\\/Donate-to-the-Alliance-1.png\",\"contentUrl\":\"https:\\\/\\\/alliancechaffee.org\\\/wp-content\\\/uploads\\\/2020\\\/08\\\/Donate-to-the-Alliance-1.png\"},{\"@type\":\"BreadcrumbList\",\"@id\":\"https:\\\/\\\/alliancechaffee.org\\\/espanol\\\/apoye-a-the-alliance\\\/done-a-the-alliance\\\/#breadcrumb\",\"itemListElement\":[{\"@type\":\"ListItem\",\"position\":1,\"name\":\"Home\",\"item\":\"https:\\\/\\\/alliancechaffee.org\\\/espanol\\\/\"},{\"@type\":\"ListItem\",\"position\":2,\"name\":\"Apoye a The Alliance\",\"item\":\"https:\\\/\\\/alliancechaffee.org\\\/espanol\\\/apoye-a-the-alliance\\\/\"},{\"@type\":\"ListItem\",\"position\":3,\"name\":\"Done a The Alliance\"}]},{\"@type\":\"WebSite\",\"@id\":\"https:\\\/\\\/alliancechaffee.org\\\/espanol\\\/#website\",\"url\":\"https:\\\/\\\/alliancechaffee.org\\\/espanol\\\/\",\"name\":\"The Alliance Espanol\",\"description\":\"Salida, Buena Vista and Poncha Springs Colorado\",\"publisher\":{\"@id\":\"https:\\\/\\\/alliancechaffee.org\\\/espanol\\\/#organization\"},\"potentialAction\":[{\"@type\":\"SearchAction\",\"target\":{\"@type\":\"EntryPoint\",\"urlTemplate\":\"https:\\\/\\\/alliancechaffee.org\\\/espanol\\\/?s={search_term_string}\"},\"query-input\":{\"@type\":\"PropertyValueSpecification\",\"valueRequired\":true,\"valueName\":\"search_term_string\"}}],\"inLanguage\":\"en-US\"},{\"@type\":\"Organization\",\"@id\":\"https:\\\/\\\/alliancechaffee.org\\\/espanol\\\/#organization\",\"name\":\"The Alliance Espanol\",\"url\":\"https:\\\/\\\/alliancechaffee.org\\\/espanol\\\/\",\"logo\":{\"@type\":\"ImageObject\",\"inLanguage\":\"en-US\",\"@id\":\"https:\\\/\\\/alliancechaffee.org\\\/espanol\\\/#\\\/schema\\\/logo\\\/image\\\/\",\"url\":\"https:\\\/\\\/alliancechaffee.org\\\/espanol\\\/wp-content\\\/uploads\\\/2021\\\/05\\\/cropped-Alliance-Chaffee-logo-450-1.png\",\"contentUrl\":\"https:\\\/\\\/alliancechaffee.org\\\/espanol\\\/wp-content\\\/uploads\\\/2021\\\/05\\\/cropped-Alliance-Chaffee-logo-450-1.png\",\"width\":450,\"height\":350,\"caption\":\"The Alliance Espanol\"},\"image\":{\"@id\":\"https:\\\/\\\/alliancechaffee.org\\\/espanol\\\/#\\\/schema\\\/logo\\\/image\\\/\"}}]}<\/script>\n<!-- \/ Yoast SEO plugin. -->","yoast_head_json":{"title":"The Alliance Espanol - Salida, Buena Vista and Poncha Springs Colorado - Done a The Alliance","description":"The Alliance proporciona intervenci\u00f3n en casos de crisis y albergue de emergencia. La l\u00ednea directa The Alliance est\u00e1 disponible las 24 horas, los 7 d\u00edas de la semana, 719-539-7347.","robots":{"index":"index","follow":"follow","max-snippet":"max-snippet:-1","max-image-preview":"max-image-preview:large","max-video-preview":"max-video-preview:-1"},"canonical":"https:\/\/alliancechaffee.org\/espanol\/apoye-a-the-alliance\/done-a-the-alliance\/","og_locale":"en_US","og_type":"article","og_title":"The Alliance Espanol - Salida, Buena Vista and Poncha Springs Colorado - Done a The Alliance","og_description":"The Alliance proporciona intervenci\u00f3n en casos de crisis y albergue de emergencia. La l\u00ednea directa The Alliance est\u00e1 disponible las 24 horas, los 7 d\u00edas de la semana, 719-539-7347.","og_url":"https:\/\/alliancechaffee.org\/espanol\/apoye-a-the-alliance\/done-a-the-alliance\/","og_site_name":"The Alliance Espanol","article_modified_time":"2021-09-09T12:12:09+00:00","og_image":[{"url":"https:\/\/alliancechaffee.org\/wp-content\/uploads\/2020\/08\/Donate-to-the-Alliance-1.png","type":"","width":"","height":""}],"twitter_card":"summary_large_image","twitter_misc":{"Est. reading time":"2 minutes"},"schema":{"@context":"https:\/\/schema.org","@graph":[{"@type":"WebPage","@id":"https:\/\/alliancechaffee.org\/espanol\/apoye-a-the-alliance\/done-a-the-alliance\/","url":"https:\/\/alliancechaffee.org\/espanol\/apoye-a-the-alliance\/done-a-the-alliance\/","name":"The Alliance Espanol - Salida, Buena Vista and Poncha Springs Colorado - Done a The Alliance","isPartOf":{"@id":"https:\/\/alliancechaffee.org\/espanol\/#website"},"primaryImageOfPage":{"@id":"https:\/\/alliancechaffee.org\/espanol\/apoye-a-the-alliance\/done-a-the-alliance\/#primaryimage"},"image":{"@id":"https:\/\/alliancechaffee.org\/espanol\/apoye-a-the-alliance\/done-a-the-alliance\/#primaryimage"},"thumbnailUrl":"https:\/\/alliancechaffee.org\/wp-content\/uploads\/2020\/08\/Donate-to-the-Alliance-1.png","datePublished":"2013-03-01T19:52:22+00:00","dateModified":"2021-09-09T12:12:09+00:00","description":"The Alliance proporciona intervenci\u00f3n en casos de crisis y albergue de emergencia. La l\u00ednea directa The Alliance est\u00e1 disponible las 24 horas, los 7 d\u00edas de la semana, 719-539-7347.","breadcrumb":{"@id":"https:\/\/alliancechaffee.org\/espanol\/apoye-a-the-alliance\/done-a-the-alliance\/#breadcrumb"},"inLanguage":"en-US","potentialAction":[{"@type":"ReadAction","target":["https:\/\/alliancechaffee.org\/espanol\/apoye-a-the-alliance\/done-a-the-alliance\/"]}]},{"@type":"ImageObject","inLanguage":"en-US","@id":"https:\/\/alliancechaffee.org\/espanol\/apoye-a-the-alliance\/done-a-the-alliance\/#primaryimage","url":"https:\/\/alliancechaffee.org\/wp-content\/uploads\/2020\/08\/Donate-to-the-Alliance-1.png","contentUrl":"https:\/\/alliancechaffee.org\/wp-content\/uploads\/2020\/08\/Donate-to-the-Alliance-1.png"},{"@type":"BreadcrumbList","@id":"https:\/\/alliancechaffee.org\/espanol\/apoye-a-the-alliance\/done-a-the-alliance\/#breadcrumb","itemListElement":[{"@type":"ListItem","position":1,"name":"Home","item":"https:\/\/alliancechaffee.org\/espanol\/"},{"@type":"ListItem","position":2,"name":"Apoye a The Alliance","item":"https:\/\/alliancechaffee.org\/espanol\/apoye-a-the-alliance\/"},{"@type":"ListItem","position":3,"name":"Done a The Alliance"}]},{"@type":"WebSite","@id":"https:\/\/alliancechaffee.org\/espanol\/#website","url":"https:\/\/alliancechaffee.org\/espanol\/","name":"The Alliance Espanol","description":"Salida, Buena Vista and Poncha Springs Colorado","publisher":{"@id":"https:\/\/alliancechaffee.org\/espanol\/#organization"},"potentialAction":[{"@type":"SearchAction","target":{"@type":"EntryPoint","urlTemplate":"https:\/\/alliancechaffee.org\/espanol\/?s={search_term_string}"},"query-input":{"@type":"PropertyValueSpecification","valueRequired":true,"valueName":"search_term_string"}}],"inLanguage":"en-US"},{"@type":"Organization","@id":"https:\/\/alliancechaffee.org\/espanol\/#organization","name":"The Alliance Espanol","url":"https:\/\/alliancechaffee.org\/espanol\/","logo":{"@type":"ImageObject","inLanguage":"en-US","@id":"https:\/\/alliancechaffee.org\/espanol\/#\/schema\/logo\/image\/","url":"https:\/\/alliancechaffee.org\/espanol\/wp-content\/uploads\/2021\/05\/cropped-Alliance-Chaffee-logo-450-1.png","contentUrl":"https:\/\/alliancechaffee.org\/espanol\/wp-content\/uploads\/2021\/05\/cropped-Alliance-Chaffee-logo-450-1.png","width":450,"height":350,"caption":"The Alliance Espanol"},"image":{"@id":"https:\/\/alliancechaffee.org\/espanol\/#\/schema\/logo\/image\/"}}]}},"featured_image_src_large":false,"author_info":{"display_name":"Andrea Schulz-Ward","author_link":"https:\/\/alliancechaffee.org\/espanol\/author\/director\/"},"comment_info":0,"taxonomy_info":[],"jetpack_sharing_enabled":true,"jetpack_shortlink":"https:\/\/wp.me\/P9Lsok-2B","_links":{"self":[{"href":"https:\/\/alliancechaffee.org\/espanol\/wp-json\/wp\/v2\/pages\/161","targetHints":{"allow":["GET"]}}],"collection":[{"href":"https:\/\/alliancechaffee.org\/espanol\/wp-json\/wp\/v2\/pages"}],"about":[{"href":"https:\/\/alliancechaffee.org\/espanol\/wp-json\/wp\/v2\/types\/page"}],"author":[{"embeddable":true,"href":"https:\/\/alliancechaffee.org\/espanol\/wp-json\/wp\/v2\/users\/3"}],"replies":[{"embeddable":true,"href":"https:\/\/alliancechaffee.org\/espanol\/wp-json\/wp\/v2\/comments?post=161"}],"version-history":[{"count":5,"href":"https:\/\/alliancechaffee.org\/espanol\/wp-json\/wp\/v2\/pages\/161\/revisions"}],"predecessor-version":[{"id":1245,"href":"https:\/\/alliancechaffee.org\/espanol\/wp-json\/wp\/v2\/pages\/161\/revisions\/1245"}],"up":[{"embeddable":true,"href":"https:\/\/alliancechaffee.org\/espanol\/wp-json\/wp\/v2\/pages\/97"}],"wp:attachment":[{"href":"https:\/\/alliancechaffee.org\/espanol\/wp-json\/wp\/v2\/media?parent=161"}],"curies":[{"name":"wp","href":"https:\/\/api.w.org\/{rel}","templated":true}]}}