{"id":1303,"date":"2021-05-13T09:59:21","date_gmt":"2021-05-13T15:59:21","guid":{"rendered":"https:\/\/alliancechaffee.org\/espanol\/?page_id=1303"},"modified":"2021-09-09T06:12:16","modified_gmt":"2021-09-09T12:12:16","slug":"la-violencia-familiar-y-los-ninos-2","status":"publish","type":"page","link":"https:\/\/alliancechaffee.org\/espanol\/la-violencia-familiar-y-los-ninos-2\/","title":{"rendered":"La violencia familiar y los ni\u00f1os"},"content":{"rendered":"\n<p>Los efectos de la violencia familiar en los ni\u00f1os var\u00edan, pero hemos observado similitudes en la manera en que se comportan los ni\u00f1os que presencian la violencia familiar. La violencia familiar es una forma de abuso infantil. Cuando sufre abuso de parte de su pareja, esta persona no est\u00e1 siendo \u201cbuena con los ni\u00f1os\u201d. Mostrar atenci\u00f3n o afecto a los ni\u00f1os no compensa negarles el derecho de una infancia segura y feliz.<\/p>\n\n\n\n<p><strong>Aproximadamente un 90% de los ni\u00f1os est\u00e1n conscientes de la violencia en su hogar. Indicadores comunes de que la violencia afecta a los ni\u00f1os.<\/strong><\/p>\n\n\n\n<ul class=\"wp-block-list\"><li><strong>Molestias corporales:<\/strong> dolor de cabeza, problemas estomacales, asma, \u00falceras, diarrea.<\/li><li><strong><strong>Dificultades para dormir:<\/strong><\/strong> insomnio, sonambulismo (caminar dormido), orinarse en la cama, pesadillas, conducta negativa a la hora de dormir.<\/li><li><strong>Problemas en la escuela: <\/strong>asistencia err\u00e1tica, desempe\u00f1o escolar deficiente, fobia a la escuela, distracci\u00f3n, comportamientos problem\u00e1ticos.<\/li><li><strong>Demoras en el desarrollo: <\/strong>habla, destrezas motoras, maduraci\u00f3n cognitiva, destrezas de interacci\u00f3n social.<\/li><li><strong>Pseudomaduraci\u00f3n: <\/strong>el ni\u00f1o asume o se le asignan responsabilidades que son demasiadas para su edad o estado de desarrollo.<\/li><li>Cinco millones de ni\u00f1os al a\u00f1o presencian una agresi\u00f3n violenta en contra de uno de sus padres.<\/li><li>Los ni\u00f1os que presencian violencia familiar tienen <strong>tasas significativamente m\u00e1s altas de todas las medidas de aflicci\u00f3n infantil<\/strong>, incluidos problemas m\u00e9dicos f\u00edsicos y del comportamiento, como depresi\u00f3n, ansiedad y violencia entre compa\u00f1eros.<\/li><li><strong>Perpetuaci\u00f3n de la violencia por generaciones: <\/strong>los ni\u00f1os aprenden los comportamientos de sus padres. Cuando hay violencia en el hogar, los ni\u00f1os corren mayor riesgo de repetir esos patrones, crecen para ser violentos y aceptan la violencia como parte normal de sus relaciones.<\/li><li><strong>Baja autoestima: <\/strong>una vida ca\u00f3tica en el hogar, en la que uno de los padres agrede f\u00edsicamente al otro, y en la que hay peleas constantes, es muy perjudicial para la autoestima de los ni\u00f1os. Los ni\u00f1os podr\u00edan sentirse responsables y culparse de los problemas de la familia.<\/li><li><strong>Verg\u00fcenza y aislamiento: <\/strong>los ni\u00f1os de familias en las que hay violencia familiar raramente pueden decir a otros lo que sucede en casa. Se sienten avergonzados y abochornados. Les podr\u00eda resultar dif\u00edcil traer amigos a casa por temor de lo que pudiera suceder. Este temor aumenta el aislamiento que la familia podr\u00eda ya estar experimentando.<\/li><li><strong>Abuso infantil: <\/strong>en aproximadamente la mitad de las familias en las que hay violencia familiar, tambi\u00e9n hay abuso f\u00edsico infantil. Los agresores con frecuencia se presentan ante el p\u00fablico como buenos padres.<\/li><\/ul>\n\n\n\n<p>The Alliance ofrece un programa para j\u00f3venes que se concentra en la defensa de los ni\u00f1os, el desarrollo, los derechos y las necesidades de los ni\u00f1os, con una estrategia de tutor\u00eda a trav\u00e9s de actividades recreativas, arte y exploraci\u00f3n de la comunidad. <a href=\"https:\/\/alliancechaffee.org\/aada-office-hours-and-locations\/\">Comun\u00edquese con nosotros para obtener m\u00e1s informaci\u00f3n.<\/a><\/p>\n\n\n\n<p><strong>Servicios de The Alliance para j\u00f3venes y ni\u00f1os<\/strong><\/p>\n\n\n\n<ul class=\"wp-block-list\"><li>Contamos con un defensor de v\u00edctimas juveniles que trabaja a tiempo completo con ni\u00f1os, j\u00f3venes y familias que sufren violencia.<\/li><li>Los grupos de apoyo semanales para j\u00f3venes se re\u00fanen en nuestra oficina de Salida cada mi\u00e9rcoles de 5:30 p. m. a 7:00 p. m.<\/li><li>Reuniones individuales de ni\u00f1os, j\u00f3venes y defensores<\/li><li>Educaci\u00f3n para la prevenci\u00f3n de la violencia en el noviazgo<\/li><\/ul>\n\n\n\n<p><strong>\u00a0Metas del programa juvenil<\/strong><\/p>\n\n\n\n<div class=\"wp-block-image wp-image-378 size-full\"><figure class=\"alignright\"><img loading=\"lazy\" decoding=\"async\" width=\"288\" height=\"176\" src=\"https:\/\/alliancechaffee.org\/wp-content\/uploads\/2013\/08\/adult-kid-bonding_SM.jpg\" alt=\"AADA also offers counseling programs for children.\" class=\"wp-image-378\"\/><figcaption>The Alliance tambi\u00e9n ofrece programas de orientaci\u00f3n para ni\u00f1os.<\/figcaption><\/figure><\/div>\n\n\n\n<ul class=\"wp-block-list\"><li>Ofrecer un lugar seguro para que los ni\u00f1os y j\u00f3venes vengan y se expresen.<\/li><li>Ofrecer un medio que fomente la creatividad y la capacidad de tomar decisiones.<\/li><li>Desarrollar destrezas de autoestima, comunicaci\u00f3n, soluci\u00f3n de problemas y resoluci\u00f3n de conflictos.<\/li><li>Proporcionar un modelo adulto positivo.<\/li><li>Romper el ciclo de la violencia.<\/li><li>Empoderar a los ni\u00f1os y j\u00f3venes a trav\u00e9s del respeto, las comunicaciones abiertas y el apoyo.<\/li><li>Ofrecer maneras apropiadas de expresar los sentimientos y oportunidades para identificar las emociones.<\/li><\/ul>\n\n\n\n<p>Si le interesa patrocinar una presentaci\u00f3n de The Alliance sobre relaciones sanas, violencia familiar y violencia en el noviazgo o sobre temas relacionados, en su escuela, organizaci\u00f3n o empresa, <a href=\"https:\/\/alliancechaffee.org\/aada-office-hours-and-locations\/\">comun\u00edquese con nosotros.<\/a><\/p>\n\n\n\n<div class=\"wp-block-image\"><figure class=\"aligncenter\"><img loading=\"lazy\" decoding=\"async\" width=\"300\" height=\"234\" src=\"https:\/\/alliancechaffee.org\/wp-content\/uploads\/2013\/08\/children-holding-hands-300x234.jpg\" alt=\"\" class=\"wp-image-375\" srcset=\"https:\/\/alliancechaffee.org\/espanol\/wp-content\/uploads\/2013\/08\/children-holding-hands-300x234.jpg 300w, https:\/\/alliancechaffee.org\/espanol\/wp-content\/uploads\/2013\/08\/children-holding-hands-500x391.jpg 500w, https:\/\/alliancechaffee.org\/espanol\/wp-content\/uploads\/2013\/08\/children-holding-hands.jpg 640w\" sizes=\"auto, (max-width: 300px) 100vw, 300px\" \/><\/figure><\/div>\n","protected":false},"excerpt":{"rendered":"<p>Los efectos de la violencia familiar en los ni\u00f1os var\u00edan, pero hemos observado similitudes en la manera en que se comportan los ni\u00f1os que presencian la violencia familiar. La violencia familiar es una forma de abuso infantil. Cuando sufre abuso de parte de su pareja, esta persona no est\u00e1 siendo \u201cbuena con los ni\u00f1os\u201d. Mostrar &#8230; <a title=\"La violencia familiar y los ni\u00f1os\" class=\"read-more\" href=\"https:\/\/alliancechaffee.org\/espanol\/la-violencia-familiar-y-los-ninos-2\/\" aria-label=\"More on La violencia familiar y los ni\u00f1os\">Read more<\/a><\/p>\n","protected":false},"author":3,"featured_media":0,"parent":0,"menu_order":0,"comment_status":"closed","ping_status":"closed","template":"","meta":{"jetpack_post_was_ever_published":false,"footnotes":""},"class_list":["post-1303","page","type-page","status-publish"],"yoast_head":"<!-- This site is optimized with the Yoast SEO plugin v27.4 - https:\/\/yoast.com\/product\/yoast-seo-wordpress\/ -->\n<title>The Alliance Espanol - Salida, Buena Vista and Poncha Springs Colorado - La violencia familiar y los ni\u00f1os<\/title>\n<meta name=\"description\" content=\"The Alliance proporciona intervenci\u00f3n en casos de crisis y albergue de emergencia. La l\u00ednea directa The Alliance est\u00e1 disponible las 24 horas, los 7 d\u00edas de la semana, 719-539-7347.\" \/>\n<meta name=\"robots\" content=\"index, follow, max-snippet:-1, max-image-preview:large, max-video-preview:-1\" \/>\n<link rel=\"canonical\" href=\"https:\/\/alliancechaffee.org\/espanol\/la-violencia-familiar-y-los-ninos-2\/\" \/>\n<meta property=\"og:locale\" content=\"en_US\" \/>\n<meta property=\"og:type\" content=\"article\" \/>\n<meta property=\"og:title\" content=\"The Alliance Espanol - Salida, Buena Vista and Poncha Springs Colorado - La violencia familiar y los ni\u00f1os\" \/>\n<meta property=\"og:description\" content=\"The Alliance proporciona intervenci\u00f3n en casos de crisis y albergue de emergencia. La l\u00ednea directa The Alliance est\u00e1 disponible las 24 horas, los 7 d\u00edas de la semana, 719-539-7347.\" \/>\n<meta property=\"og:url\" content=\"https:\/\/alliancechaffee.org\/espanol\/la-violencia-familiar-y-los-ninos-2\/\" \/>\n<meta property=\"og:site_name\" content=\"The Alliance Espanol\" \/>\n<meta property=\"article:modified_time\" content=\"2021-09-09T12:12:16+00:00\" \/>\n<meta property=\"og:image\" content=\"https:\/\/alliancechaffee.org\/wp-content\/uploads\/2013\/08\/adult-kid-bonding_SM.jpg\" \/>\n<meta name=\"twitter:card\" content=\"summary_large_image\" \/>\n<meta name=\"twitter:label1\" content=\"Est. reading time\" \/>\n\t<meta name=\"twitter:data1\" content=\"4 minutes\" \/>\n<script type=\"application\/ld+json\" class=\"yoast-schema-graph\">{\"@context\":\"https:\\\/\\\/schema.org\",\"@graph\":[{\"@type\":\"WebPage\",\"@id\":\"https:\\\/\\\/alliancechaffee.org\\\/espanol\\\/la-violencia-familiar-y-los-ninos-2\\\/\",\"url\":\"https:\\\/\\\/alliancechaffee.org\\\/espanol\\\/la-violencia-familiar-y-los-ninos-2\\\/\",\"name\":\"The Alliance Espanol - Salida, Buena Vista and Poncha Springs Colorado - La violencia familiar y los ni\u00f1os\",\"isPartOf\":{\"@id\":\"https:\\\/\\\/alliancechaffee.org\\\/espanol\\\/#website\"},\"primaryImageOfPage\":{\"@id\":\"https:\\\/\\\/alliancechaffee.org\\\/espanol\\\/la-violencia-familiar-y-los-ninos-2\\\/#primaryimage\"},\"image\":{\"@id\":\"https:\\\/\\\/alliancechaffee.org\\\/espanol\\\/la-violencia-familiar-y-los-ninos-2\\\/#primaryimage\"},\"thumbnailUrl\":\"https:\\\/\\\/alliancechaffee.org\\\/wp-content\\\/uploads\\\/2013\\\/08\\\/adult-kid-bonding_SM.jpg\",\"datePublished\":\"2021-05-13T15:59:21+00:00\",\"dateModified\":\"2021-09-09T12:12:16+00:00\",\"description\":\"The Alliance proporciona intervenci\u00f3n en casos de crisis y albergue de emergencia. La l\u00ednea directa The Alliance est\u00e1 disponible las 24 horas, los 7 d\u00edas de la semana, 719-539-7347.\",\"breadcrumb\":{\"@id\":\"https:\\\/\\\/alliancechaffee.org\\\/espanol\\\/la-violencia-familiar-y-los-ninos-2\\\/#breadcrumb\"},\"inLanguage\":\"en-US\",\"potentialAction\":[{\"@type\":\"ReadAction\",\"target\":[\"https:\\\/\\\/alliancechaffee.org\\\/espanol\\\/la-violencia-familiar-y-los-ninos-2\\\/\"]}]},{\"@type\":\"ImageObject\",\"inLanguage\":\"en-US\",\"@id\":\"https:\\\/\\\/alliancechaffee.org\\\/espanol\\\/la-violencia-familiar-y-los-ninos-2\\\/#primaryimage\",\"url\":\"https:\\\/\\\/alliancechaffee.org\\\/wp-content\\\/uploads\\\/2013\\\/08\\\/adult-kid-bonding_SM.jpg\",\"contentUrl\":\"https:\\\/\\\/alliancechaffee.org\\\/wp-content\\\/uploads\\\/2013\\\/08\\\/adult-kid-bonding_SM.jpg\"},{\"@type\":\"BreadcrumbList\",\"@id\":\"https:\\\/\\\/alliancechaffee.org\\\/espanol\\\/la-violencia-familiar-y-los-ninos-2\\\/#breadcrumb\",\"itemListElement\":[{\"@type\":\"ListItem\",\"position\":1,\"name\":\"Home\",\"item\":\"https:\\\/\\\/alliancechaffee.org\\\/espanol\\\/\"},{\"@type\":\"ListItem\",\"position\":2,\"name\":\"La violencia familiar y los ni\u00f1os\"}]},{\"@type\":\"WebSite\",\"@id\":\"https:\\\/\\\/alliancechaffee.org\\\/espanol\\\/#website\",\"url\":\"https:\\\/\\\/alliancechaffee.org\\\/espanol\\\/\",\"name\":\"The Alliance Espanol\",\"description\":\"Salida, Buena Vista and Poncha Springs Colorado\",\"publisher\":{\"@id\":\"https:\\\/\\\/alliancechaffee.org\\\/espanol\\\/#organization\"},\"potentialAction\":[{\"@type\":\"SearchAction\",\"target\":{\"@type\":\"EntryPoint\",\"urlTemplate\":\"https:\\\/\\\/alliancechaffee.org\\\/espanol\\\/?s={search_term_string}\"},\"query-input\":{\"@type\":\"PropertyValueSpecification\",\"valueRequired\":true,\"valueName\":\"search_term_string\"}}],\"inLanguage\":\"en-US\"},{\"@type\":\"Organization\",\"@id\":\"https:\\\/\\\/alliancechaffee.org\\\/espanol\\\/#organization\",\"name\":\"The Alliance Espanol\",\"url\":\"https:\\\/\\\/alliancechaffee.org\\\/espanol\\\/\",\"logo\":{\"@type\":\"ImageObject\",\"inLanguage\":\"en-US\",\"@id\":\"https:\\\/\\\/alliancechaffee.org\\\/espanol\\\/#\\\/schema\\\/logo\\\/image\\\/\",\"url\":\"https:\\\/\\\/alliancechaffee.org\\\/espanol\\\/wp-content\\\/uploads\\\/2021\\\/05\\\/cropped-Alliance-Chaffee-logo-450-1.png\",\"contentUrl\":\"https:\\\/\\\/alliancechaffee.org\\\/espanol\\\/wp-content\\\/uploads\\\/2021\\\/05\\\/cropped-Alliance-Chaffee-logo-450-1.png\",\"width\":450,\"height\":350,\"caption\":\"The Alliance Espanol\"},\"image\":{\"@id\":\"https:\\\/\\\/alliancechaffee.org\\\/espanol\\\/#\\\/schema\\\/logo\\\/image\\\/\"}}]}<\/script>\n<!-- \/ Yoast SEO plugin. -->","yoast_head_json":{"title":"The Alliance Espanol - Salida, Buena Vista and Poncha Springs Colorado - La violencia familiar y los ni\u00f1os","description":"The Alliance proporciona intervenci\u00f3n en casos de crisis y albergue de emergencia. La l\u00ednea directa The Alliance est\u00e1 disponible las 24 horas, los 7 d\u00edas de la semana, 719-539-7347.","robots":{"index":"index","follow":"follow","max-snippet":"max-snippet:-1","max-image-preview":"max-image-preview:large","max-video-preview":"max-video-preview:-1"},"canonical":"https:\/\/alliancechaffee.org\/espanol\/la-violencia-familiar-y-los-ninos-2\/","og_locale":"en_US","og_type":"article","og_title":"The Alliance Espanol - Salida, Buena Vista and Poncha Springs Colorado - La violencia familiar y los ni\u00f1os","og_description":"The Alliance proporciona intervenci\u00f3n en casos de crisis y albergue de emergencia. La l\u00ednea directa The Alliance est\u00e1 disponible las 24 horas, los 7 d\u00edas de la semana, 719-539-7347.","og_url":"https:\/\/alliancechaffee.org\/espanol\/la-violencia-familiar-y-los-ninos-2\/","og_site_name":"The Alliance Espanol","article_modified_time":"2021-09-09T12:12:16+00:00","og_image":[{"url":"https:\/\/alliancechaffee.org\/wp-content\/uploads\/2013\/08\/adult-kid-bonding_SM.jpg","type":"","width":"","height":""}],"twitter_card":"summary_large_image","twitter_misc":{"Est. reading time":"4 minutes"},"schema":{"@context":"https:\/\/schema.org","@graph":[{"@type":"WebPage","@id":"https:\/\/alliancechaffee.org\/espanol\/la-violencia-familiar-y-los-ninos-2\/","url":"https:\/\/alliancechaffee.org\/espanol\/la-violencia-familiar-y-los-ninos-2\/","name":"The Alliance Espanol - Salida, Buena Vista and Poncha Springs Colorado - La violencia familiar y los ni\u00f1os","isPartOf":{"@id":"https:\/\/alliancechaffee.org\/espanol\/#website"},"primaryImageOfPage":{"@id":"https:\/\/alliancechaffee.org\/espanol\/la-violencia-familiar-y-los-ninos-2\/#primaryimage"},"image":{"@id":"https:\/\/alliancechaffee.org\/espanol\/la-violencia-familiar-y-los-ninos-2\/#primaryimage"},"thumbnailUrl":"https:\/\/alliancechaffee.org\/wp-content\/uploads\/2013\/08\/adult-kid-bonding_SM.jpg","datePublished":"2021-05-13T15:59:21+00:00","dateModified":"2021-09-09T12:12:16+00:00","description":"The Alliance proporciona intervenci\u00f3n en casos de crisis y albergue de emergencia. La l\u00ednea directa The Alliance est\u00e1 disponible las 24 horas, los 7 d\u00edas de la semana, 719-539-7347.","breadcrumb":{"@id":"https:\/\/alliancechaffee.org\/espanol\/la-violencia-familiar-y-los-ninos-2\/#breadcrumb"},"inLanguage":"en-US","potentialAction":[{"@type":"ReadAction","target":["https:\/\/alliancechaffee.org\/espanol\/la-violencia-familiar-y-los-ninos-2\/"]}]},{"@type":"ImageObject","inLanguage":"en-US","@id":"https:\/\/alliancechaffee.org\/espanol\/la-violencia-familiar-y-los-ninos-2\/#primaryimage","url":"https:\/\/alliancechaffee.org\/wp-content\/uploads\/2013\/08\/adult-kid-bonding_SM.jpg","contentUrl":"https:\/\/alliancechaffee.org\/wp-content\/uploads\/2013\/08\/adult-kid-bonding_SM.jpg"},{"@type":"BreadcrumbList","@id":"https:\/\/alliancechaffee.org\/espanol\/la-violencia-familiar-y-los-ninos-2\/#breadcrumb","itemListElement":[{"@type":"ListItem","position":1,"name":"Home","item":"https:\/\/alliancechaffee.org\/espanol\/"},{"@type":"ListItem","position":2,"name":"La violencia familiar y los ni\u00f1os"}]},{"@type":"WebSite","@id":"https:\/\/alliancechaffee.org\/espanol\/#website","url":"https:\/\/alliancechaffee.org\/espanol\/","name":"The Alliance Espanol","description":"Salida, Buena Vista and Poncha Springs Colorado","publisher":{"@id":"https:\/\/alliancechaffee.org\/espanol\/#organization"},"potentialAction":[{"@type":"SearchAction","target":{"@type":"EntryPoint","urlTemplate":"https:\/\/alliancechaffee.org\/espanol\/?s={search_term_string}"},"query-input":{"@type":"PropertyValueSpecification","valueRequired":true,"valueName":"search_term_string"}}],"inLanguage":"en-US"},{"@type":"Organization","@id":"https:\/\/alliancechaffee.org\/espanol\/#organization","name":"The Alliance Espanol","url":"https:\/\/alliancechaffee.org\/espanol\/","logo":{"@type":"ImageObject","inLanguage":"en-US","@id":"https:\/\/alliancechaffee.org\/espanol\/#\/schema\/logo\/image\/","url":"https:\/\/alliancechaffee.org\/espanol\/wp-content\/uploads\/2021\/05\/cropped-Alliance-Chaffee-logo-450-1.png","contentUrl":"https:\/\/alliancechaffee.org\/espanol\/wp-content\/uploads\/2021\/05\/cropped-Alliance-Chaffee-logo-450-1.png","width":450,"height":350,"caption":"The Alliance Espanol"},"image":{"@id":"https:\/\/alliancechaffee.org\/espanol\/#\/schema\/logo\/image\/"}}]}},"featured_image_src_large":false,"author_info":{"display_name":"Andrea Schulz-Ward","author_link":"https:\/\/alliancechaffee.org\/espanol\/author\/director\/"},"comment_info":0,"taxonomy_info":[],"jetpack_sharing_enabled":true,"jetpack_shortlink":"https:\/\/wp.me\/P9Lsok-l1","_links":{"self":[{"href":"https:\/\/alliancechaffee.org\/espanol\/wp-json\/wp\/v2\/pages\/1303","targetHints":{"allow":["GET"]}}],"collection":[{"href":"https:\/\/alliancechaffee.org\/espanol\/wp-json\/wp\/v2\/pages"}],"about":[{"href":"https:\/\/alliancechaffee.org\/espanol\/wp-json\/wp\/v2\/types\/page"}],"author":[{"embeddable":true,"href":"https:\/\/alliancechaffee.org\/espanol\/wp-json\/wp\/v2\/users\/3"}],"replies":[{"embeddable":true,"href":"https:\/\/alliancechaffee.org\/espanol\/wp-json\/wp\/v2\/comments?post=1303"}],"version-history":[{"count":1,"href":"https:\/\/alliancechaffee.org\/espanol\/wp-json\/wp\/v2\/pages\/1303\/revisions"}],"predecessor-version":[{"id":1304,"href":"https:\/\/alliancechaffee.org\/espanol\/wp-json\/wp\/v2\/pages\/1303\/revisions\/1304"}],"wp:attachment":[{"href":"https:\/\/alliancechaffee.org\/espanol\/wp-json\/wp\/v2\/media?parent=1303"}],"curies":[{"name":"wp","href":"https:\/\/api.w.org\/{rel}","templated":true}]}}