{"id":1292,"date":"2021-05-12T16:20:46","date_gmt":"2021-05-12T22:20:46","guid":{"rendered":"https:\/\/alliancechaffee.org\/espanol\/?page_id=1292"},"modified":"2021-09-09T06:12:14","modified_gmt":"2021-09-09T12:12:14","slug":"informacion-para-amigos-y-familiares","status":"publish","type":"page","link":"https:\/\/alliancechaffee.org\/espanol\/informacion-para-amigos-y-familiares\/","title":{"rendered":"Informaci\u00f3n para amigos y familiares"},"content":{"rendered":"\n<p><strong>Por qu\u00e9 las v\u00edctimas se quedan<\/strong><\/p>\n\n\n\n<p>Muchas personas se sienten confundidas y frustradas cuando una v\u00edctima abandona una relaci\u00f3n abusiva y luego regresa a ella. Si este c\u00edrculo vicioso de violencia es tan perjudicial para la v\u00edctima y sus hijos, \u00bfpor qu\u00e9 simplemente no se van? Lo m\u00e1s importante que hay que recordar es que el abuso emocional extremo siempre est\u00e1 presente en situaciones de violencia familiar. Una mujer maltratada abandonar\u00e1 a su pareja en un promedio de 6 a 8 veces.<\/p>\n\n\n\n<p>No es tan simple como nos podr\u00eda parecer a aquellos que somos ajenos a este reino de terror. En realidad, las v\u00edctimas permanecen en relaciones violentas por razones numerosas y complejas. La v\u00edctima de violencia familiar no es est\u00fapida, no le gusta que lo\/a golpeen, no es ignorante ni est\u00e1 mentalmente enfermo\/a.<\/p>\n\n\n\n<p><strong>Piense en todo lo que una v\u00edctima tiene que hacer para escapar de una relaci\u00f3n violenta:<\/strong><\/p>\n\n\n\n<ul class=\"wp-block-list\"><li><strong>Necesita un lugar donde vivir.<\/strong><\/li><li><strong>Necesita encontrar un trabajo para mantenerse a s\u00ed mismo\/a y a sus hijos.<\/strong><\/li><li><strong>Podr\u00eda necesitar encontrar un centro de cuidado infantil o transferir a los ni\u00f1os a otra escuela.<\/strong><\/li><li><strong>Podr\u00eda necesitar tramitar documentos legales: custodia, separaci\u00f3n o divorcio, \u00f3rdenes de restricci\u00f3n.<\/strong><\/li><li><strong>Podr\u00eda perder todos los beneficios m\u00e9dicos y del seguro de vida, etc.<\/strong><\/li><\/ul>\n\n\n\n<p>Las razones por las cuales las v\u00edctimas regresan o se quedan en una relaci\u00f3n abusiva var\u00edan caso por caso. Todos los factores mencionados no suceden en cada caso, pero una combinaci\u00f3n de algunos de ellos es por lo general suficiente para que la v\u00edctima se quede con la persona que abusa de ella.<\/p>\n\n\n\n<p><strong>Factores circunstanciales<\/strong><\/p>\n\n\n\n<div class=\"wp-block-image size-medium wp-image-940\"><figure class=\"alignright\"><img decoding=\"async\" src=\"https:\/\/alliancechaffee.org\/wp-content\/uploads\/2018\/03\/dv-pic-2_SM-300x194.jpg\" alt=\"\" class=\"wp-image-940\"\/><figcaption>Estos son otros factores que pueden entrar en juego cuando una v\u00edctima de violencia familiar trata de liberarse.<\/figcaption><\/figure><\/div>\n\n\n\n<ul class=\"wp-block-list\"><li>Dependencia financiera.<\/li><li>Temor de exponerse ella, o exponer a sus hijos, a un peligro f\u00edsico mayor si tratan de irse.<\/li><li>Temor de ser perseguida y de sufrir golpizas peores que las anteriores.<\/li><li>Supervivencia. Temor de que el perpetrador la siga y la mate si se va; este temor con frecuencia est\u00e1 basado en amenazas reales de su pareja.<\/li><li>Temor de perjudicar emocionalmente a los ni\u00f1os.<\/li><li>Crianza de los hijos (los ni\u00f1os necesitan un padre \/ una madre)<\/li><li>Presiones religiosas o de los familiares.<\/li><li>Temor de perder custodia de los hijos, con frecuencia debido a comentarios de la pareja.<\/li><li>Falta de alternativas o de vivienda de bajo precio.<\/li><li>Falta de destrezas de trabajo.<\/li><li>Aislamiento social que ocasiona la carencia de un sistema de apoyo o de saber sus alternativas.<\/li><li>Temor de involucrarse en un proceso judicial.<\/li><li>Temor a lo desconocido. \u201cEs mejor malo conocido que bueno por conocer\u201d.<\/li><li>Temor y sentimientos encontrados de hacer cambios extraordinarios en la vida.<\/li><li>\u201cViolencia aceptable\u201d. La violencia empeora lentamente con el tiempo. La vida con abusos constantes entumece a la v\u00edctima, de manera que se vuelve incapaz de reconocer que sufre un patr\u00f3n fijo de abuso.<\/li><li>Apego a la comunidad. Los ni\u00f1os tendr\u00edan que dejar su escuela, a sus amigos y a los vecinos. Para algunas v\u00edctimas ser\u00eda algo como el Programa de protecci\u00f3n de testigos; no podr\u00edan tener contacto con nadie de su vida anterior.<\/li><li>Apego a su hogar y a sus pertenencias.<\/li><li>Presiones familiares, porque mam\u00e1 siempre dijo: \u201cTe dije que no funcionar\u00eda\u201d, o \u201cCada quien cosecha lo que siembra\u201d.<\/li><li>Temor de que el agresor haga algo para vengarse (reportarla a una agencia de asistencia social, llamar al lugar donde ella trabaja, etc.).<\/li><li>Incapacidad de usar recursos debido a la manera en que se proporcionan (problemas con el idioma, discapacidad, homofobia, etc.).<\/li><li>Tiempo que se requiere en la planeaci\u00f3n y en la preparaci\u00f3n para abandonar la relaci\u00f3n.<\/li><\/ul>\n\n\n\n<div class=\"wp-block-image\"><figure class=\"alignright\"><img loading=\"lazy\" decoding=\"async\" width=\"288\" height=\"523\" src=\"https:\/\/alliancechaffee.org\/wp-content\/uploads\/2013\/08\/tdv-couple_SM.jpg\" alt=\"\" class=\"wp-image-362\" srcset=\"https:\/\/alliancechaffee.org\/espanol\/wp-content\/uploads\/2013\/08\/tdv-couple_SM.jpg 288w, https:\/\/alliancechaffee.org\/espanol\/wp-content\/uploads\/2013\/08\/tdv-couple_SM-165x300.jpg 165w\" sizes=\"auto, (max-width: 288px) 100vw, 288px\" \/><\/figure><\/div>\n\n\n\n<ul class=\"wp-block-list\"><li>Temor de estar sola o solo.<\/li><li>Lealtad (el agresor est\u00e1 enfermo y necesita mi ayuda para cambiar).<\/li><li>L\u00e1stima por el agresor.<\/li><li>Temor de que el agresor se suicide.<\/li><li>Negaci\u00f3n (el maltrato no es tan grave, \u201csolo me abofete\u00f3\u201d).<\/li><li>AMOR (el agresor es cari\u00f1oso y adorable cuando no es abusivo).<\/li><li>Deber (mi responsabilidad es mantener a la familia unida).<\/li><li>Culpabilidad (el agresor culpa a la v\u00edctima de los problemas y esta acepta que los problemas son su culpa).<\/li><li>Verg\u00fcenza y humillaci\u00f3n.<\/li><li>Frecuencia y severidad (favorecen la negaci\u00f3n si los incidentes de abuso no son frecuentes o severos).<\/li><li>Aislamiento: con frecuencia el agresor a\u00edsla a la v\u00edctima, esta no tiene a qui\u00e9n acudir y podr\u00eda no saber los servicios que tiene a su disposici\u00f3n.<\/li><li>Optimismo infundado de que el agresor cambiar\u00e1.<\/li><li>Autoestima destrozada. \u201cPensaba que yo era demasiado (gorda\/gordo, est\u00fapida\/est\u00fapido, fea\/feo, etc.) para abandonarlo\/a\u201d.<\/li><li>Simple agotamiento. Las v\u00edctimas sencillamente se sienten demasiado cansadas y agotadas por el abuso para irse.<\/li><\/ul>\n\n\n\n<p><strong>Creencias personales<\/strong><\/p>\n\n\n\n<ul class=\"wp-block-list\"><li>Presi\u00f3n religiosa y de los familiares para mantener unida a la familia por encima de todo.<\/li><li>Deber. \u201cJur\u00e9 estar casado\/a hasta que la muerte nos separe\u201d.<\/li><li>Creer en el sue\u00f1o americano de hacerse viejos juntos y vivir felices para siempre.<\/li><li>Creer que la violencia es la manera en que todas las parejas se relacionan.<\/li><li>Creencias religiosas y culturales.<\/li><\/ul>\n\n\n\n<p><strong>Si usted sospecha que una o uno de sus conocidos es v\u00edctima de violencia familiar:<\/strong><\/p>\n\n\n\n<ul class=\"wp-block-list\"><li>D\u00edgale que usted cree que ella o \u00e9l tiene el derecho de no sufrir abuso.<\/li><li>D\u00edgale que usted sabe del abuso que sufre y que usted es su amigo, que no est\u00e1 sola o solo.<\/li><li>Ay\u00fadela o ay\u00fadelo a encontrar un lugar seguro, con usted o con otra persona, cuando ella o \u00e9l est\u00e9 lista o listo para abandonar la relaci\u00f3n.<\/li><li>No pierda la paciencia.<\/li><li>Ay\u00fadelo\/a a encontrar servicios legales, financieros, m\u00e9dicos o de orientaci\u00f3n. (<a href=\"https:\/\/alliancechaffee.org\/aada-office-hours-and-locations\/\" target=\"_blank\" rel=\"noreferrer noopener\">Comun\u00edquese con nosotros<\/a> para pedir referencias)<\/li><li>Ay\u00fadelo\/a a verse como una persona competente y capaz de ser amado\/a.<\/li><li>Aunque esta persona regrese con su esposo\/a o pareja abusiva, no significa que lo ha rechazado a usted. Ella o \u00e9l necesita su amistad y apoyo ahora m\u00e1s que nunca.<\/li><li>Recuerde, \u00a1la violencia familiar es un delito!<\/li><li>\u00a1Escuche!<\/li><li>Permita que su amigo\/a tome sus propias decisiones con base en lo que es mejor para ella o \u00e9l en esos momentos.<\/li><li>Mant\u00e9ngase tranquilo cuando hable sobre un asunto con ella o \u00e9l.<\/li><li>Tenga en cuenta que la violencia familiar aumenta en frecuencia y severidad con el tiempo.<\/li><li>Explique que los celos y la posesividad no son amor.<\/li><li>Recuerde: Usted no puede hacer que alguien abandone a un agresor, pero s\u00ed puede proporcionar apoyo e informaci\u00f3n.<\/li><li>Llame a la polic\u00eda si teme por la seguridad de esta persona.<\/li><\/ul>\n\n\n\n<p><iframe loading=\"lazy\" title=\"Leslie Morgan Steiner: Why domestic violence victims don&#039;t leave\" src=\"https:\/\/embed.ted.com\/talks\/leslie_morgan_steiner_why_domestic_violence_victims_don_t_leave\" sandbox=\"allow-popups allow-scripts allow-same-origin\" width=\"1200\" height=\"676\" frameborder=\"0\" scrolling=\"no\" webkitAllowFullScreen mozallowfullscreen allowFullScreen><\/iframe><\/p>\n","protected":false},"excerpt":{"rendered":"<p>Por qu\u00e9 las v\u00edctimas se quedan Muchas personas se sienten confundidas y frustradas cuando una v\u00edctima abandona una relaci\u00f3n abusiva y luego regresa a ella. Si este c\u00edrculo vicioso de violencia es tan perjudicial para la v\u00edctima y sus hijos, \u00bfpor qu\u00e9 simplemente no se van? Lo m\u00e1s importante que hay que recordar es que &#8230; <a title=\"Informaci\u00f3n para amigos y familiares\" class=\"read-more\" href=\"https:\/\/alliancechaffee.org\/espanol\/informacion-para-amigos-y-familiares\/\" aria-label=\"More on Informaci\u00f3n para amigos y familiares\">Read more<\/a><\/p>\n","protected":false},"author":3,"featured_media":0,"parent":0,"menu_order":0,"comment_status":"closed","ping_status":"closed","template":"","meta":{"jetpack_post_was_ever_published":false,"footnotes":""},"class_list":["post-1292","page","type-page","status-publish"],"yoast_head":"<!-- This site is optimized with the Yoast SEO plugin v27.4 - https:\/\/yoast.com\/product\/yoast-seo-wordpress\/ -->\n<title>The Alliance Espanol - Salida, Buena Vista and Poncha Springs Colorado - Informaci\u00f3n para amigos y familiares<\/title>\n<meta name=\"description\" content=\"The Alliance proporciona intervenci\u00f3n en casos de crisis y albergue de emergencia. La l\u00ednea directa The Alliance est\u00e1 disponible las 24 horas, los 7 d\u00edas de la semana, 719-539-7347.\" \/>\n<meta name=\"robots\" content=\"index, follow, max-snippet:-1, max-image-preview:large, max-video-preview:-1\" \/>\n<link rel=\"canonical\" href=\"https:\/\/alliancechaffee.org\/espanol\/informacion-para-amigos-y-familiares\/\" \/>\n<meta property=\"og:locale\" content=\"en_US\" \/>\n<meta property=\"og:type\" content=\"article\" \/>\n<meta property=\"og:title\" content=\"The Alliance Espanol - Salida, Buena Vista and Poncha Springs Colorado - Informaci\u00f3n para amigos y familiares\" \/>\n<meta property=\"og:description\" content=\"The Alliance proporciona intervenci\u00f3n en casos de crisis y albergue de emergencia. La l\u00ednea directa The Alliance est\u00e1 disponible las 24 horas, los 7 d\u00edas de la semana, 719-539-7347.\" \/>\n<meta property=\"og:url\" content=\"https:\/\/alliancechaffee.org\/espanol\/informacion-para-amigos-y-familiares\/\" \/>\n<meta property=\"og:site_name\" content=\"The Alliance Espanol\" \/>\n<meta property=\"article:modified_time\" content=\"2021-09-09T12:12:14+00:00\" \/>\n<meta property=\"og:image\" content=\"https:\/\/alliancechaffee.org\/wp-content\/uploads\/2018\/03\/dv-pic-2_SM-300x194.jpg\" \/>\n<meta name=\"twitter:card\" content=\"summary_large_image\" \/>\n<meta name=\"twitter:label1\" content=\"Est. reading time\" \/>\n\t<meta name=\"twitter:data1\" content=\"5 minutes\" \/>\n<script type=\"application\/ld+json\" class=\"yoast-schema-graph\">{\"@context\":\"https:\\\/\\\/schema.org\",\"@graph\":[{\"@type\":\"WebPage\",\"@id\":\"https:\\\/\\\/alliancechaffee.org\\\/espanol\\\/informacion-para-amigos-y-familiares\\\/\",\"url\":\"https:\\\/\\\/alliancechaffee.org\\\/espanol\\\/informacion-para-amigos-y-familiares\\\/\",\"name\":\"The Alliance Espanol - Salida, Buena Vista and Poncha Springs Colorado - Informaci\u00f3n para amigos y familiares\",\"isPartOf\":{\"@id\":\"https:\\\/\\\/alliancechaffee.org\\\/espanol\\\/#website\"},\"primaryImageOfPage\":{\"@id\":\"https:\\\/\\\/alliancechaffee.org\\\/espanol\\\/informacion-para-amigos-y-familiares\\\/#primaryimage\"},\"image\":{\"@id\":\"https:\\\/\\\/alliancechaffee.org\\\/espanol\\\/informacion-para-amigos-y-familiares\\\/#primaryimage\"},\"thumbnailUrl\":\"https:\\\/\\\/alliancechaffee.org\\\/wp-content\\\/uploads\\\/2018\\\/03\\\/dv-pic-2_SM-300x194.jpg\",\"datePublished\":\"2021-05-12T22:20:46+00:00\",\"dateModified\":\"2021-09-09T12:12:14+00:00\",\"description\":\"The Alliance proporciona intervenci\u00f3n en casos de crisis y albergue de emergencia. La l\u00ednea directa The Alliance est\u00e1 disponible las 24 horas, los 7 d\u00edas de la semana, 719-539-7347.\",\"breadcrumb\":{\"@id\":\"https:\\\/\\\/alliancechaffee.org\\\/espanol\\\/informacion-para-amigos-y-familiares\\\/#breadcrumb\"},\"inLanguage\":\"en-US\",\"potentialAction\":[{\"@type\":\"ReadAction\",\"target\":[\"https:\\\/\\\/alliancechaffee.org\\\/espanol\\\/informacion-para-amigos-y-familiares\\\/\"]}]},{\"@type\":\"ImageObject\",\"inLanguage\":\"en-US\",\"@id\":\"https:\\\/\\\/alliancechaffee.org\\\/espanol\\\/informacion-para-amigos-y-familiares\\\/#primaryimage\",\"url\":\"https:\\\/\\\/alliancechaffee.org\\\/wp-content\\\/uploads\\\/2018\\\/03\\\/dv-pic-2_SM-300x194.jpg\",\"contentUrl\":\"https:\\\/\\\/alliancechaffee.org\\\/wp-content\\\/uploads\\\/2018\\\/03\\\/dv-pic-2_SM-300x194.jpg\"},{\"@type\":\"BreadcrumbList\",\"@id\":\"https:\\\/\\\/alliancechaffee.org\\\/espanol\\\/informacion-para-amigos-y-familiares\\\/#breadcrumb\",\"itemListElement\":[{\"@type\":\"ListItem\",\"position\":1,\"name\":\"Home\",\"item\":\"https:\\\/\\\/alliancechaffee.org\\\/espanol\\\/\"},{\"@type\":\"ListItem\",\"position\":2,\"name\":\"Informaci\u00f3n para amigos y familiares\"}]},{\"@type\":\"WebSite\",\"@id\":\"https:\\\/\\\/alliancechaffee.org\\\/espanol\\\/#website\",\"url\":\"https:\\\/\\\/alliancechaffee.org\\\/espanol\\\/\",\"name\":\"The Alliance Espanol\",\"description\":\"Salida, Buena Vista and Poncha Springs Colorado\",\"publisher\":{\"@id\":\"https:\\\/\\\/alliancechaffee.org\\\/espanol\\\/#organization\"},\"potentialAction\":[{\"@type\":\"SearchAction\",\"target\":{\"@type\":\"EntryPoint\",\"urlTemplate\":\"https:\\\/\\\/alliancechaffee.org\\\/espanol\\\/?s={search_term_string}\"},\"query-input\":{\"@type\":\"PropertyValueSpecification\",\"valueRequired\":true,\"valueName\":\"search_term_string\"}}],\"inLanguage\":\"en-US\"},{\"@type\":\"Organization\",\"@id\":\"https:\\\/\\\/alliancechaffee.org\\\/espanol\\\/#organization\",\"name\":\"The Alliance Espanol\",\"url\":\"https:\\\/\\\/alliancechaffee.org\\\/espanol\\\/\",\"logo\":{\"@type\":\"ImageObject\",\"inLanguage\":\"en-US\",\"@id\":\"https:\\\/\\\/alliancechaffee.org\\\/espanol\\\/#\\\/schema\\\/logo\\\/image\\\/\",\"url\":\"https:\\\/\\\/alliancechaffee.org\\\/espanol\\\/wp-content\\\/uploads\\\/2021\\\/05\\\/cropped-Alliance-Chaffee-logo-450-1.png\",\"contentUrl\":\"https:\\\/\\\/alliancechaffee.org\\\/espanol\\\/wp-content\\\/uploads\\\/2021\\\/05\\\/cropped-Alliance-Chaffee-logo-450-1.png\",\"width\":450,\"height\":350,\"caption\":\"The Alliance Espanol\"},\"image\":{\"@id\":\"https:\\\/\\\/alliancechaffee.org\\\/espanol\\\/#\\\/schema\\\/logo\\\/image\\\/\"}}]}<\/script>\n<!-- \/ Yoast SEO plugin. -->","yoast_head_json":{"title":"The Alliance Espanol - Salida, Buena Vista and Poncha Springs Colorado - Informaci\u00f3n para amigos y familiares","description":"The Alliance proporciona intervenci\u00f3n en casos de crisis y albergue de emergencia. La l\u00ednea directa The Alliance est\u00e1 disponible las 24 horas, los 7 d\u00edas de la semana, 719-539-7347.","robots":{"index":"index","follow":"follow","max-snippet":"max-snippet:-1","max-image-preview":"max-image-preview:large","max-video-preview":"max-video-preview:-1"},"canonical":"https:\/\/alliancechaffee.org\/espanol\/informacion-para-amigos-y-familiares\/","og_locale":"en_US","og_type":"article","og_title":"The Alliance Espanol - Salida, Buena Vista and Poncha Springs Colorado - Informaci\u00f3n para amigos y familiares","og_description":"The Alliance proporciona intervenci\u00f3n en casos de crisis y albergue de emergencia. La l\u00ednea directa The Alliance est\u00e1 disponible las 24 horas, los 7 d\u00edas de la semana, 719-539-7347.","og_url":"https:\/\/alliancechaffee.org\/espanol\/informacion-para-amigos-y-familiares\/","og_site_name":"The Alliance Espanol","article_modified_time":"2021-09-09T12:12:14+00:00","og_image":[{"url":"https:\/\/alliancechaffee.org\/wp-content\/uploads\/2018\/03\/dv-pic-2_SM-300x194.jpg","type":"","width":"","height":""}],"twitter_card":"summary_large_image","twitter_misc":{"Est. reading time":"5 minutes"},"schema":{"@context":"https:\/\/schema.org","@graph":[{"@type":"WebPage","@id":"https:\/\/alliancechaffee.org\/espanol\/informacion-para-amigos-y-familiares\/","url":"https:\/\/alliancechaffee.org\/espanol\/informacion-para-amigos-y-familiares\/","name":"The Alliance Espanol - Salida, Buena Vista and Poncha Springs Colorado - Informaci\u00f3n para amigos y familiares","isPartOf":{"@id":"https:\/\/alliancechaffee.org\/espanol\/#website"},"primaryImageOfPage":{"@id":"https:\/\/alliancechaffee.org\/espanol\/informacion-para-amigos-y-familiares\/#primaryimage"},"image":{"@id":"https:\/\/alliancechaffee.org\/espanol\/informacion-para-amigos-y-familiares\/#primaryimage"},"thumbnailUrl":"https:\/\/alliancechaffee.org\/wp-content\/uploads\/2018\/03\/dv-pic-2_SM-300x194.jpg","datePublished":"2021-05-12T22:20:46+00:00","dateModified":"2021-09-09T12:12:14+00:00","description":"The Alliance proporciona intervenci\u00f3n en casos de crisis y albergue de emergencia. La l\u00ednea directa The Alliance est\u00e1 disponible las 24 horas, los 7 d\u00edas de la semana, 719-539-7347.","breadcrumb":{"@id":"https:\/\/alliancechaffee.org\/espanol\/informacion-para-amigos-y-familiares\/#breadcrumb"},"inLanguage":"en-US","potentialAction":[{"@type":"ReadAction","target":["https:\/\/alliancechaffee.org\/espanol\/informacion-para-amigos-y-familiares\/"]}]},{"@type":"ImageObject","inLanguage":"en-US","@id":"https:\/\/alliancechaffee.org\/espanol\/informacion-para-amigos-y-familiares\/#primaryimage","url":"https:\/\/alliancechaffee.org\/wp-content\/uploads\/2018\/03\/dv-pic-2_SM-300x194.jpg","contentUrl":"https:\/\/alliancechaffee.org\/wp-content\/uploads\/2018\/03\/dv-pic-2_SM-300x194.jpg"},{"@type":"BreadcrumbList","@id":"https:\/\/alliancechaffee.org\/espanol\/informacion-para-amigos-y-familiares\/#breadcrumb","itemListElement":[{"@type":"ListItem","position":1,"name":"Home","item":"https:\/\/alliancechaffee.org\/espanol\/"},{"@type":"ListItem","position":2,"name":"Informaci\u00f3n para amigos y familiares"}]},{"@type":"WebSite","@id":"https:\/\/alliancechaffee.org\/espanol\/#website","url":"https:\/\/alliancechaffee.org\/espanol\/","name":"The Alliance Espanol","description":"Salida, Buena Vista and Poncha Springs Colorado","publisher":{"@id":"https:\/\/alliancechaffee.org\/espanol\/#organization"},"potentialAction":[{"@type":"SearchAction","target":{"@type":"EntryPoint","urlTemplate":"https:\/\/alliancechaffee.org\/espanol\/?s={search_term_string}"},"query-input":{"@type":"PropertyValueSpecification","valueRequired":true,"valueName":"search_term_string"}}],"inLanguage":"en-US"},{"@type":"Organization","@id":"https:\/\/alliancechaffee.org\/espanol\/#organization","name":"The Alliance Espanol","url":"https:\/\/alliancechaffee.org\/espanol\/","logo":{"@type":"ImageObject","inLanguage":"en-US","@id":"https:\/\/alliancechaffee.org\/espanol\/#\/schema\/logo\/image\/","url":"https:\/\/alliancechaffee.org\/espanol\/wp-content\/uploads\/2021\/05\/cropped-Alliance-Chaffee-logo-450-1.png","contentUrl":"https:\/\/alliancechaffee.org\/espanol\/wp-content\/uploads\/2021\/05\/cropped-Alliance-Chaffee-logo-450-1.png","width":450,"height":350,"caption":"The Alliance Espanol"},"image":{"@id":"https:\/\/alliancechaffee.org\/espanol\/#\/schema\/logo\/image\/"}}]}},"featured_image_src_large":false,"author_info":{"display_name":"Andrea Schulz-Ward","author_link":"https:\/\/alliancechaffee.org\/espanol\/author\/director\/"},"comment_info":0,"taxonomy_info":[],"jetpack_sharing_enabled":true,"jetpack_shortlink":"https:\/\/wp.me\/P9Lsok-kQ","_links":{"self":[{"href":"https:\/\/alliancechaffee.org\/espanol\/wp-json\/wp\/v2\/pages\/1292","targetHints":{"allow":["GET"]}}],"collection":[{"href":"https:\/\/alliancechaffee.org\/espanol\/wp-json\/wp\/v2\/pages"}],"about":[{"href":"https:\/\/alliancechaffee.org\/espanol\/wp-json\/wp\/v2\/types\/page"}],"author":[{"embeddable":true,"href":"https:\/\/alliancechaffee.org\/espanol\/wp-json\/wp\/v2\/users\/3"}],"replies":[{"embeddable":true,"href":"https:\/\/alliancechaffee.org\/espanol\/wp-json\/wp\/v2\/comments?post=1292"}],"version-history":[{"count":2,"href":"https:\/\/alliancechaffee.org\/espanol\/wp-json\/wp\/v2\/pages\/1292\/revisions"}],"predecessor-version":[{"id":1295,"href":"https:\/\/alliancechaffee.org\/espanol\/wp-json\/wp\/v2\/pages\/1292\/revisions\/1295"}],"wp:attachment":[{"href":"https:\/\/alliancechaffee.org\/espanol\/wp-json\/wp\/v2\/media?parent=1292"}],"curies":[{"name":"wp","href":"https:\/\/api.w.org\/{rel}","templated":true}]}}