{"id":1232,"date":"2021-05-10T13:22:54","date_gmt":"2021-05-10T19:22:54","guid":{"rendered":"https:\/\/alliancechaffee.org\/espanol\/?page_id=1232"},"modified":"2021-09-09T06:12:13","modified_gmt":"2021-09-09T12:12:13","slug":"chocolate-lovers-fantasy","status":"publish","type":"page","link":"https:\/\/alliancechaffee.org\/espanol\/chocolate-lovers-fantasy\/","title":{"rendered":"Evento de The Alliance \u2013 Chocolate Lover\u2019s Fantasy"},"content":{"rendered":"\n<p>The Alliance patrocina dos eventos anuales de recaudaci\u00f3n de fondos, el evento <strong>Monarch Crest Crank<\/strong> y el evento <strong>Chocolate Lover\u2019s Fantasy<\/strong>. Ambos son eventos fant\u00e1sticos y divertidos que realmente unen a la comunidad en un d\u00eda o una noche de diversi\u00f3n.<\/p>\n\n\n\n<h2 class=\"has-text-align-center wp-block-heading\">El evento Chocolate Lover\u2019s Fantasy<br>\u00a1Una noche de verdadera decadencia!<\/h2>\n\n\n\n<p class=\"has-text-align-center has-vivid-cyan-blue-color has-text-color has-medium-font-size\"><strong>The Alliance se complace en anunciar la 35\u00b0 RECAUDACI\u00d3N DE FONDOS ANUAL CHOCOLATE LOVER\u2019S FANTASY<\/strong><br><strong>el s\u00e1bado febrero<\/strong> <strong>6, 2021, 5:30 \u2013 6:30 p.m.<\/strong><\/p>\n\n\n\n<div class=\"wp-block-buttons is-content-justification-center is-layout-flex wp-block-buttons-is-layout-flex\">\n<div class=\"wp-block-button\"><a class=\"wp-block-button__link has-vivid-purple-background-color has-background\" href=\"https:\/\/www.accelevents.com\/e\/ChocolateLoversFantasy2021#about\" style=\"border-radius:10px\" target=\"_blank\" rel=\"noreferrer noopener\">\u00a1Reg\u00edstrese para la fantas\u00eda del amante del chocolate!<\/a><\/div>\n<\/div>\n\n\n\n<p>Chocolate Lover&#8217;s Fantasy es el evento de recaudaci\u00f3n de fondos m\u00e1s antiguo de la Alianza y, a la luz de las consideraciones de salud p\u00fablica para la pandemia, organizaremos el evento en l\u00ednea.<\/p>\n\n\n\n<div class=\"wp-block-image\"><figure class=\"alignright size-full\"><img loading=\"lazy\" decoding=\"async\" width=\"432\" height=\"432\" src=\"https:\/\/alliancechaffee.org\/wp-content\/uploads\/2013\/08\/dessert-2_SM.jpg\" alt=\"\" class=\"wp-image-418\" srcset=\"https:\/\/alliancechaffee.org\/espanol\/wp-content\/uploads\/2013\/08\/dessert-2_SM.jpg 432w, https:\/\/alliancechaffee.org\/espanol\/wp-content\/uploads\/2013\/08\/dessert-2_SM-150x150.jpg 150w, https:\/\/alliancechaffee.org\/espanol\/wp-content\/uploads\/2013\/08\/dessert-2_SM-300x300.jpg 300w, https:\/\/alliancechaffee.org\/espanol\/wp-content\/uploads\/2013\/08\/dessert-2_SM-200x200.jpg 200w\" sizes=\"auto, (max-width: 432px) 100vw, 432px\" \/><\/figure><\/div>\n\n\n\n<p>Para que sea divertido e interactivo, vamos a hacer que los &#8220;chefs famosos&#8221; locales demuestren c\u00f3mo hacer golosinas de chocolate. Proporcionaremos la lista de ingredientes y recetas para que los que asistan puedan seguirla en casa o simplemente puedan disfrutar del espect\u00e1culo.<\/p>\n\n\n\n<p>\u00a1Tambi\u00e9n tendremos la subasta silenciosa en l\u00ednea, para que las personas puedan ofertar antes y durante el evento! Como siempre, tendremos una variedad de art\u00edculos \u00fanicos y valiosos donados por empresas locales. Las ofertas se realizar\u00e1n a trav\u00e9s de mensajes de texto, al igual que lo hicimos en 2020, para que los asistentes puedan ver el video en su computadora y ofertar en sus tel\u00e9fonos.<\/p>\n\n\n\n<p>El evento Chocolate Lover\u2019s Fantasy es el pre\u00e1mbulo perfecto del D\u00eda de San Valent\u00edn, o una noche de amigas llena de diversi\u00f3n, o simplemente una buena raz\u00f3n para salir a divertirse. Acomp\u00e1\u00f1enos y ay\u00fadenos a lograr nuestra meta de recaudaci\u00f3n para proporcionar apoyo y servicios esenciales a las v\u00edctimas de violencia familiar y a sus hijos.<\/p>\n\n\n\n<p>Para obtener detalles sobre el evento, dir\u00edjase a la p\u00e1gina de eventos de Facebook.<\/p>\n\n\n\n<div class=\"wp-block-image wp-caption aligncenter\"><figure class=\"aligncenter\"><img decoding=\"async\" src=\"https:\/\/alliancechaffee.org\/wp-content\/uploads\/2018\/04\/Chocolate-table-500x667.jpg\" alt=\"\" class=\"wp-image-962\"\/><figcaption>Los eventos pasados \u200b\u200bhan presentado mesas llenas de deliciosas delicias de todo tipo.<\/figcaption><\/figure><\/div>\n\n\n<div class=\"wp-block-image wp-caption aligncenter\">\n<figure ><img decoding=\"async\" src=\"https:\/\/alliancechaffee.org\/wp-content\/uploads\/2018\/04\/Andrea-and-staff-500x375.jpg\" alt=\"\" class=\"wp-image-963\"\/><figcaption><p>Directora y personal de The Alliance 2018.<\/p><\/figcaption><\/figure>\n<\/div>\n\n\n<div class=\"wp-block-buttons is-content-justification-center is-layout-flex wp-block-buttons-is-layout-flex\">\n<div class=\"wp-block-button\"><a class=\"wp-block-button__link has-vivid-purple-background-color has-background\" href=\"https:\/\/www.accelevents.com\/e\/ChocolateLoversFantasy2021#about\" style=\"border-radius:10px\" target=\"_blank\" rel=\"noreferrer noopener\">\u00a1Reg\u00edstrese para la fantas\u00eda del amante del chocolate!<\/a><\/div>\n<\/div>\n","protected":false},"excerpt":{"rendered":"<p>The Alliance patrocina dos eventos anuales de recaudaci\u00f3n de fondos, el evento Monarch Crest Crank y el evento Chocolate Lover\u2019s Fantasy. Ambos son eventos fant\u00e1sticos y divertidos que realmente unen a la comunidad en un d\u00eda o una noche de diversi\u00f3n. El evento Chocolate Lover\u2019s Fantasy\u00a1Una noche de verdadera decadencia! The Alliance se complace en &#8230; <a title=\"Evento de The Alliance \u2013 Chocolate Lover\u2019s Fantasy\" class=\"read-more\" href=\"https:\/\/alliancechaffee.org\/espanol\/chocolate-lovers-fantasy\/\" aria-label=\"More on Evento de The Alliance \u2013 Chocolate Lover\u2019s Fantasy\">Read more<\/a><\/p>\n","protected":false},"author":3,"featured_media":0,"parent":0,"menu_order":0,"comment_status":"closed","ping_status":"closed","template":"","meta":{"jetpack_post_was_ever_published":false,"footnotes":""},"class_list":["post-1232","page","type-page","status-publish"],"yoast_head":"<!-- This site is optimized with the Yoast SEO plugin v27.4 - https:\/\/yoast.com\/product\/yoast-seo-wordpress\/ -->\n<title>The Alliance Espanol - Salida, Buena Vista and Poncha Springs Colorado - Evento de The Alliance \u2013 Chocolate Lover\u2019s Fantasy<\/title>\n<meta name=\"description\" content=\"The Alliance proporciona intervenci\u00f3n en casos de crisis y albergue de emergencia. La l\u00ednea directa The Alliance est\u00e1 disponible las 24 horas, los 7 d\u00edas de la semana, 719-539-7347.\" \/>\n<meta name=\"robots\" content=\"index, follow, max-snippet:-1, max-image-preview:large, max-video-preview:-1\" \/>\n<link rel=\"canonical\" href=\"https:\/\/alliancechaffee.org\/espanol\/chocolate-lovers-fantasy\/\" \/>\n<meta property=\"og:locale\" content=\"en_US\" \/>\n<meta property=\"og:type\" content=\"article\" \/>\n<meta property=\"og:title\" content=\"The Alliance Espanol - Salida, Buena Vista and Poncha Springs Colorado - Evento de The Alliance \u2013 Chocolate Lover\u2019s Fantasy\" \/>\n<meta property=\"og:description\" content=\"The Alliance proporciona intervenci\u00f3n en casos de crisis y albergue de emergencia. La l\u00ednea directa The Alliance est\u00e1 disponible las 24 horas, los 7 d\u00edas de la semana, 719-539-7347.\" \/>\n<meta property=\"og:url\" content=\"https:\/\/alliancechaffee.org\/espanol\/chocolate-lovers-fantasy\/\" \/>\n<meta property=\"og:site_name\" content=\"The Alliance Espanol\" \/>\n<meta property=\"article:modified_time\" content=\"2021-09-09T12:12:13+00:00\" \/>\n<meta property=\"og:image\" content=\"https:\/\/alliancechaffee.org\/wp-content\/uploads\/2013\/08\/dessert-2_SM.jpg\" \/>\n<meta name=\"twitter:card\" content=\"summary_large_image\" \/>\n<meta name=\"twitter:label1\" content=\"Est. reading time\" \/>\n\t<meta name=\"twitter:data1\" content=\"3 minutes\" \/>\n<script type=\"application\/ld+json\" class=\"yoast-schema-graph\">{\"@context\":\"https:\\\/\\\/schema.org\",\"@graph\":[{\"@type\":\"WebPage\",\"@id\":\"https:\\\/\\\/alliancechaffee.org\\\/espanol\\\/chocolate-lovers-fantasy\\\/\",\"url\":\"https:\\\/\\\/alliancechaffee.org\\\/espanol\\\/chocolate-lovers-fantasy\\\/\",\"name\":\"The Alliance Espanol - Salida, Buena Vista and Poncha Springs Colorado - Evento de The Alliance \u2013 Chocolate Lover\u2019s Fantasy\",\"isPartOf\":{\"@id\":\"https:\\\/\\\/alliancechaffee.org\\\/espanol\\\/#website\"},\"primaryImageOfPage\":{\"@id\":\"https:\\\/\\\/alliancechaffee.org\\\/espanol\\\/chocolate-lovers-fantasy\\\/#primaryimage\"},\"image\":{\"@id\":\"https:\\\/\\\/alliancechaffee.org\\\/espanol\\\/chocolate-lovers-fantasy\\\/#primaryimage\"},\"thumbnailUrl\":\"https:\\\/\\\/alliancechaffee.org\\\/wp-content\\\/uploads\\\/2013\\\/08\\\/dessert-2_SM.jpg\",\"datePublished\":\"2021-05-10T19:22:54+00:00\",\"dateModified\":\"2021-09-09T12:12:13+00:00\",\"description\":\"The Alliance proporciona intervenci\u00f3n en casos de crisis y albergue de emergencia. La l\u00ednea directa The Alliance est\u00e1 disponible las 24 horas, los 7 d\u00edas de la semana, 719-539-7347.\",\"breadcrumb\":{\"@id\":\"https:\\\/\\\/alliancechaffee.org\\\/espanol\\\/chocolate-lovers-fantasy\\\/#breadcrumb\"},\"inLanguage\":\"en-US\",\"potentialAction\":[{\"@type\":\"ReadAction\",\"target\":[\"https:\\\/\\\/alliancechaffee.org\\\/espanol\\\/chocolate-lovers-fantasy\\\/\"]}]},{\"@type\":\"ImageObject\",\"inLanguage\":\"en-US\",\"@id\":\"https:\\\/\\\/alliancechaffee.org\\\/espanol\\\/chocolate-lovers-fantasy\\\/#primaryimage\",\"url\":\"https:\\\/\\\/alliancechaffee.org\\\/wp-content\\\/uploads\\\/2013\\\/08\\\/dessert-2_SM.jpg\",\"contentUrl\":\"https:\\\/\\\/alliancechaffee.org\\\/wp-content\\\/uploads\\\/2013\\\/08\\\/dessert-2_SM.jpg\"},{\"@type\":\"BreadcrumbList\",\"@id\":\"https:\\\/\\\/alliancechaffee.org\\\/espanol\\\/chocolate-lovers-fantasy\\\/#breadcrumb\",\"itemListElement\":[{\"@type\":\"ListItem\",\"position\":1,\"name\":\"Home\",\"item\":\"https:\\\/\\\/alliancechaffee.org\\\/espanol\\\/\"},{\"@type\":\"ListItem\",\"position\":2,\"name\":\"Evento de The Alliance \u2013 Chocolate Lover\u2019s Fantasy\"}]},{\"@type\":\"WebSite\",\"@id\":\"https:\\\/\\\/alliancechaffee.org\\\/espanol\\\/#website\",\"url\":\"https:\\\/\\\/alliancechaffee.org\\\/espanol\\\/\",\"name\":\"The Alliance Espanol\",\"description\":\"Salida, Buena Vista and Poncha Springs Colorado\",\"publisher\":{\"@id\":\"https:\\\/\\\/alliancechaffee.org\\\/espanol\\\/#organization\"},\"potentialAction\":[{\"@type\":\"SearchAction\",\"target\":{\"@type\":\"EntryPoint\",\"urlTemplate\":\"https:\\\/\\\/alliancechaffee.org\\\/espanol\\\/?s={search_term_string}\"},\"query-input\":{\"@type\":\"PropertyValueSpecification\",\"valueRequired\":true,\"valueName\":\"search_term_string\"}}],\"inLanguage\":\"en-US\"},{\"@type\":\"Organization\",\"@id\":\"https:\\\/\\\/alliancechaffee.org\\\/espanol\\\/#organization\",\"name\":\"The Alliance Espanol\",\"url\":\"https:\\\/\\\/alliancechaffee.org\\\/espanol\\\/\",\"logo\":{\"@type\":\"ImageObject\",\"inLanguage\":\"en-US\",\"@id\":\"https:\\\/\\\/alliancechaffee.org\\\/espanol\\\/#\\\/schema\\\/logo\\\/image\\\/\",\"url\":\"https:\\\/\\\/alliancechaffee.org\\\/espanol\\\/wp-content\\\/uploads\\\/2021\\\/05\\\/cropped-Alliance-Chaffee-logo-450-1.png\",\"contentUrl\":\"https:\\\/\\\/alliancechaffee.org\\\/espanol\\\/wp-content\\\/uploads\\\/2021\\\/05\\\/cropped-Alliance-Chaffee-logo-450-1.png\",\"width\":450,\"height\":350,\"caption\":\"The Alliance Espanol\"},\"image\":{\"@id\":\"https:\\\/\\\/alliancechaffee.org\\\/espanol\\\/#\\\/schema\\\/logo\\\/image\\\/\"}}]}<\/script>\n<!-- \/ Yoast SEO plugin. -->","yoast_head_json":{"title":"The Alliance Espanol - Salida, Buena Vista and Poncha Springs Colorado - Evento de The Alliance \u2013 Chocolate Lover\u2019s Fantasy","description":"The Alliance proporciona intervenci\u00f3n en casos de crisis y albergue de emergencia. La l\u00ednea directa The Alliance est\u00e1 disponible las 24 horas, los 7 d\u00edas de la semana, 719-539-7347.","robots":{"index":"index","follow":"follow","max-snippet":"max-snippet:-1","max-image-preview":"max-image-preview:large","max-video-preview":"max-video-preview:-1"},"canonical":"https:\/\/alliancechaffee.org\/espanol\/chocolate-lovers-fantasy\/","og_locale":"en_US","og_type":"article","og_title":"The Alliance Espanol - Salida, Buena Vista and Poncha Springs Colorado - Evento de The Alliance \u2013 Chocolate Lover\u2019s Fantasy","og_description":"The Alliance proporciona intervenci\u00f3n en casos de crisis y albergue de emergencia. La l\u00ednea directa The Alliance est\u00e1 disponible las 24 horas, los 7 d\u00edas de la semana, 719-539-7347.","og_url":"https:\/\/alliancechaffee.org\/espanol\/chocolate-lovers-fantasy\/","og_site_name":"The Alliance Espanol","article_modified_time":"2021-09-09T12:12:13+00:00","og_image":[{"url":"https:\/\/alliancechaffee.org\/wp-content\/uploads\/2013\/08\/dessert-2_SM.jpg","type":"","width":"","height":""}],"twitter_card":"summary_large_image","twitter_misc":{"Est. reading time":"3 minutes"},"schema":{"@context":"https:\/\/schema.org","@graph":[{"@type":"WebPage","@id":"https:\/\/alliancechaffee.org\/espanol\/chocolate-lovers-fantasy\/","url":"https:\/\/alliancechaffee.org\/espanol\/chocolate-lovers-fantasy\/","name":"The Alliance Espanol - Salida, Buena Vista and Poncha Springs Colorado - Evento de The Alliance \u2013 Chocolate Lover\u2019s Fantasy","isPartOf":{"@id":"https:\/\/alliancechaffee.org\/espanol\/#website"},"primaryImageOfPage":{"@id":"https:\/\/alliancechaffee.org\/espanol\/chocolate-lovers-fantasy\/#primaryimage"},"image":{"@id":"https:\/\/alliancechaffee.org\/espanol\/chocolate-lovers-fantasy\/#primaryimage"},"thumbnailUrl":"https:\/\/alliancechaffee.org\/wp-content\/uploads\/2013\/08\/dessert-2_SM.jpg","datePublished":"2021-05-10T19:22:54+00:00","dateModified":"2021-09-09T12:12:13+00:00","description":"The Alliance proporciona intervenci\u00f3n en casos de crisis y albergue de emergencia. La l\u00ednea directa The Alliance est\u00e1 disponible las 24 horas, los 7 d\u00edas de la semana, 719-539-7347.","breadcrumb":{"@id":"https:\/\/alliancechaffee.org\/espanol\/chocolate-lovers-fantasy\/#breadcrumb"},"inLanguage":"en-US","potentialAction":[{"@type":"ReadAction","target":["https:\/\/alliancechaffee.org\/espanol\/chocolate-lovers-fantasy\/"]}]},{"@type":"ImageObject","inLanguage":"en-US","@id":"https:\/\/alliancechaffee.org\/espanol\/chocolate-lovers-fantasy\/#primaryimage","url":"https:\/\/alliancechaffee.org\/wp-content\/uploads\/2013\/08\/dessert-2_SM.jpg","contentUrl":"https:\/\/alliancechaffee.org\/wp-content\/uploads\/2013\/08\/dessert-2_SM.jpg"},{"@type":"BreadcrumbList","@id":"https:\/\/alliancechaffee.org\/espanol\/chocolate-lovers-fantasy\/#breadcrumb","itemListElement":[{"@type":"ListItem","position":1,"name":"Home","item":"https:\/\/alliancechaffee.org\/espanol\/"},{"@type":"ListItem","position":2,"name":"Evento de The Alliance \u2013 Chocolate Lover\u2019s Fantasy"}]},{"@type":"WebSite","@id":"https:\/\/alliancechaffee.org\/espanol\/#website","url":"https:\/\/alliancechaffee.org\/espanol\/","name":"The Alliance Espanol","description":"Salida, Buena Vista and Poncha Springs Colorado","publisher":{"@id":"https:\/\/alliancechaffee.org\/espanol\/#organization"},"potentialAction":[{"@type":"SearchAction","target":{"@type":"EntryPoint","urlTemplate":"https:\/\/alliancechaffee.org\/espanol\/?s={search_term_string}"},"query-input":{"@type":"PropertyValueSpecification","valueRequired":true,"valueName":"search_term_string"}}],"inLanguage":"en-US"},{"@type":"Organization","@id":"https:\/\/alliancechaffee.org\/espanol\/#organization","name":"The Alliance Espanol","url":"https:\/\/alliancechaffee.org\/espanol\/","logo":{"@type":"ImageObject","inLanguage":"en-US","@id":"https:\/\/alliancechaffee.org\/espanol\/#\/schema\/logo\/image\/","url":"https:\/\/alliancechaffee.org\/espanol\/wp-content\/uploads\/2021\/05\/cropped-Alliance-Chaffee-logo-450-1.png","contentUrl":"https:\/\/alliancechaffee.org\/espanol\/wp-content\/uploads\/2021\/05\/cropped-Alliance-Chaffee-logo-450-1.png","width":450,"height":350,"caption":"The Alliance Espanol"},"image":{"@id":"https:\/\/alliancechaffee.org\/espanol\/#\/schema\/logo\/image\/"}}]}},"featured_image_src_large":false,"author_info":{"display_name":"Andrea Schulz-Ward","author_link":"https:\/\/alliancechaffee.org\/espanol\/author\/director\/"},"comment_info":0,"taxonomy_info":[],"jetpack_sharing_enabled":true,"jetpack_shortlink":"https:\/\/wp.me\/P9Lsok-jS","_links":{"self":[{"href":"https:\/\/alliancechaffee.org\/espanol\/wp-json\/wp\/v2\/pages\/1232","targetHints":{"allow":["GET"]}}],"collection":[{"href":"https:\/\/alliancechaffee.org\/espanol\/wp-json\/wp\/v2\/pages"}],"about":[{"href":"https:\/\/alliancechaffee.org\/espanol\/wp-json\/wp\/v2\/types\/page"}],"author":[{"embeddable":true,"href":"https:\/\/alliancechaffee.org\/espanol\/wp-json\/wp\/v2\/users\/3"}],"replies":[{"embeddable":true,"href":"https:\/\/alliancechaffee.org\/espanol\/wp-json\/wp\/v2\/comments?post=1232"}],"version-history":[{"count":2,"href":"https:\/\/alliancechaffee.org\/espanol\/wp-json\/wp\/v2\/pages\/1232\/revisions"}],"predecessor-version":[{"id":1235,"href":"https:\/\/alliancechaffee.org\/espanol\/wp-json\/wp\/v2\/pages\/1232\/revisions\/1235"}],"wp:attachment":[{"href":"https:\/\/alliancechaffee.org\/espanol\/wp-json\/wp\/v2\/media?parent=1232"}],"curies":[{"name":"wp","href":"https:\/\/api.w.org\/{rel}","templated":true}]}}